{"id":5375218,"date":"2026-02-26T00:36:06","date_gmt":"2026-02-25T22:36:06","guid":{"rendered":""},"modified":"2026-05-05T06:14:15","modified_gmt":"2026-05-05T04:14:15","slug":"cappello-da-baseball-cotton-sports-summertiempo-623358","status":"publish","type":"product","link":"https:\/\/gadgettravellers.eu\/it\/shop\/cappello-da-baseball-cotton-sports-summertiempo-623358\/","title":{"rendered":"Cappello da Baseball Cotton Sports SummerTiempo 623358"},"content":{"rendered":"<p>Cappello da baseball in cotone, progettato per l&#8217;uso quotidiano e sportivo durante il periodo estivo. Offre comfort e una sensazione traspirante grazie al tessuto di cotone, fornendo protezione dal sole in outfit casual e sportivi. Adatto per attivit\u00e0 all&#8217;aperto leggere e uso quotidiano.<\/p>\n<div class='aiseo-faq-section' style='margin-top:30px; border-top:1px solid #eee; padding-top:20px;'>\n<h3>Domande Frequenti<\/h3>\n<details style='margin-bottom:10px; padding:10px; background:#f9f9f9; border-radius:5px;'>\n<summary style='font-weight:bold; cursor:pointer;'>Di che materiale \u00e8 fatto?<\/summary>\n<div style='margin-top:10px; color:#555;'>Il cappello \u00e8 di cotone (cotton), come indicato nella descrizione.<\/div>\n<\/details>\n<details style='margin-bottom:10px; padding:10px; background:#f9f9f9; border-radius:5px;'>\n<summary style='font-weight:bold; cursor:pointer;'>Che tipo di cappello \u00e8?<\/summary>\n<div style='margin-top:10px; color:#555;'>Si tratta di un cappello tipo jockey (jockey cap).<\/div>\n<\/details>\n<details style='margin-bottom:10px; padding:10px; background:#f9f9f9; border-radius:5px;'>\n<summary style='font-weight:bold; cursor:pointer;'>\u00c8 adatto per uso sportivo?<\/summary>\n<div style='margin-top:10px; color:#555;'>S\u00ec, nel nome \u00e8 inclusa la parola Sports, indicando l&#8217;idoneit\u00e0 per attivit\u00e0 sportive e casual.<\/div>\n<\/details>\n<details style='margin-bottom:10px; padding:10px; background:#f9f9f9; border-radius:5px;'>\n<summary style='font-weight:bold; cursor:pointer;'>Pu\u00f2 essere indossato in estate?<\/summary>\n<div style='margin-top:10px; color:#555;'>S\u00ec, il nome SummerTiempo e il tessuto di cotone lo rendono adatto all&#8217;uso estivo.<\/div>\n<\/details>\n<\/div>\n","protected":false},"excerpt":{"rendered":"<p>Cappello da baseball in cotone Sports SummerTiempo, ideale per uso estivo e sportivo. Leggero e comodo per uno stile quotidiano.<\/p>\n","protected":false},"featured_media":5374433,"comment_status":"closed","ping_status":"open","template":"","meta":[],"product_brand":[],"product_cat":[197181,248150,248302,248303,248117,247995],"product_tag":[],"class_list":{"0":"post-5375218","1":"product","2":"type-product","3":"status-publish","4":"has-post-thumbnail","6":"product_cat-cappelli","7":"product_cat-cappelli-da-jockey","8":"product_cat-cappelli-di-cotone","9":"product_cat-cappelli-sportivi","10":"product_cat-donna-uomo","11":"product_cat-estivi","13":"first","14":"onbackorder","15":"purchasable","16":"product-type-simple"},"jetpack_sharing_enabled":true,"_links":{"self":[{"href":"https:\/\/gadgettravellers.eu\/it\/wp-json\/wp\/v2\/product\/5375218","targetHints":{"allow":["GET"]}}],"collection":[{"href":"https:\/\/gadgettravellers.eu\/it\/wp-json\/wp\/v2\/product"}],"about":[{"href":"https:\/\/gadgettravellers.eu\/it\/wp-json\/wp\/v2\/types\/product"}],"replies":[{"embeddable":true,"href":"https:\/\/gadgettravellers.eu\/it\/wp-json\/wp\/v2\/comments?post=5375218"}],"wp:featuredmedia":[{"embeddable":true,"href":"https:\/\/gadgettravellers.eu\/it\/wp-json\/wp\/v2\/media\/5374433"}],"wp:attachment":[{"href":"https:\/\/gadgettravellers.eu\/it\/wp-json\/wp\/v2\/media?parent=5375218"}],"wp:term":[{"taxonomy":"product_brand","embeddable":true,"href":"https:\/\/gadgettravellers.eu\/it\/wp-json\/wp\/v2\/product_brand?post=5375218"},{"taxonomy":"product_cat","embeddable":true,"href":"https:\/\/gadgettravellers.eu\/it\/wp-json\/wp\/v2\/product_cat?post=5375218"},{"taxonomy":"product_tag","embeddable":true,"href":"https:\/\/gadgettravellers.eu\/it\/wp-json\/wp\/v2\/product_tag?post=5375218"}],"curies":[{"name":"wp","href":"https:\/\/api.w.org\/{rel}","templated":true}]}}