{"id":5375567,"date":"2026-02-26T00:38:30","date_gmt":"2026-02-25T22:38:30","guid":{"rendered":""},"modified":"2026-04-14T03:10:31","modified_gmt":"2026-04-14T01:10:31","slug":"candela-piatta-monocolore-35x3cm-bunnys-931644","status":"publish","type":"product","link":"https:\/\/gadgettravellers.eu\/it\/shop\/candela-piatta-monocolore-35x3cm-bunnys-931644\/","title":{"rendered":"Candela piatta monocolore 35x3cm Bunny&#8217;s 931644"},"content":{"rendered":"<p>(per colore) , piatto 35x3cm<\/p>\n<div class='aiseo-faq-section' style='margin-top:30px; border-top:1px solid #eee; padding-top:20px;'>\n<h3>Domande Frequenti<\/h3>\n<details style='margin-bottom:10px; padding:10px; background:#f9f9f9; border-radius:5px;'>\n<summary style='font-weight:bold; cursor:pointer;'>Quali sono le dimensioni della candela?<\/summary>\n<div style='margin-top:10px; color:#555;'>La candela ha dimensioni 35&#215;3 cm.<\/div>\n<\/details>\n<details style='margin-bottom:10px; padding:10px; background:#f9f9f9; border-radius:5px;'>\n<summary style='font-weight:bold; cursor:pointer;'>La candela \u00e8 piatta?<\/summary>\n<div style='margin-top:10px; color:#555;'>S\u00ec, si tratta di una candela piatta con dimensioni 35&#215;3 cm.<\/div>\n<\/details>\n<details style='margin-bottom:10px; padding:10px; background:#f9f9f9; border-radius:5px;'>\n<summary style='font-weight:bold; cursor:pointer;'>Disponibile in diversi colori?<\/summary>\n<div style='margin-top:10px; color:#555;'>S\u00ec, il prodotto \u00e8 offerto per colore (opzioni disponibili a seconda della disponibilit\u00e0).<\/div>\n<\/details>\n<\/div>\n","protected":false},"excerpt":{"rendered":"<p>Candela piatta monocolore di dimensioni 35&#215;3 cm, disponibile in vari colori. Adatta per decorazioni e uso ornamentale.<\/p>\n","protected":false},"featured_media":20292,"comment_status":"closed","ping_status":"open","template":"","meta":[],"product_brand":[],"product_cat":[248798,248634,248759,248635,248001],"product_tag":[247632],"class_list":{"0":"post-5375567","1":"product","2":"type-product","3":"status-publish","4":"has-post-thumbnail","6":"product_cat-candele-monocolore","7":"product_cat-candele-pasquali","8":"product_cat-candele-piatte","9":"product_cat-candele-semplici-candele-candelabri","10":"product_cat-pasquali","11":"product_tag-35x3cm","13":"first","14":"onbackorder","15":"purchasable","16":"product-type-simple"},"jetpack_sharing_enabled":true,"_links":{"self":[{"href":"https:\/\/gadgettravellers.eu\/it\/wp-json\/wp\/v2\/product\/5375567","targetHints":{"allow":["GET"]}}],"collection":[{"href":"https:\/\/gadgettravellers.eu\/it\/wp-json\/wp\/v2\/product"}],"about":[{"href":"https:\/\/gadgettravellers.eu\/it\/wp-json\/wp\/v2\/types\/product"}],"replies":[{"embeddable":true,"href":"https:\/\/gadgettravellers.eu\/it\/wp-json\/wp\/v2\/comments?post=5375567"}],"wp:featuredmedia":[{"embeddable":true,"href":"https:\/\/gadgettravellers.eu\/it\/wp-json\/wp\/v2\/media\/20292"}],"wp:attachment":[{"href":"https:\/\/gadgettravellers.eu\/it\/wp-json\/wp\/v2\/media?parent=5375567"}],"wp:term":[{"taxonomy":"product_brand","embeddable":true,"href":"https:\/\/gadgettravellers.eu\/it\/wp-json\/wp\/v2\/product_brand?post=5375567"},{"taxonomy":"product_cat","embeddable":true,"href":"https:\/\/gadgettravellers.eu\/it\/wp-json\/wp\/v2\/product_cat?post=5375567"},{"taxonomy":"product_tag","embeddable":true,"href":"https:\/\/gadgettravellers.eu\/it\/wp-json\/wp\/v2\/product_tag?post=5375567"}],"curies":[{"name":"wp","href":"https:\/\/api.w.org\/{rel}","templated":true}]}}