{"id":5375592,"date":"2026-02-26T00:38:47","date_gmt":"2026-02-25T22:38:47","guid":{"rendered":""},"modified":"2026-05-05T06:15:30","modified_gmt":"2026-05-05T04:15:30","slug":"candela-cero-3d-tablet-245x175x1cm-bunnys-931838","status":"publish","type":"product","link":"https:\/\/gadgettravellers.eu\/it\/shop\/candela-cero-3d-tablet-245x175x1cm-bunnys-931838\/","title":{"rendered":"Candela Cero 3d Tablet 24,5&#215;17,5x1cm Bunny&#8217;s 931838"},"content":{"rendered":"<p>Tablet 24,5&#215;17,5x1cm<\/p>\n<div class='aiseo-faq-section' style='margin-top:30px; border-top:1px solid #eee; padding-top:20px;'>\n<h3>Domande Frequenti<\/h3>\n<details style='margin-bottom:10px; padding:10px; background:#f9f9f9; border-radius:5px;'>\n<summary style='font-weight:bold; cursor:pointer;'>Quali sono le dimensioni del prodotto?<\/summary>\n<div style='margin-top:10px; color:#555;'>24,5&#215;17,5&#215;1 cm.<\/div>\n<\/details>\n<details style='margin-bottom:10px; padding:10px; background:#f9f9f9; border-radius:5px;'>\n<summary style='font-weight:bold; cursor:pointer;'>Che forma ha la cera?<\/summary>\n<div style='margin-top:10px; color:#555;'>Tablet 3D a forma di candela con motivo decorativo coniglietto.<\/div>\n<\/details>\n<details style='margin-bottom:10px; padding:10px; background:#f9f9f9; border-radius:5px;'>\n<summary style='font-weight:bold; cursor:pointer;'>Pu\u00f2 essere usato come candela pasquale?<\/summary>\n<div style='margin-top:10px; color:#555;'>S\u00ec, \u00e8 destinata a essere una candela pasquale e pu\u00f2 essere utilizzata nelle cerimonie pasquali o come decorazione.<\/div>\n<\/details>\n<details style='margin-bottom:10px; padding:10px; background:#f9f9f9; border-radius:5px;'>\n<summary style='font-weight:bold; cursor:pointer;'>\u00c8 adatto per la decorazione?<\/summary>\n<div style='margin-top:10px; color:#555;'>S\u00ec, la forma e il design a livello di tablet lo rendono adatto all&#8217;uso decorativo.<\/div>\n<\/details>\n<\/div>\n","protected":false},"excerpt":{"rendered":"<p>Candela-cero 3D a forma di tablet, dimensioni 24,5&#215;17,5&#215;1 cm, con motivo decorativo coniglietto. Adatto come cero pasquale o come elemento decorativo.<\/p>\n","protected":false},"featured_media":20506,"comment_status":"closed","ping_status":"open","template":"","meta":[],"product_brand":[],"product_cat":[205054,248820,248634,248635,248001],"product_tag":[247690,172396,67761],"class_list":{"0":"post-5375592","1":"product","2":"type-product","3":"status-publish","4":"has-post-thumbnail","6":"product_cat-candele-decorative","7":"product_cat-candele-festive","8":"product_cat-candele-pasquali","9":"product_cat-candele-semplici-candele-candelabri","10":"product_cat-pasquali","11":"product_tag-24-5x17-5x1-cm","12":"product_tag-3d","13":"product_tag-tablet","15":"first","16":"onbackorder","17":"purchasable","18":"product-type-simple"},"jetpack_sharing_enabled":true,"_links":{"self":[{"href":"https:\/\/gadgettravellers.eu\/it\/wp-json\/wp\/v2\/product\/5375592","targetHints":{"allow":["GET"]}}],"collection":[{"href":"https:\/\/gadgettravellers.eu\/it\/wp-json\/wp\/v2\/product"}],"about":[{"href":"https:\/\/gadgettravellers.eu\/it\/wp-json\/wp\/v2\/types\/product"}],"replies":[{"embeddable":true,"href":"https:\/\/gadgettravellers.eu\/it\/wp-json\/wp\/v2\/comments?post=5375592"}],"wp:featuredmedia":[{"embeddable":true,"href":"https:\/\/gadgettravellers.eu\/it\/wp-json\/wp\/v2\/media\/20506"}],"wp:attachment":[{"href":"https:\/\/gadgettravellers.eu\/it\/wp-json\/wp\/v2\/media?parent=5375592"}],"wp:term":[{"taxonomy":"product_brand","embeddable":true,"href":"https:\/\/gadgettravellers.eu\/it\/wp-json\/wp\/v2\/product_brand?post=5375592"},{"taxonomy":"product_cat","embeddable":true,"href":"https:\/\/gadgettravellers.eu\/it\/wp-json\/wp\/v2\/product_cat?post=5375592"},{"taxonomy":"product_tag","embeddable":true,"href":"https:\/\/gadgettravellers.eu\/it\/wp-json\/wp\/v2\/product_tag?post=5375592"}],"curies":[{"name":"wp","href":"https:\/\/api.w.org\/{rel}","templated":true}]}}