{"id":5375877,"date":"2026-02-26T00:41:55","date_gmt":"2026-02-25T22:41:55","guid":{"rendered":""},"modified":"2026-04-14T03:11:57","modified_gmt":"2026-04-14T01:11:57","slug":"lanterna-di-carta-multicolore-con-candela-25-x-o16cm-bunnys-93240","status":"publish","type":"product","link":"https:\/\/gadgettravellers.eu\/it\/shop\/lanterna-di-carta-multicolore-con-candela-25-x-o16cm-bunnys-93240\/","title":{"rendered":"Lanterna di Carta Multicolore con Candela 25 x \u00f816cm Bunny&#8217;s 93240"},"content":{"rendered":"<p>Con lumini 25 x \u00f816cm<\/p>\n<div class='aiseo-faq-section' style='margin-top:30px; border-top:1px solid #eee; padding-top:20px;'>\n<h3>Domande Frequenti<\/h3>\n<details style='margin-bottom:10px; padding:10px; background:#f9f9f9; border-radius:5px;'>\n<summary style='font-weight:bold; cursor:pointer;'>Quali sono le dimensioni della lanterna?<\/summary>\n<div style='margin-top:10px; color:#555;'>25 x \u00f816 cm.<\/div>\n<\/details>\n<details style='margin-bottom:10px; padding:10px; background:#f9f9f9; border-radius:5px;'>\n<summary style='font-weight:bold; cursor:pointer;'>Include il lumino?<\/summary>\n<div style='margin-top:10px; color:#555;'>S\u00ec, il prodotto \u00e8 fornito con un portacandela (25 x \u00f816 cm).<\/div>\n<\/details>\n<details style='margin-bottom:10px; padding:10px; background:#f9f9f9; border-radius:5px;'>\n<summary style='font-weight:bold; cursor:pointer;'>Di che materiale \u00e8 fatto?<\/summary>\n<div style='margin-top:10px; color:#555;'>\u00c8 fatto di carta.<\/div>\n<\/details>\n<details style='margin-bottom:10px; padding:10px; background:#f9f9f9; border-radius:5px;'>\n<summary style='font-weight:bold; cursor:pointer;'>\u00c8 adatto per la decorazione di feste?<\/summary>\n<div style='margin-top:10px; color:#555;'>S\u00ec, \u00e8 colorato e adatto per la decorazione di feste e interni.<\/div>\n<\/details>\n<details style='margin-bottom:10px; padding:10px; background:#f9f9f9; border-radius:5px;'>\n<summary style='font-weight:bold; cursor:pointer;'>Qual \u00e8 il codice prodotto?<\/summary>\n<div style='margin-top:10px; color:#555;'>Bunny&#8217;s 93240.<\/div>\n<\/details>\n<\/div>\n","protected":false},"excerpt":{"rendered":"<p>Lanterna di carta multicolore 25 x \u00f816 cm, accompagnata da un lumino, ideale per decorazioni di feste e ambienti interni.<\/p>\n","protected":false},"featured_media":21544,"comment_status":"closed","ping_status":"open","template":"","meta":[],"product_brand":[],"product_cat":[204686,249163,248621,248622,248001],"product_tag":[68917],"class_list":{"0":"post-5375877","1":"product","2":"type-product","3":"status-publish","4":"has-post-thumbnail","6":"product_cat-decorazioni-per-feste","7":"product_cat-lampade-con-portalampada","8":"product_cat-lanterne-di-carta","9":"product_cat-lanternini","10":"product_cat-pasquali","11":"product_tag-25x16cm","13":"first","14":"onbackorder","15":"purchasable","16":"product-type-simple"},"jetpack_sharing_enabled":true,"_links":{"self":[{"href":"https:\/\/gadgettravellers.eu\/it\/wp-json\/wp\/v2\/product\/5375877","targetHints":{"allow":["GET"]}}],"collection":[{"href":"https:\/\/gadgettravellers.eu\/it\/wp-json\/wp\/v2\/product"}],"about":[{"href":"https:\/\/gadgettravellers.eu\/it\/wp-json\/wp\/v2\/types\/product"}],"replies":[{"embeddable":true,"href":"https:\/\/gadgettravellers.eu\/it\/wp-json\/wp\/v2\/comments?post=5375877"}],"wp:featuredmedia":[{"embeddable":true,"href":"https:\/\/gadgettravellers.eu\/it\/wp-json\/wp\/v2\/media\/21544"}],"wp:attachment":[{"href":"https:\/\/gadgettravellers.eu\/it\/wp-json\/wp\/v2\/media?parent=5375877"}],"wp:term":[{"taxonomy":"product_brand","embeddable":true,"href":"https:\/\/gadgettravellers.eu\/it\/wp-json\/wp\/v2\/product_brand?post=5375877"},{"taxonomy":"product_cat","embeddable":true,"href":"https:\/\/gadgettravellers.eu\/it\/wp-json\/wp\/v2\/product_cat?post=5375877"},{"taxonomy":"product_tag","embeddable":true,"href":"https:\/\/gadgettravellers.eu\/it\/wp-json\/wp\/v2\/product_tag?post=5375877"}],"curies":[{"name":"wp","href":"https:\/\/api.w.org\/{rel}","templated":true}]}}