{"id":5376066,"date":"2026-02-26T00:43:18","date_gmt":"2026-02-25T22:43:18","guid":{"rendered":""},"modified":"2026-04-14T03:12:36","modified_gmt":"2026-04-14T01:12:36","slug":"cesto-in-bambu-52x39x15cm-bunnys-932342","status":"publish","type":"product","link":"https:\/\/gadgettravellers.eu\/it\/shop\/cesto-in-bambu-52x39x15cm-bunnys-932342\/","title":{"rendered":"Cesto in bamb\u00f9 52x39x15cm Bunny&#8217;s 932342"},"content":{"rendered":"<p>Cesto in bamb\u00f9 52\u00d739\u00d715 cm, progettato per una conservazione pratica ed elegante in casa. Il materiale naturale e le dimensioni lo rendono adatto per scaffali, armadi e superfici dove \u00e8 necessaria l&#8217;organizzazione di piccoli oggetti, tessuti o giocattoli. Ideale per l&#8217;uso in soggiorno, camera da letto o spazio di lavoro, offre funzionalit\u00e0 ed estetica decorativa.<\/p>\n<div class='aiseo-faq-section' style='margin-top:30px; border-top:1px solid #eee; padding-top:20px;'>\n<h3>Domande Frequenti<\/h3>\n<details style='margin-bottom:10px; padding:10px; background:#f9f9f9; border-radius:5px;'>\n<summary style='font-weight:bold; cursor:pointer;'>Quali sono le dimensioni del prodotto?<\/summary>\n<div style='margin-top:10px; color:#555;'>52x39x15 cm.<\/div>\n<\/details>\n<details style='margin-bottom:10px; padding:10px; background:#f9f9f9; border-radius:5px;'>\n<summary style='font-weight:bold; cursor:pointer;'>Di che materiale \u00e8 fatto?<\/summary>\n<div style='margin-top:10px; color:#555;'>Cesto in bamb\u00f9 (bamboo).<\/div>\n<\/details>\n<details style='margin-bottom:10px; padding:10px; background:#f9f9f9; border-radius:5px;'>\n<summary style='font-weight:bold; cursor:pointer;'>Qual \u00e8 l&#8217;uso consigliato?<\/summary>\n<div style='margin-top:10px; color:#555;'>Conservazione e organizzazione su scaffali, armadi o superfici in casa.<\/div>\n<\/details>\n<details style='margin-bottom:10px; padding:10px; background:#f9f9f9; border-radius:5px;'>\n<summary style='font-weight:bold; cursor:pointer;'>Qual \u00e8 il codice prodotto?<\/summary>\n<div style='margin-top:10px; color:#555;'>932342.<\/div>\n<\/details>\n<\/div>\n","protected":false},"excerpt":{"rendered":"<p>Cesto in bamb\u00f9 52x39x15cm per conservazione e organizzazione in casa. Adatto per scaffali, armadi e superfici.<\/p>\n","protected":false},"featured_media":5375204,"comment_status":"closed","ping_status":"open","template":"","meta":[],"product_brand":[],"product_cat":[205541,248658,248660,198404,248001],"product_tag":[248291,248292],"class_list":{"0":"post-5376066","1":"product","2":"type-product","3":"status-publish","4":"has-post-thumbnail","6":"product_cat-cesti-di-bambu","7":"product_cat-cesti-di-stoccaggio","8":"product_cat-cestini","9":"product_cat-organizzazione-della-casa","10":"product_cat-pasquali","11":"product_tag-52x39x15cm","12":"product_tag-248292","14":"first","15":"onbackorder","16":"purchasable","17":"product-type-simple"},"jetpack_sharing_enabled":true,"_links":{"self":[{"href":"https:\/\/gadgettravellers.eu\/it\/wp-json\/wp\/v2\/product\/5376066","targetHints":{"allow":["GET"]}}],"collection":[{"href":"https:\/\/gadgettravellers.eu\/it\/wp-json\/wp\/v2\/product"}],"about":[{"href":"https:\/\/gadgettravellers.eu\/it\/wp-json\/wp\/v2\/types\/product"}],"replies":[{"embeddable":true,"href":"https:\/\/gadgettravellers.eu\/it\/wp-json\/wp\/v2\/comments?post=5376066"}],"wp:featuredmedia":[{"embeddable":true,"href":"https:\/\/gadgettravellers.eu\/it\/wp-json\/wp\/v2\/media\/5375204"}],"wp:attachment":[{"href":"https:\/\/gadgettravellers.eu\/it\/wp-json\/wp\/v2\/media?parent=5376066"}],"wp:term":[{"taxonomy":"product_brand","embeddable":true,"href":"https:\/\/gadgettravellers.eu\/it\/wp-json\/wp\/v2\/product_brand?post=5376066"},{"taxonomy":"product_cat","embeddable":true,"href":"https:\/\/gadgettravellers.eu\/it\/wp-json\/wp\/v2\/product_cat?post=5376066"},{"taxonomy":"product_tag","embeddable":true,"href":"https:\/\/gadgettravellers.eu\/it\/wp-json\/wp\/v2\/product_tag?post=5376066"}],"curies":[{"name":"wp","href":"https:\/\/api.w.org\/{rel}","templated":true}]}}