{"id":5376153,"date":"2026-02-26T00:43:52","date_gmt":"2026-02-25T22:43:52","guid":{"rendered":""},"modified":"2026-04-13T03:23:02","modified_gmt":"2026-04-13T01:23:02","slug":"secchio-con-70-mattoncini-o235x24cm-toymarkt-95462","status":"publish","type":"product","link":"https:\/\/gadgettravellers.eu\/it\/shop\/secchio-con-70-mattoncini-o235x24cm-toymarkt-95462\/","title":{"rendered":"Secchio con 70 Mattoncini \u00f823,5x24cm ToyMarkt 95462"},"content":{"rendered":"<p>Con 70 mattoncini \u00f823,5x24cm<\/p>\n<div class='aiseo-faq-section' style='margin-top:30px; border-top:1px solid #eee; padding-top:20px;'>\n<h3>Domande Frequenti<\/h3>\n<details style='margin-bottom:10px; padding:10px; background:#f9f9f9; border-radius:5px;'>\n<summary style='font-weight:bold; cursor:pointer;'>Quanti mattoncini contiene il set?<\/summary>\n<div style='margin-top:10px; color:#555;'>Il set contiene 70 mattoncini.<\/div>\n<\/details>\n<details style='margin-bottom:10px; padding:10px; background:#f9f9f9; border-radius:5px;'>\n<summary style='font-weight:bold; cursor:pointer;'>Quali sono le dimensioni del secchio\/mattoni?<\/summary>\n<div style='margin-top:10px; color:#555;'>La dimensione indicata \u00e8 \u00f823,5 x 24 cm.<\/div>\n<\/details>\n<details style='margin-bottom:10px; padding:10px; background:#f9f9f9; border-radius:5px;'>\n<summary style='font-weight:bold; cursor:pointer;'>\u00c8 incluso un secchio per la conservazione?<\/summary>\n<div style='margin-top:10px; color:#555;'>S\u00ec, si tratta di un secchio che include i 70 mattoncini.<\/div>\n<\/details>\n<details style='margin-bottom:10px; padding:10px; background:#f9f9f9; border-radius:5px;'>\n<summary style='font-weight:bold; cursor:pointer;'>Qual \u00e8 il codice prodotto?<\/summary>\n<div style='margin-top:10px; color:#555;'>Il codice\/modello indicato \u00e8 ToyMarkt 95462.<\/div>\n<\/details>\n<\/div>\n","protected":false},"excerpt":{"rendered":"<p>Secchio con 70 mattoncini per costruzione libera e conservazione, diametro \u00f823,5 x altezza 24 cm. Ideale per lo sviluppo della creativit\u00e0 e delle abilit\u00e0 motorie fini.<\/p>\n","protected":false},"featured_media":5375304,"comment_status":"closed","ping_status":"open","template":"","meta":[],"product_brand":[],"product_cat":[196284,199297,205560,206377,197899],"product_tag":[248426,207159,207174],"class_list":{"0":"post-5376153","1":"product","2":"type-product","3":"status-publish","4":"has-post-thumbnail","6":"product_cat-giochi","7":"product_cat-giochi-di-abilita","8":"product_cat-mattoncini","9":"product_cat-mattoncini-per-bambini","10":"product_cat-set-di-costruzioni","11":"product_tag-23-5","12":"product_tag-207159","13":"product_tag-207174","15":"first","16":"onbackorder","17":"purchasable","18":"product-type-simple"},"jetpack_sharing_enabled":true,"_links":{"self":[{"href":"https:\/\/gadgettravellers.eu\/it\/wp-json\/wp\/v2\/product\/5376153","targetHints":{"allow":["GET"]}}],"collection":[{"href":"https:\/\/gadgettravellers.eu\/it\/wp-json\/wp\/v2\/product"}],"about":[{"href":"https:\/\/gadgettravellers.eu\/it\/wp-json\/wp\/v2\/types\/product"}],"replies":[{"embeddable":true,"href":"https:\/\/gadgettravellers.eu\/it\/wp-json\/wp\/v2\/comments?post=5376153"}],"wp:featuredmedia":[{"embeddable":true,"href":"https:\/\/gadgettravellers.eu\/it\/wp-json\/wp\/v2\/media\/5375304"}],"wp:attachment":[{"href":"https:\/\/gadgettravellers.eu\/it\/wp-json\/wp\/v2\/media?parent=5376153"}],"wp:term":[{"taxonomy":"product_brand","embeddable":true,"href":"https:\/\/gadgettravellers.eu\/it\/wp-json\/wp\/v2\/product_brand?post=5376153"},{"taxonomy":"product_cat","embeddable":true,"href":"https:\/\/gadgettravellers.eu\/it\/wp-json\/wp\/v2\/product_cat?post=5376153"},{"taxonomy":"product_tag","embeddable":true,"href":"https:\/\/gadgettravellers.eu\/it\/wp-json\/wp\/v2\/product_tag?post=5376153"}],"curies":[{"name":"wp","href":"https:\/\/api.w.org\/{rel}","templated":true}]}}