{"id":5376242,"date":"2026-02-26T00:44:31","date_gmt":"2026-02-25T22:44:31","guid":{"rendered":""},"modified":"2026-04-14T03:13:11","modified_gmt":"2026-04-14T01:13:11","slug":"antiscivolo-per-vasca-da-bagno-homie-1011192","status":"publish","type":"product","link":"https:\/\/gadgettravellers.eu\/it\/shop\/antiscivolo-per-vasca-da-bagno-homie-1011192\/","title":{"rendered":"Antiscivolo per Vasca da Bagno Homie 1011192"},"content":{"rendered":"<p>Tappetino Antiscivolo per Vasca Homie 1011192 \u2014 tappetino antiscivolo progettato per migliorare la sicurezza nella vasca da bagno. Offre una migliore aderenza sulla superficie della vasca e riduce il rischio di scivolamento durante il bagno o la doccia. Ideale per uso domestico su vari tipi di vasche, garantisce un&#8217;installazione semplice e una protezione efficace per tutti i membri della famiglia.<\/p>\n<div class='aiseo-faq-section' style='margin-top:30px; border-top:1px solid #eee; padding-top:20px;'>\n<h3>Domande Frequenti<\/h3>\n<details style='margin-bottom:10px; padding:10px; background:#f9f9f9; border-radius:5px;'>\n<summary style='font-weight:bold; cursor:pointer;'>Cos&#8217;\u00e8 il prodotto?<\/summary>\n<div style='margin-top:10px; color:#555;'>\u00c8 un tappetino antiscivolo per l&#8217;uso nella vasca da bagno (Homie 1011192).<\/div>\n<\/details>\n<details style='margin-bottom:10px; padding:10px; background:#f9f9f9; border-radius:5px;'>\n<summary style='font-weight:bold; cursor:pointer;'>Dove si posiziona?<\/summary>\n<div style='margin-top:10px; color:#555;'>Si posiziona sulla superficie della vasca da bagno per migliorare l&#8217;aderenza.<\/div>\n<\/details>\n<details style='margin-bottom:10px; padding:10px; background:#f9f9f9; border-radius:5px;'>\n<summary style='font-weight:bold; cursor:pointer;'>Qual \u00e8 il principale vantaggio?<\/summary>\n<div style='margin-top:10px; color:#555;'>Riduce il rischio di scivolamento durante il bagno o la doccia.<\/div>\n<\/details>\n<details style='margin-bottom:10px; padding:10px; background:#f9f9f9; border-radius:5px;'>\n<summary style='font-weight:bold; cursor:pointer;'>\u00c8 adatto per uso domestico?<\/summary>\n<div style='margin-top:10px; color:#555;'>S\u00ec, \u00e8 destinato all&#8217;uso in bagni ed \u00e8 adatto per l&#8217;uso domestico quotidiano.<\/div>\n<\/details>\n<\/div>\n","protected":false},"excerpt":{"rendered":"<p>Tappetino antiscivolo per vasca da bagno Homie 1011192 che migliora l&#8217;aderenza e riduce il rischio di scivolamento. Adatto per uso domestico quotidiano.<\/p>\n","protected":false},"featured_media":5375477,"comment_status":"closed","ping_status":"open","template":"","meta":[],"product_brand":[],"product_cat":[203509,196361,164603,249595,203513],"product_tag":[248684],"class_list":{"0":"post-5376242","1":"product","2":"type-product","3":"status-publish","4":"has-post-thumbnail","6":"product_cat-antiscivolo-per-il-bagno","7":"product_cat-articoli-da-bagno","8":"product_cat-articoli-per-la-casa","9":"product_cat-prodotti-per-la-sicurezza-del-bagno","10":"product_cat-tappetini-da-bagno","11":"product_tag-homie-1011192","13":"first","14":"onbackorder","15":"purchasable","16":"product-type-simple"},"jetpack_sharing_enabled":true,"_links":{"self":[{"href":"https:\/\/gadgettravellers.eu\/it\/wp-json\/wp\/v2\/product\/5376242","targetHints":{"allow":["GET"]}}],"collection":[{"href":"https:\/\/gadgettravellers.eu\/it\/wp-json\/wp\/v2\/product"}],"about":[{"href":"https:\/\/gadgettravellers.eu\/it\/wp-json\/wp\/v2\/types\/product"}],"replies":[{"embeddable":true,"href":"https:\/\/gadgettravellers.eu\/it\/wp-json\/wp\/v2\/comments?post=5376242"}],"wp:featuredmedia":[{"embeddable":true,"href":"https:\/\/gadgettravellers.eu\/it\/wp-json\/wp\/v2\/media\/5375477"}],"wp:attachment":[{"href":"https:\/\/gadgettravellers.eu\/it\/wp-json\/wp\/v2\/media?parent=5376242"}],"wp:term":[{"taxonomy":"product_brand","embeddable":true,"href":"https:\/\/gadgettravellers.eu\/it\/wp-json\/wp\/v2\/product_brand?post=5376242"},{"taxonomy":"product_cat","embeddable":true,"href":"https:\/\/gadgettravellers.eu\/it\/wp-json\/wp\/v2\/product_cat?post=5376242"},{"taxonomy":"product_tag","embeddable":true,"href":"https:\/\/gadgettravellers.eu\/it\/wp-json\/wp\/v2\/product_tag?post=5376242"}],"curies":[{"name":"wp","href":"https:\/\/api.w.org\/{rel}","templated":true}]}}