{"id":5376849,"date":"2026-02-27T23:48:17","date_gmt":"2026-02-27T21:48:17","guid":{"rendered":""},"modified":"2026-04-14T02:23:51","modified_gmt":"2026-04-14T00:23:51","slug":"stendibiancheria-pieghevole-da-pavimento-stendibiancheria-dg202501-282180-nero","status":"publish","type":"product","link":"https:\/\/gadgettravellers.eu\/it\/shop\/stendibiancheria-pieghevole-da-pavimento-stendibiancheria-dg202501-282180-nero\/","title":{"rendered":"Stendibiancheria pieghevole da pavimento &#038; stendibiancheria &#8211; DG202501 &#8211; 282180 &#8211; Nero"},"content":{"rendered":"<p>Stendibiancheria pieghevole da pavimento e stendino multiuso, con struttura metallica e design ergonomico che si piega per una conservazione e un trasporto estremamente facili senza occupare spazio.<br \/>Con possibilit\u00e0 di estensione della trave orizzontale per un facile adattamento alle vostre esigenze. <\/p>\n<div class='aiseo-faq-section' style='margin-top:30px; border-top:1px solid #eee; padding-top:20px;'>\n<h3>Domande Frequenti<\/h3>\n<details style='margin-bottom:10px; padding:10px; background:#f9f9f9; border-radius:5px;'>\n<summary style='font-weight:bold; cursor:pointer;'>Come si ripone lo stendibiancheria?<\/summary>\n<div style='margin-top:10px; color:#555;'>Si piega per una conservazione e un trasporto estremamente facili senza occupare spazio.<\/div>\n<\/details>\n<details style='margin-bottom:10px; padding:10px; background:#f9f9f9; border-radius:5px;'>\n<summary style='font-weight:bold; cursor:pointer;'>Di che materiale \u00e8 lo scheletro?<\/summary>\n<div style='margin-top:10px; color:#555;'>Lo scheletro \u00e8 metallico, come indicato nella descrizione.<\/div>\n<\/details>\n<details style='margin-bottom:10px; padding:10px; background:#f9f9f9; border-radius:5px;'>\n<summary style='font-weight:bold; cursor:pointer;'>Posso regolare la larghezza di diffusione?<\/summary>\n<div style='margin-top:10px; color:#555;'>S\u00ec, dispone di una trave orizzontale estensibile per un facile adattamento alle vostre esigenze.<\/div>\n<\/details>\n<details style='margin-bottom:10px; padding:10px; background:#f9f9f9; border-radius:5px;'>\n<summary style='font-weight:bold; cursor:pointer;'>\u00c8 adatta per usi diversi?<\/summary>\n<div style='margin-top:10px; color:#555;'>S\u00ec, \u00e8 caratterizzato come multiuso e pu\u00f2 essere utilizzato in diversi spazi a seconda delle esigenze.<\/div>\n<\/details>\n<\/div>\n","protected":false},"excerpt":{"rendered":"<p>Stendibiancheria pieghevole da pavimento con struttura metallica e design ergonomico che si ripiega per una facile conservazione e trasporto. Dispone di una trave orizzontale estensibile per adattarsi alle tue esigenze.<\/p>\n","protected":false},"featured_media":5376850,"comment_status":"closed","ping_status":"open","template":"","meta":[],"product_brand":[],"product_cat":[202284,164603,250254,196293,202277,203633],"product_tag":[],"class_list":{"0":"post-5376849","1":"product","2":"type-product","3":"status-publish","4":"has-post-thumbnail","6":"product_cat-appendiabiti-da-terra","7":"product_cat-articoli-per-la-casa","8":"product_cat-asciugatrici-pieghevoli-per-abiti","9":"product_cat-casa-animale-domestico","10":"product_cat-mobili-piccoli","11":"product_cat-stendibiancheria","13":"first","14":"onbackorder","15":"purchasable","16":"product-type-simple"},"jetpack_sharing_enabled":true,"_links":{"self":[{"href":"https:\/\/gadgettravellers.eu\/it\/wp-json\/wp\/v2\/product\/5376849","targetHints":{"allow":["GET"]}}],"collection":[{"href":"https:\/\/gadgettravellers.eu\/it\/wp-json\/wp\/v2\/product"}],"about":[{"href":"https:\/\/gadgettravellers.eu\/it\/wp-json\/wp\/v2\/types\/product"}],"replies":[{"embeddable":true,"href":"https:\/\/gadgettravellers.eu\/it\/wp-json\/wp\/v2\/comments?post=5376849"}],"wp:featuredmedia":[{"embeddable":true,"href":"https:\/\/gadgettravellers.eu\/it\/wp-json\/wp\/v2\/media\/5376850"}],"wp:attachment":[{"href":"https:\/\/gadgettravellers.eu\/it\/wp-json\/wp\/v2\/media?parent=5376849"}],"wp:term":[{"taxonomy":"product_brand","embeddable":true,"href":"https:\/\/gadgettravellers.eu\/it\/wp-json\/wp\/v2\/product_brand?post=5376849"},{"taxonomy":"product_cat","embeddable":true,"href":"https:\/\/gadgettravellers.eu\/it\/wp-json\/wp\/v2\/product_cat?post=5376849"},{"taxonomy":"product_tag","embeddable":true,"href":"https:\/\/gadgettravellers.eu\/it\/wp-json\/wp\/v2\/product_tag?post=5376849"}],"curies":[{"name":"wp","href":"https:\/\/api.w.org\/{rel}","templated":true}]}}