{"id":5376907,"date":"2026-02-28T00:52:01","date_gmt":"2026-02-27T22:52:01","guid":{"rendered":""},"modified":"2026-04-14T03:13:28","modified_gmt":"2026-04-14T01:13:28","slug":"maschere-per-il-viso-monouso-50-pezzi-iva-24-18x10cm-4teen4ty-27222","status":"publish","type":"product","link":"https:\/\/gadgettravellers.eu\/it\/shop\/maschere-per-il-viso-monouso-50-pezzi-iva-24-18x10cm-4teen4ty-27222\/","title":{"rendered":"Maschere per il viso monouso 50 pezzi (IVA 24%) 18x10cm 4teen4ty 27222"},"content":{"rendered":"<p>Cyt=50 pz. 3 strati di filtro.} Con clip di adattamento del naso. Non si accettano resi per le maschere. Non ha la certificazione CE perch\u00e9 non \u00e8 destinata ai medici. \u00c8 una maschera di uso generale e viene utilizzata dal grande pubblico secondo le misure preventive contro il covid 18x10cm<\/p>\n<div class='aiseo-faq-section' style='margin-top:30px; border-top:1px solid #eee; padding-top:20px;'>\n<h3>Domande Frequenti<\/h3>\n<details style='margin-bottom:10px; padding:10px; background:#f9f9f9; border-radius:5px;'>\n<summary style='font-weight:bold; cursor:pointer;'>Quanti pezzi contiene la confezione?<\/summary>\n<div style='margin-top:10px; color:#555;'>La confezione contiene 50 pezzi.<\/div>\n<\/details>\n<details style='margin-bottom:10px; padding:10px; background:#f9f9f9; border-radius:5px;'>\n<summary style='font-weight:bold; cursor:pointer;'>Quanti strati di filtro ha la maschera?<\/summary>\n<div style='margin-top:10px; color:#555;'>Ha 3 strati di filtro.<\/div>\n<\/details>\n<details style='margin-bottom:10px; padding:10px; background:#f9f9f9; border-radius:5px;'>\n<summary style='font-weight:bold; cursor:pointer;'>\u00c8 adatto per uso medico?<\/summary>\n<div style='margin-top:10px; color:#555;'>No, non \u00e8 marcato CE e non \u00e8 destinato all&#8217;uso medico.<\/div>\n<\/details>\n<details style='margin-bottom:10px; padding:10px; background:#f9f9f9; border-radius:5px;'>\n<summary style='font-weight:bold; cursor:pointer;'>Possono essere effettuati resi?<\/summary>\n<div style='margin-top:10px; color:#555;'>Non sono accettati resi per le maschere.<\/div>\n<\/details>\n<details style='margin-bottom:10px; padding:10px; background:#f9f9f9; border-radius:5px;'>\n<summary style='font-weight:bold; cursor:pointer;'>Qual \u00e8 la dimensione della maschera?<\/summary>\n<div style='margin-top:10px; color:#555;'>La dimensione \u00e8 18&#215;10 cm.<\/div>\n<\/details>\n<\/div>\n","protected":false},"excerpt":{"rendered":"<p>Maschere facciali monouso 50 pezzi, a 3 strati con clip di regolazione del naso, non mediche\/uso generale, dimensioni 18x10cm, adatte per la protezione quotidiana del grande pubblico.<\/p>\n","protected":false},"featured_media":17064,"comment_status":"closed","ping_status":"open","template":"","meta":[],"product_brand":[],"product_cat":[204765,204896,194749,204897,250307,250308],"product_tag":[75662,207163,50],"class_list":{"0":"post-5376907","1":"product","2":"type-product","3":"status-publish","4":"has-post-thumbnail","6":"product_cat-accessori-bellezza-igiene","7":"product_cat-articoli-da-farmacia","8":"product_cat-dispositivi-di-protezione-individuale","9":"product_cat-igiene-cura","10":"product_cat-maschere-di-protezione-respiratoria","11":"product_cat-maschere-monouso","12":"product_tag-18x10cm","13":"product_tag-207163","14":"product_tag-50","16":"first","17":"onbackorder","18":"purchasable","19":"product-type-simple"},"jetpack_sharing_enabled":true,"_links":{"self":[{"href":"https:\/\/gadgettravellers.eu\/it\/wp-json\/wp\/v2\/product\/5376907","targetHints":{"allow":["GET"]}}],"collection":[{"href":"https:\/\/gadgettravellers.eu\/it\/wp-json\/wp\/v2\/product"}],"about":[{"href":"https:\/\/gadgettravellers.eu\/it\/wp-json\/wp\/v2\/types\/product"}],"replies":[{"embeddable":true,"href":"https:\/\/gadgettravellers.eu\/it\/wp-json\/wp\/v2\/comments?post=5376907"}],"wp:featuredmedia":[{"embeddable":true,"href":"https:\/\/gadgettravellers.eu\/it\/wp-json\/wp\/v2\/media\/17064"}],"wp:attachment":[{"href":"https:\/\/gadgettravellers.eu\/it\/wp-json\/wp\/v2\/media?parent=5376907"}],"wp:term":[{"taxonomy":"product_brand","embeddable":true,"href":"https:\/\/gadgettravellers.eu\/it\/wp-json\/wp\/v2\/product_brand?post=5376907"},{"taxonomy":"product_cat","embeddable":true,"href":"https:\/\/gadgettravellers.eu\/it\/wp-json\/wp\/v2\/product_cat?post=5376907"},{"taxonomy":"product_tag","embeddable":true,"href":"https:\/\/gadgettravellers.eu\/it\/wp-json\/wp\/v2\/product_tag?post=5376907"}],"curies":[{"name":"wp","href":"https:\/\/api.w.org\/{rel}","templated":true}]}}