{"id":5382108,"date":"2026-03-19T18:54:24","date_gmt":"2026-03-19T16:54:24","guid":{"rendered":""},"modified":"2026-04-10T22:01:28","modified_gmt":"2026-04-10T20:01:28","slug":"ventilatore-da-pavimento-con-timer-12-kyt-30a-675961","status":"publish","type":"product","link":"https:\/\/gadgettravellers.eu\/it\/shop\/ventilatore-da-pavimento-con-timer-12-kyt-30a-675961\/","title":{"rendered":"Ventilatore da pavimento con timer &#8211; 12&#8243; &#8211; KYT-30A &#8211; 675961"},"content":{"rendered":"<p>Ventilatore da pavimento con design moderno ed ergonomico che si sposta facilmente e pu\u00f2 essere posizionato sia a terra che su qualsiasi superficie. Dispone di 3 velocit\u00e0 di intensit\u00e0 dell&#8217;aria, griglia rotante e timer di un&#8217;ora che consente di impostare il tempo di funzionamento e lo spegnimento automatico. <br \/>Con maniglia per un facile trasporto. <br \/>Silenzioso con basso consumo e alta efficienza. <br \/>Tipo: Box Fan <br \/>Potenza: 35W <br \/>Diametro: 30cm <br \/>Dimensioni: 39x48cm <br \/>Velocit\u00e0: 3 <br \/>Timer: 1 ora<\/p>\n<div class='aiseo-faq-section' style='margin-top:30px; border-top:1px solid #eee; padding-top:20px;'>\n<h3>Domande Frequenti<\/h3>\n<details style='margin-bottom:10px; padding:10px; background:#f9f9f9; border-radius:5px;'>\n<summary style='font-weight:bold; cursor:pointer;'>Quante velocit\u00e0 ha la ventola?<\/summary>\n<div style='margin-top:10px; color:#555;'>Dispone di 3 velocit\u00e0 di intensit\u00e0 dell&#8217;aria.<\/div>\n<\/details>\n<details style='margin-bottom:10px; padding:10px; background:#f9f9f9; border-radius:5px;'>\n<summary style='font-weight:bold; cursor:pointer;'>Quali impostazioni ha il timer?<\/summary>\n<div style='margin-top:10px; color:#555;'>Timer di 1 ora con funzione di regolazione e spegnimento automatico.<\/div>\n<\/details>\n<details style='margin-bottom:10px; padding:10px; background:#f9f9f9; border-radius:5px;'>\n<summary style='font-weight:bold; cursor:pointer;'>Pu\u00f2 essere posizionato su un tavolo?<\/summary>\n<div style='margin-top:10px; color:#555;'>S\u00ec, pu\u00f2 essere utilizzato a pavimento o posizionato su qualsiasi superficie.<\/div>\n<\/details>\n<details style='margin-bottom:10px; padding:10px; background:#f9f9f9; border-radius:5px;'>\n<summary style='font-weight:bold; cursor:pointer;'>Qual \u00e8 la potenza e il diametro della ventola?<\/summary>\n<div style='margin-top:10px; color:#555;'>Potenza 35W e diametro 30 cm (12&#8243;).<\/div>\n<\/details>\n<\/div>\n","protected":false},"excerpt":{"rendered":"<p>Ventilatore da pavimento 12&#8243; (30 cm) con 3 velocit\u00e0, timer di 1 ora e maniglia per un facile trasporto. Silenzioso, a risparmio energetico (35W) con griglia rotante.<\/p>\n","protected":false},"featured_media":5381449,"comment_status":"closed","ping_status":"open","template":"","meta":[],"product_brand":[],"product_cat":[164603,196293,196319,251694,246101,248083],"product_tag":[207178,207163,41238,134147,251276],"class_list":{"0":"post-5382108","1":"product","2":"type-product","3":"status-publish","4":"has-post-thumbnail","6":"product_cat-articoli-per-la-casa","7":"product_cat-casa-animale-domestico","8":"product_cat-tipi-di-raffreddamento","9":"product_cat-ventilatori-con-timer","10":"product_cat-ventilatori-da-pavimento","11":"product_cat-ventilatori-domestici","12":"product_tag-207178","13":"product_tag-207163","14":"product_tag-30cm","15":"product_tag-35w","16":"product_tag-box-fan-type","18":"first","19":"onbackorder","20":"purchasable","21":"product-type-simple"},"jetpack_sharing_enabled":true,"_links":{"self":[{"href":"https:\/\/gadgettravellers.eu\/it\/wp-json\/wp\/v2\/product\/5382108","targetHints":{"allow":["GET"]}}],"collection":[{"href":"https:\/\/gadgettravellers.eu\/it\/wp-json\/wp\/v2\/product"}],"about":[{"href":"https:\/\/gadgettravellers.eu\/it\/wp-json\/wp\/v2\/types\/product"}],"replies":[{"embeddable":true,"href":"https:\/\/gadgettravellers.eu\/it\/wp-json\/wp\/v2\/comments?post=5382108"}],"wp:featuredmedia":[{"embeddable":true,"href":"https:\/\/gadgettravellers.eu\/it\/wp-json\/wp\/v2\/media\/5381449"}],"wp:attachment":[{"href":"https:\/\/gadgettravellers.eu\/it\/wp-json\/wp\/v2\/media?parent=5382108"}],"wp:term":[{"taxonomy":"product_brand","embeddable":true,"href":"https:\/\/gadgettravellers.eu\/it\/wp-json\/wp\/v2\/product_brand?post=5382108"},{"taxonomy":"product_cat","embeddable":true,"href":"https:\/\/gadgettravellers.eu\/it\/wp-json\/wp\/v2\/product_cat?post=5382108"},{"taxonomy":"product_tag","embeddable":true,"href":"https:\/\/gadgettravellers.eu\/it\/wp-json\/wp\/v2\/product_tag?post=5382108"}],"curies":[{"name":"wp","href":"https:\/\/api.w.org\/{rel}","templated":true}]}}