{"id":5382124,"date":"2026-03-19T18:54:31","date_gmt":"2026-03-19T16:54:31","guid":{"rendered":""},"modified":"2026-04-06T22:09:42","modified_gmt":"2026-04-06T20:09:42","slug":"materasso-gonfiabile-da-mare-e-campeggio-yb3154b-191x137cm-241996","status":"publish","type":"product","link":"https:\/\/gadgettravellers.eu\/it\/shop\/materasso-gonfiabile-da-mare-e-campeggio-yb3154b-191x137cm-241996\/","title":{"rendered":"Materasso gonfiabile da mare e campeggio &#8211; YB3154B &#8211; 191x137cm &#8211; 241996"},"content":{"rendered":"<p>Materasso gonfiabile per mare e campeggio, con design ergonomico e anatomico, con rivestimento in velluto, realizzato in materiale impermeabile di alta qualit\u00e0 e resistenza, <br \/>ideale sia come materasso da mare sia come materasso per dormire in campeggio.<br \/>Con valvola di sicurezza.<\/p>\n<p>Dimensioni: 191 x 137 x 22cm.<\/p>\n<p>*Nota: Questo prodotto non \u00e8 considerato un mezzo di salvataggio e deve essere sempre utilizzato sotto la supervisione di un adulto.<\/p>\n<div class='aiseo-faq-section' style='margin-top:30px; border-top:1px solid #eee; padding-top:20px;'>\n<h3>Domande Frequenti<\/h3>\n<details style='margin-bottom:10px; padding:10px; background:#f9f9f9; border-radius:5px;'>\n<summary style='font-weight:bold; cursor:pointer;'>Quali sono le dimensioni del materasso?<\/summary>\n<div style='margin-top:10px; color:#555;'>191 x 137 x 22 cm.<\/div>\n<\/details>\n<details style='margin-bottom:10px; padding:10px; background:#f9f9f9; border-radius:5px;'>\n<summary style='font-weight:bold; cursor:pointer;'>Pu\u00f2 essere usato in mare?<\/summary>\n<div style='margin-top:10px; color:#555;'>S\u00ec, \u00e8 progettato per essere usato come materassino da mare, ma non \u00e8 un dispositivo di salvataggio e deve essere utilizzato sotto la supervisione di un adulto.<\/div>\n<\/details>\n<details style='margin-bottom:10px; padding:10px; background:#f9f9f9; border-radius:5px;'>\n<summary style='font-weight:bold; cursor:pointer;'>Di che materiale \u00e8 fatto?<\/summary>\n<div style='margin-top:10px; color:#555;'>Realizzato in materiale resistente e impermeabile con rivestimento in velluto.<\/div>\n<\/details>\n<details style='margin-bottom:10px; padding:10px; background:#f9f9f9; border-radius:5px;'>\n<summary style='font-weight:bold; cursor:pointer;'>Ha una valvola di sicurezza?<\/summary>\n<div style='margin-top:10px; color:#555;'>S\u00ec, include una valvola di sicurezza.<\/div>\n<\/details>\n<\/div>\n","protected":false},"excerpt":{"rendered":"<p>Materasso gonfiabile 191x137x22 cm per mare e campeggio con design anatomico e rivestimento in velluto. Realizzato in materiale impermeabile resistente e con valvola di sicurezza \u2014 non \u00e8 un mezzo di salvataggio.<\/p>\n","protected":false},"featured_media":5381481,"comment_status":"closed","ping_status":"open","template":"","meta":[],"product_brand":[],"product_cat":[196776,251724,251725,204271,196541],"product_tag":[251315,121417,175155],"class_list":{"0":"post-5382124","1":"product","2":"type-product","3":"status-publish","4":"has-post-thumbnail","6":"product_cat-caccia-spiaggia-campeggio","7":"product_cat-materassi-da-campeggio","8":"product_cat-materassi-gonfiabili-per-dormire","9":"product_cat-materassini-da-mare","10":"product_cat-stagionale-turistico-hobby","11":"product_tag-191x137x22cm","12":"product_tag-camping","13":"product_tag-hobby","15":"first","16":"onbackorder","17":"purchasable","18":"product-type-simple"},"jetpack_sharing_enabled":true,"_links":{"self":[{"href":"https:\/\/gadgettravellers.eu\/it\/wp-json\/wp\/v2\/product\/5382124","targetHints":{"allow":["GET"]}}],"collection":[{"href":"https:\/\/gadgettravellers.eu\/it\/wp-json\/wp\/v2\/product"}],"about":[{"href":"https:\/\/gadgettravellers.eu\/it\/wp-json\/wp\/v2\/types\/product"}],"replies":[{"embeddable":true,"href":"https:\/\/gadgettravellers.eu\/it\/wp-json\/wp\/v2\/comments?post=5382124"}],"wp:featuredmedia":[{"embeddable":true,"href":"https:\/\/gadgettravellers.eu\/it\/wp-json\/wp\/v2\/media\/5381481"}],"wp:attachment":[{"href":"https:\/\/gadgettravellers.eu\/it\/wp-json\/wp\/v2\/media?parent=5382124"}],"wp:term":[{"taxonomy":"product_brand","embeddable":true,"href":"https:\/\/gadgettravellers.eu\/it\/wp-json\/wp\/v2\/product_brand?post=5382124"},{"taxonomy":"product_cat","embeddable":true,"href":"https:\/\/gadgettravellers.eu\/it\/wp-json\/wp\/v2\/product_cat?post=5382124"},{"taxonomy":"product_tag","embeddable":true,"href":"https:\/\/gadgettravellers.eu\/it\/wp-json\/wp\/v2\/product_tag?post=5382124"}],"curies":[{"name":"wp","href":"https:\/\/api.w.org\/{rel}","templated":true}]}}