{"id":5382147,"date":"2026-03-19T18:54:41","date_gmt":"2026-03-19T16:54:41","guid":{"rendered":""},"modified":"2026-04-06T22:09:51","modified_gmt":"2026-04-06T20:09:51","slug":"scarpe-da-acqua-scarpe-aqua-antiscivolo-27114","status":"publish","type":"product","link":"https:\/\/gadgettravellers.eu\/it\/shop\/scarpe-da-acqua-scarpe-aqua-antiscivolo-27114\/","title":{"rendered":"Scarpe da acqua &#8211; Scarpe Aqua antiscivolo &#8211; 27114"},"content":{"rendered":"<p>Scarpe da acqua e nuoto in nylon estremamente resistente con suola antiscivolo rigida. <br \/>Si adattano facilmente e saldamente grazie all\u2019elasticit\u00e0 del materiale. <br \/>Materiale estremamente leggero che si asciuga immediatamente. <br \/>Ideali per nuotare in spiaggia e in piscina, sport acquatici e ginnastica.<\/p>\n<p><strong>*Numeri disponibili: 34, 35, 36, 37, 38, 39, 40, 41, 42, 43, 44, 45:<\/strong><br \/>Si prega di indicare il numero preferito nelle note dell\u2019ordine.<\/p>\n<p>*Disponibile in vari modelli &#8211; Spedizione del modello in base alla disponibilit\u00e0.<\/p>\n<div class='aiseo-faq-section' style='margin-top:30px; border-top:1px solid #eee; padding-top:20px;'>\n<h3>Domande Frequenti<\/h3>\n<details style='margin-bottom:10px; padding:10px; background:#f9f9f9; border-radius:5px;'>\n<summary style='font-weight:bold; cursor:pointer;'>Di quale materiale sono fatti?<\/summary>\n<div style='margin-top:10px; color:#555;'>Realizzato in nylon estremamente resistente.<\/div>\n<\/details>\n<details style='margin-bottom:10px; padding:10px; background:#f9f9f9; border-radius:5px;'>\n<summary style='font-weight:bold; cursor:pointer;'>Hanno suola antiscivolo?<\/summary>\n<div style='margin-top:10px; color:#555;'>S\u00ec, dispongono di una suola antiscivolo rigida per una migliore aderenza.<\/div>\n<\/details>\n<details style='margin-bottom:10px; padding:10px; background:#f9f9f9; border-radius:5px;'>\n<summary style='font-weight:bold; cursor:pointer;'>In quali attivit\u00e0 sono adatti?<\/summary>\n<div style='margin-top:10px; color:#555;'>Ideali per spiaggia, piscina, sport acquatici e palestra.<\/div>\n<\/details>\n<details style='margin-bottom:10px; padding:10px; background:#f9f9f9; border-radius:5px;'>\n<summary style='font-weight:bold; cursor:pointer;'>Quali numeri sono disponibili?<\/summary>\n<div style='margin-top:10px; color:#555;'>Sono disponibili le taglie dal 34 al 45 \u2014 si prega di indicare la taglia preferita nelle note dell&#8217;ordine.<\/div>\n<\/details>\n<details style='margin-bottom:10px; padding:10px; background:#f9f9f9; border-radius:5px;'>\n<summary style='font-weight:bold; cursor:pointer;'>Posso scegliere un design?<\/summary>\n<div style='margin-top:10px; color:#555;'>C&#8217;\u00e8 una variet\u00e0 di modelli, con invio del modello disponibile in base alla disponibilit\u00e0.<\/div>\n<\/details>\n<\/div>\n","protected":false},"excerpt":{"rendered":"<p>Scarpe da acqua leggere in nylon resistente con suola antiscivolo rigida e vestibilit\u00e0 elastica; asciugano rapidamente. Ideali per spiaggia, piscina e sport acquatici.<\/p>\n","protected":false},"featured_media":5381522,"comment_status":"closed","ping_status":"open","template":"","meta":[],"product_brand":[],"product_cat":[251754,196776,251755,203823,251756,196541],"product_tag":[121417,175155],"class_list":{"0":"post-5382147","1":"product","2":"type-product","3":"status-publish","4":"has-post-thumbnail","6":"product_cat-articoli-per-spiaggia-e-piscina","7":"product_cat-caccia-spiaggia-campeggio","8":"product_cat-calzature-per-sport-acquatici","9":"product_cat-salvagenti-accessori-per-il-mare","10":"product_cat-scarpe-da-acqua","11":"product_cat-stagionale-turistico-hobby","12":"product_tag-camping","13":"product_tag-hobby","15":"first","16":"onbackorder","17":"purchasable","18":"product-type-simple"},"jetpack_sharing_enabled":true,"_links":{"self":[{"href":"https:\/\/gadgettravellers.eu\/it\/wp-json\/wp\/v2\/product\/5382147","targetHints":{"allow":["GET"]}}],"collection":[{"href":"https:\/\/gadgettravellers.eu\/it\/wp-json\/wp\/v2\/product"}],"about":[{"href":"https:\/\/gadgettravellers.eu\/it\/wp-json\/wp\/v2\/types\/product"}],"replies":[{"embeddable":true,"href":"https:\/\/gadgettravellers.eu\/it\/wp-json\/wp\/v2\/comments?post=5382147"}],"wp:featuredmedia":[{"embeddable":true,"href":"https:\/\/gadgettravellers.eu\/it\/wp-json\/wp\/v2\/media\/5381522"}],"wp:attachment":[{"href":"https:\/\/gadgettravellers.eu\/it\/wp-json\/wp\/v2\/media?parent=5382147"}],"wp:term":[{"taxonomy":"product_brand","embeddable":true,"href":"https:\/\/gadgettravellers.eu\/it\/wp-json\/wp\/v2\/product_brand?post=5382147"},{"taxonomy":"product_cat","embeddable":true,"href":"https:\/\/gadgettravellers.eu\/it\/wp-json\/wp\/v2\/product_cat?post=5382147"},{"taxonomy":"product_tag","embeddable":true,"href":"https:\/\/gadgettravellers.eu\/it\/wp-json\/wp\/v2\/product_tag?post=5382147"}],"curies":[{"name":"wp","href":"https:\/\/api.w.org\/{rel}","templated":true}]}}