{"id":5382173,"date":"2026-03-19T18:54:57","date_gmt":"2026-03-19T16:54:57","guid":{"rendered":""},"modified":"2026-04-10T22:01:51","modified_gmt":"2026-04-10T20:01:51","slug":"ventilatore-mini-ricaricabile-0808-5-033107-viola","status":"publish","type":"product","link":"https:\/\/gadgettravellers.eu\/it\/shop\/ventilatore-mini-ricaricabile-0808-5-033107-viola\/","title":{"rendered":"Ventilatore mini ricaricabile &#8211; 0808-5 &#8211; 033107 &#8211; Viola"},"content":{"rendered":"<p>Ventilatore portatile ricaricabile di dimensioni mini pratiche che pu\u00f2 essere posizionato ovunque. Pu\u00f2 essere ricaricato tramite cavo USB su adattatore da parete, computer, presa accendisigari o powerbank, cos\u00ec non rimarrai mai senza batteria. <br \/>Ideale per l&#8217;ufficio, il comodino, il balcone ma anche per spostamenti in attivit\u00e0 all&#8217;aperto come campeggio e spiaggia.<\/p>\n<p>Ricarica con cavo USB (incluso). <br \/>2 livelli di intensit\u00e0 dell&#8217;aria.<br \/>Materiale: Plastica. <br \/>Funzionamento silenzioso con livello di rumore fino a 36db. <br \/>Tensione: 5V. <br \/>Potenza: 3W. <br \/>Batteria: 3,7V 500mAh. <br \/>Autonomia di funzionamento: fino a 2 ore. <br \/>Dimensioni: 15*7cm.<\/p>\n<p>Il pacchetto include: 1x Ventilatore, 1x cavo USB, 1x Manuale d&#8217;uso.<\/p>\n<div class='aiseo-faq-section' style='margin-top:30px; border-top:1px solid #eee; padding-top:20px;'>\n<h3>Domande Frequenti<\/h3>\n<details style='margin-bottom:10px; padding:10px; background:#f9f9f9; border-radius:5px;'>\n<summary style='font-weight:bold; cursor:pointer;'>Qual \u00e8 l&#8217;autonomia della batteria?<\/summary>\n<div style='margin-top:10px; color:#555;'>L&#8217;autonomia di funzionamento \u00e8 fino a 2 ore con la batteria integrata da 3,7V 500mAh.<\/div>\n<\/details>\n<details style='margin-bottom:10px; padding:10px; background:#f9f9f9; border-radius:5px;'>\n<summary style='font-weight:bold; cursor:pointer;'>Come avviene la ricarica?<\/summary>\n<div style='margin-top:10px; color:#555;'>Si carica tramite il cavo USB incluso in un adattatore da parete, computer, presa accendisigari dell&#8217;auto o powerbank.<\/div>\n<\/details>\n<details style='margin-bottom:10px; padding:10px; background:#f9f9f9; border-radius:5px;'>\n<summary style='font-weight:bold; cursor:pointer;'>Quanti livelli di intensit\u00e0 ha?<\/summary>\n<div style='margin-top:10px; color:#555;'>Dispone di due livelli di intensit\u00e0 dell&#8217;aria.<\/div>\n<\/details>\n<details style='margin-bottom:10px; padding:10px; background:#f9f9f9; border-radius:5px;'>\n<summary style='font-weight:bold; cursor:pointer;'>Quanto \u00e8 il rumore operativo?<\/summary>\n<div style='margin-top:10px; color:#555;'>Funzionamento silenzioso con livello di rumore fino a 36 dB.<\/div>\n<\/details>\n<\/div>\n","protected":false},"excerpt":{"rendered":"<p>Piccolo ventilatore portatile ricaricabile USB con 2 livelli di intensit\u00e0, funzionamento silenzioso fino a 36 dB e autonomia fino a 2 ore. Include cavo USB ed \u00e8 ideale per ufficio, viaggi, campeggio e spiaggia.<\/p>\n","protected":false},"featured_media":5381568,"comment_status":"closed","ping_status":"open","template":"","meta":[],"product_brand":[],"product_cat":[164603,196293,196319,248093,248092,248086],"product_tag":[206529,49172,174111,167266,53255,180846,172372,180847,167267],"class_list":{"0":"post-5382173","1":"product","2":"type-product","3":"status-publish","4":"has-post-thumbnail","6":"product_cat-articoli-per-la-casa","7":"product_cat-casa-animale-domestico","8":"product_cat-tipi-di-raffreddamento","9":"product_cat-ventilatori-portatili","10":"product_cat-ventilatori-ricaricabili","11":"product_cat-ventilatori-usb","12":"product_tag-206529","13":"product_tag-3w","14":"product_tag-500mah","15":"product_tag-fast-charging","16":"product_tag-pd","17":"product_tag-power-bank","18":"product_tag-usb","19":"product_tag-usb-a","20":"product_tag-usb-c","22":"first","23":"onbackorder","24":"purchasable","25":"product-type-simple"},"jetpack_sharing_enabled":true,"_links":{"self":[{"href":"https:\/\/gadgettravellers.eu\/it\/wp-json\/wp\/v2\/product\/5382173","targetHints":{"allow":["GET"]}}],"collection":[{"href":"https:\/\/gadgettravellers.eu\/it\/wp-json\/wp\/v2\/product"}],"about":[{"href":"https:\/\/gadgettravellers.eu\/it\/wp-json\/wp\/v2\/types\/product"}],"replies":[{"embeddable":true,"href":"https:\/\/gadgettravellers.eu\/it\/wp-json\/wp\/v2\/comments?post=5382173"}],"wp:featuredmedia":[{"embeddable":true,"href":"https:\/\/gadgettravellers.eu\/it\/wp-json\/wp\/v2\/media\/5381568"}],"wp:attachment":[{"href":"https:\/\/gadgettravellers.eu\/it\/wp-json\/wp\/v2\/media?parent=5382173"}],"wp:term":[{"taxonomy":"product_brand","embeddable":true,"href":"https:\/\/gadgettravellers.eu\/it\/wp-json\/wp\/v2\/product_brand?post=5382173"},{"taxonomy":"product_cat","embeddable":true,"href":"https:\/\/gadgettravellers.eu\/it\/wp-json\/wp\/v2\/product_cat?post=5382173"},{"taxonomy":"product_tag","embeddable":true,"href":"https:\/\/gadgettravellers.eu\/it\/wp-json\/wp\/v2\/product_tag?post=5382173"}],"curies":[{"name":"wp","href":"https:\/\/api.w.org\/{rel}","templated":true}]}}