{"id":5382904,"date":"2026-03-24T20:36:06","date_gmt":"2026-03-24T18:36:06","guid":{"rendered":""},"modified":"2026-04-11T19:47:53","modified_gmt":"2026-04-11T17:47:53","slug":"bullfrog-botanical-lab-fluido-dopobarba-delicato-senza-alcool-75ml-2","status":"publish","type":"product","link":"https:\/\/gadgettravellers.eu\/it\/shop\/bullfrog-botanical-lab-fluido-dopobarba-delicato-senza-alcool-75ml-2\/","title":{"rendered":"Bullfrog Botanical lab fluido dopobarba delicato senza alcool 75ml"},"content":{"rendered":"<h2>Bullfrog Botanical lab fluido dopobarba delicato senza alcool 75ml<\/h2>\n<p><strong>Una emulsione dopobarba di alta qualit\u00e0, delicata e piacevole<\/strong>, ideale per la pelle appena rasata. Questo fluido \u00e8 caratterizzato da una <strong>texture leggera e a rapido assorbimento<\/strong>, che idrata e lenisce la pelle, lasciandola morbida e fresca. Grazie all&#8217;assenza di alcol e profumo, il Fluido Dopobarba Delicato \u00e8 perfetto per le pelli pi\u00f9 sensibili, minimizzando il rischio di irritazioni.<\/p>\n<p><strong>Modo d&#8217;uso:<\/strong> Dopo la rasatura tradizionale, applicare il prodotto sulla pelle del viso asciutta e massaggiare fino a completo assorbimento. Pu\u00f2 essere usato anche post rasatura della testa.<\/p>\n<p>La sua texture leggera e a rapido assorbimento \u00e8 colorata naturalmente di blu grazie alla presenza dell&#8217;Azulene. All&#8217;interno della sua formulazione troviamo il <strong>Blue Botanical Complex<\/strong>, una miscela unica di ingredienti naturali che lavorano in sinergia per idratare la pelle in profondit\u00e0.<\/p>\n<p><strong>Ingredienti chiave:<\/strong><\/p>\n<ul>\n<li>Estratto di Alghe: Una miscela unica che idrata la pelle in profondit\u00e0.<\/li>\n<li>Azulene: Una molecola estratta dalla camomilla che ha propriet\u00e0 calmanti e lenitive.<\/li>\n<li>Estratto di Pino Marittimo: Stimola la vitalit\u00e0 della pelle, mantenendo la sua tonicit\u00e0.<\/li>\n<li>Estratto di alghe rosse: Ripristina la barriera cutanea, limitando la disidratazione.<\/li>\n<\/ul>\n<p><strong>Botanical LAB<\/strong> \u00e8 il laboratorio di Bullfrog dedicato alla creazione di prodotti di altissima qualit\u00e0 con una selezione di materie prime naturali di origine botanica. Questo prodotto \u00e8 stato sviluppato pensando alla sostenibilit\u00e0, utilizzando un packaging che riduce il volume dei rifiuti prodotti ed \u00e8 facile da riciclare.<\/p>\n<p><strong>Smaltimento:<\/strong> Una volta terminato, ecco come smaltire i diversi componenti:<\/p>\n<ul>\n<li>Flacone: GL 72, VETRO<\/li>\n<li>Pompa: O 07, MISTA<\/li>\n<\/ul>\n<p>Verifica le disposizioni del tuo comune.<\/p>\n<p><strong>Ingredienti:<\/strong> acqua (acqua), dicaprylyl ether, coco-caprylate\/caprate, glicerina, polisorbato 20, estratto di kappaphycus alvarezii, acrylates\/c10-30 alchil acrilato crosspolymer, dimeticone, polisorbato 80, tocoferil acetato, prunus amygdalus dulcis (mandorle dolce d) olio, diglicerina , maris aqua (acqua di mare), olio di ricino idrogenato peg-40, estratto di corteccia di pinaster pinus, guaiazulene, potassio cetil fosfato, tocoferolo, idrossido di sodio, tetrasodio glutatmato diacetato, sorbate di potassio, sodio benzoato, etilisilcerina, hetrasolo, henossietilo, hetrasolo diacetato<\/p>\n<p><strong>Prodotto con il 96,3% di ingredienti naturali.<\/strong><\/p>\n<p><strong>Formato: 75ml<\/strong><\/p>\n<p>Made in Italy<\/p>\n","protected":false},"excerpt":{"rendered":"<p>Bullfrog Botanical lab fluido dopobarba delicato senza alcool 75ml Una emulsione dopobarba di alta qualit\u00e0, delicata e piacevole, ideale per la pelle appena rasata. Questo fluido \u00e8 caratterizzato da una texture leggera e a rapido assorbimento, che idrata e lenisce la pelle, lasciandola morbida e fresca. Grazie all&#8217;assenza di alcol e profumo, il Fluido Dopobarba [&hellip;]<\/p>\n","protected":false},"featured_media":5282878,"comment_status":"closed","ping_status":"open","template":"","meta":[],"product_brand":[],"product_cat":[142182],"product_tag":[142256],"class_list":{"0":"post-5382904","1":"product","2":"type-product","3":"status-publish","4":"has-post-thumbnail","6":"product_cat-bullfrog-3","7":"product_tag-bullfrog","9":"first","10":"onbackorder","11":"purchasable","12":"product-type-simple"},"jetpack_sharing_enabled":true,"_links":{"self":[{"href":"https:\/\/gadgettravellers.eu\/it\/wp-json\/wp\/v2\/product\/5382904","targetHints":{"allow":["GET"]}}],"collection":[{"href":"https:\/\/gadgettravellers.eu\/it\/wp-json\/wp\/v2\/product"}],"about":[{"href":"https:\/\/gadgettravellers.eu\/it\/wp-json\/wp\/v2\/types\/product"}],"replies":[{"embeddable":true,"href":"https:\/\/gadgettravellers.eu\/it\/wp-json\/wp\/v2\/comments?post=5382904"}],"wp:featuredmedia":[{"embeddable":true,"href":"https:\/\/gadgettravellers.eu\/it\/wp-json\/wp\/v2\/media\/5282878"}],"wp:attachment":[{"href":"https:\/\/gadgettravellers.eu\/it\/wp-json\/wp\/v2\/media?parent=5382904"}],"wp:term":[{"taxonomy":"product_brand","embeddable":true,"href":"https:\/\/gadgettravellers.eu\/it\/wp-json\/wp\/v2\/product_brand?post=5382904"},{"taxonomy":"product_cat","embeddable":true,"href":"https:\/\/gadgettravellers.eu\/it\/wp-json\/wp\/v2\/product_cat?post=5382904"},{"taxonomy":"product_tag","embeddable":true,"href":"https:\/\/gadgettravellers.eu\/it\/wp-json\/wp\/v2\/product_tag?post=5382904"}],"curies":[{"name":"wp","href":"https:\/\/api.w.org\/{rel}","templated":true}]}}