{"id":5383684,"date":"2026-03-24T23:01:35","date_gmt":"2026-03-24T21:01:35","guid":{"rendered":""},"modified":"2026-04-10T22:03:51","modified_gmt":"2026-04-10T20:03:51","slug":"piscina-gonfiabile-per-bambini-sl-c030-30518056cm-151874-blu","status":"publish","type":"product","link":"https:\/\/gadgettravellers.eu\/it\/shop\/piscina-gonfiabile-per-bambini-sl-c030-30518056cm-151874-blu\/","title":{"rendered":"Piscina gonfiabile per bambini &#8211; SL-C030 &#8211; 305*180*56cm &#8211; 151874 &#8211; Blu"},"content":{"rendered":"<p>Piscina gonfiabile per bambini da giardino con disegni, grande, per giochi estivi infiniti nell&#8217;acqua! <br \/>Pu\u00f2 essere posizionata nel vostro giardino, sulla veranda, anche sul vostro balcone. <br \/>Realizzata in PVC resistente e non tossico. <br \/>Dimensioni: <span class=\"el-popover__reference-wrapper\">305*180*56<\/span>cm.<\/p>\n<p>*Nota: Questo prodotto non \u00e8 considerato un dispositivo di salvataggio e deve essere sempre utilizzato sotto la supervisione di un adulto.<\/p>\n<div class='aiseo-faq-section' style='margin-top:30px; border-top:1px solid #eee; padding-top:20px;'>\n<h3>Domande Frequenti<\/h3>\n<details style='margin-bottom:10px; padding:10px; background:#f9f9f9; border-radius:5px;'>\n<summary style='font-weight:bold; cursor:pointer;'>Di che materiale \u00e8 fatta la piscina?<\/summary>\n<div style='margin-top:10px; color:#555;'>Realizzato in PVC resistente e non tossico.<\/div>\n<\/details>\n<details style='margin-bottom:10px; padding:10px; background:#f9f9f9; border-radius:5px;'>\n<summary style='font-weight:bold; cursor:pointer;'>Quali sono le sue dimensioni?<\/summary>\n<div style='margin-top:10px; color:#555;'>Le dimensioni sono 305\u00d7180\u00d756 cm.<\/div>\n<\/details>\n<details style='margin-bottom:10px; padding:10px; background:#f9f9f9; border-radius:5px;'>\n<summary style='font-weight:bold; cursor:pointer;'>Pu\u00f2 essere posizionato sul balcone o sulla veranda?<\/summary>\n<div style='margin-top:10px; color:#555;'>S\u00ec, pu\u00f2 essere posizionato in giardino, veranda o balcone purch\u00e9 ci sia spazio sufficiente e una superficie piana.<\/div>\n<\/details>\n<details style='margin-bottom:10px; padding:10px; background:#f9f9f9; border-radius:5px;'>\n<summary style='font-weight:bold; cursor:pointer;'>\u00c8 un mezzo di salvataggio?<\/summary>\n<div style='margin-top:10px; color:#555;'>No, il prodotto non \u00e8 considerato un mezzo correttivo e deve sempre essere utilizzato sotto la supervisione di un adulto.<\/div>\n<\/details>\n<\/div>\n","protected":false},"excerpt":{"rendered":"<p>Grande piscina gonfiabile per bambini da giardino in PVC resistente e non tossico (305\u00d7180\u00d756 cm), ideale per giocare in giardino, veranda o balcone. Non \u00e8 un dispositivo di salvataggio e deve essere utilizzata sotto la supervisione di un adulto.<\/p>\n","protected":false},"featured_media":5382997,"comment_status":"closed","ping_status":"open","template":"","meta":[],"product_brand":[],"product_cat":[196776,204271,251857,248250,252843,196541],"product_tag":[252626,121417,175155,177295],"class_list":{"0":"post-5383684","1":"product","2":"type-product","3":"status-publish","4":"has-post-thumbnail","6":"product_cat-caccia-spiaggia-campeggio","7":"product_cat-materassini-da-mare","8":"product_cat-piscine-da-giardino","9":"product_cat-piscine-gonfiabili","10":"product_cat-piscine-per-terrazza-balcone","11":"product_cat-stagionale-turistico-hobby","12":"product_tag-305x180x56","13":"product_tag-camping","14":"product_tag-hobby","15":"product_tag-pvc","17":"first","18":"onbackorder","19":"purchasable","20":"product-type-simple"},"jetpack_sharing_enabled":true,"_links":{"self":[{"href":"https:\/\/gadgettravellers.eu\/it\/wp-json\/wp\/v2\/product\/5383684","targetHints":{"allow":["GET"]}}],"collection":[{"href":"https:\/\/gadgettravellers.eu\/it\/wp-json\/wp\/v2\/product"}],"about":[{"href":"https:\/\/gadgettravellers.eu\/it\/wp-json\/wp\/v2\/types\/product"}],"replies":[{"embeddable":true,"href":"https:\/\/gadgettravellers.eu\/it\/wp-json\/wp\/v2\/comments?post=5383684"}],"wp:featuredmedia":[{"embeddable":true,"href":"https:\/\/gadgettravellers.eu\/it\/wp-json\/wp\/v2\/media\/5382997"}],"wp:attachment":[{"href":"https:\/\/gadgettravellers.eu\/it\/wp-json\/wp\/v2\/media?parent=5383684"}],"wp:term":[{"taxonomy":"product_brand","embeddable":true,"href":"https:\/\/gadgettravellers.eu\/it\/wp-json\/wp\/v2\/product_brand?post=5383684"},{"taxonomy":"product_cat","embeddable":true,"href":"https:\/\/gadgettravellers.eu\/it\/wp-json\/wp\/v2\/product_cat?post=5383684"},{"taxonomy":"product_tag","embeddable":true,"href":"https:\/\/gadgettravellers.eu\/it\/wp-json\/wp\/v2\/product_tag?post=5383684"}],"curies":[{"name":"wp","href":"https:\/\/api.w.org\/{rel}","templated":true}]}}