{"id":5383695,"date":"2026-03-24T23:01:38","date_gmt":"2026-03-24T21:01:38","guid":{"rendered":""},"modified":"2026-04-10T22:03:54","modified_gmt":"2026-04-10T20:03:54","slug":"ventilatore-da-soffitto-lampada-ds-6604-248w-431620-oro","status":"publish","type":"product","link":"https:\/\/gadgettravellers.eu\/it\/shop\/ventilatore-da-soffitto-lampada-ds-6604-248w-431620-oro\/","title":{"rendered":"Ventilatore da soffitto &#038; lampada &#8211; DS-6604 &#8211; 2*48W &#8211; 431620 &#8211; Oro"},"content":{"rendered":"<p>Ventilatore da soffitto con lampada a LED, dal design impressionante che conferir\u00e0 al vostro ambiente uno stile innovativo e moderno e una sensazione immediata di freschezza, con consumo estremamente basso e funzionamento silenzioso.<\/p>\n<p>Caratteristiche: <br \/>Potenza: 2*48W,<br \/>4 pale, <br \/>3 colori di illuminazione (caldo-freddo-neutro)<br \/>4000 Lumen, <br \/>Tensione: 100-220V,<br \/>Telecomando, <br \/>Diametro: 106cm.<br \/>Altezza: 50cm<\/p>\n<div class='aiseo-faq-section' style='margin-top:30px; border-top:1px solid #eee; padding-top:20px;'>\n<h3>Domande Frequenti<\/h3>\n<details style='margin-bottom:10px; padding:10px; background:#f9f9f9; border-radius:5px;'>\n<summary style='font-weight:bold; cursor:pointer;'>Qual \u00e8 la potenza del dispositivo di illuminazione?<\/summary>\n<div style='margin-top:10px; color:#555;'>La potenza \u00e8 di 2\u00d748W con una resa luminosa totale di 4000 lumen.<\/div>\n<\/details>\n<details style='margin-bottom:10px; padding:10px; background:#f9f9f9; border-radius:5px;'>\n<summary style='font-weight:bold; cursor:pointer;'>Qual \u00e8 il diametro e l&#8217;altezza dell&#8217;unit\u00e0?<\/summary>\n<div style='margin-top:10px; color:#555;'>Il diametro \u00e8 di 106 cm e l&#8217;altezza di 50 cm.<\/div>\n<\/details>\n<details style='margin-bottom:10px; padding:10px; background:#f9f9f9; border-radius:5px;'>\n<summary style='font-weight:bold; cursor:pointer;'>Quanti colori di illuminazione offre?<\/summary>\n<div style='margin-top:10px; color:#555;'>Offre 3 colori di illuminazione: caldo, neutro e freddo.<\/div>\n<\/details>\n<details style='margin-bottom:10px; padding:10px; background:#f9f9f9; border-radius:5px;'>\n<summary style='font-weight:bold; cursor:pointer;'>C&#8217;\u00e8 un telecomando ed \u00e8 silenzioso?<\/summary>\n<div style='margin-top:10px; color:#555;'>S\u00ec, \u00e8 incluso un telecomando e l&#8217;unit\u00e0 funziona silenziosamente.<\/div>\n<\/details>\n<\/div>\n","protected":false},"excerpt":{"rendered":"<p>Ventilatore a soffitto con luce LED integrata 2\u00d748W (4000 lumen) con diametro 106 cm, 4 pale e finitura oro. Dispone di 3 colori di illuminazione, telecomando, funzionamento silenzioso e basso consumo.<\/p>\n","protected":false},"featured_media":5383013,"comment_status":"closed","ping_status":"open","template":"","meta":[],"product_brand":[],"product_cat":[196275,196356,201698,252885,196315,252886],"product_tag":[76566,252639,207163,207537,253702,127653],"class_list":{"0":"post-5383695","1":"product","2":"type-product","3":"status-publish","4":"has-post-thumbnail","6":"product_cat-illuminazione-energia","7":"product_cat-lampade-da-soffitto-e-da-parete","8":"product_cat-lampade-da-soffitto-led","9":"product_cat-lampade-telecomandate","10":"product_cat-tipi-di-illuminazione-materiali-di-consumo","11":"product_cat-ventilatori-da-soffitto","12":"product_tag-106cm","13":"product_tag-2x48w","14":"product_tag-207163","15":"product_tag-207537","16":"product_tag-4000-lumen","17":"product_tag-led","19":"first","20":"onbackorder","21":"purchasable","22":"product-type-simple"},"jetpack_sharing_enabled":true,"_links":{"self":[{"href":"https:\/\/gadgettravellers.eu\/it\/wp-json\/wp\/v2\/product\/5383695","targetHints":{"allow":["GET"]}}],"collection":[{"href":"https:\/\/gadgettravellers.eu\/it\/wp-json\/wp\/v2\/product"}],"about":[{"href":"https:\/\/gadgettravellers.eu\/it\/wp-json\/wp\/v2\/types\/product"}],"replies":[{"embeddable":true,"href":"https:\/\/gadgettravellers.eu\/it\/wp-json\/wp\/v2\/comments?post=5383695"}],"wp:featuredmedia":[{"embeddable":true,"href":"https:\/\/gadgettravellers.eu\/it\/wp-json\/wp\/v2\/media\/5383013"}],"wp:attachment":[{"href":"https:\/\/gadgettravellers.eu\/it\/wp-json\/wp\/v2\/media?parent=5383695"}],"wp:term":[{"taxonomy":"product_brand","embeddable":true,"href":"https:\/\/gadgettravellers.eu\/it\/wp-json\/wp\/v2\/product_brand?post=5383695"},{"taxonomy":"product_cat","embeddable":true,"href":"https:\/\/gadgettravellers.eu\/it\/wp-json\/wp\/v2\/product_cat?post=5383695"},{"taxonomy":"product_tag","embeddable":true,"href":"https:\/\/gadgettravellers.eu\/it\/wp-json\/wp\/v2\/product_tag?post=5383695"}],"curies":[{"name":"wp","href":"https:\/\/api.w.org\/{rel}","templated":true}]}}