{"id":5383979,"date":"2026-03-24T23:02:50","date_gmt":"2026-03-24T21:02:50","guid":{"rendered":""},"modified":"2026-04-06T22:13:03","modified_gmt":"2026-04-06T20:13:03","slug":"set-12x-astuccio-per-la-cura-delle-unghie-in-custodia-souvenir-paralia-871868","status":"publish","type":"product","link":"https:\/\/gadgettravellers.eu\/it\/shop\/set-12x-astuccio-per-la-cura-delle-unghie-in-custodia-souvenir-paralia-871868\/","title":{"rendered":"Set 12X &#8211; Astuccio per la cura delle unghie in custodia Souvenir &#8211; Paralia &#8211; 871868"},"content":{"rendered":"<p>Set per la cura delle unghie in custodia Souvenir &#8211; Paralia &#8211; 871868<br \/>\nSet per la cura delle unghie in custodia souvenir, ideale per una cura completa delle unghie ovunque tu sia. Include gli strumenti necessari per manicure e cura, offrendo praticit\u00e0 e facilit\u00e0 nell&#8217;uso quotidiano. La custodia elegante e compatta garantisce una facile conservazione e trasporto in borsa o beauty case, mantenendo gli strumenti organizzati e protetti. Realizzato con attenzione alla funzionalit\u00e0 e alla resistenza, questo set rappresenta una scelta utile ed elegante per la cura delle unghie a casa o in movimento.<\/p>\n<div class='aiseo-faq-section' style='margin-top:30px; border-top:1px solid #eee; padding-top:20px;'>\n<h3>Domande Frequenti<\/h3>\n<details style='margin-bottom:10px; padding:10px; background:#f9f9f9; border-radius:5px;'>\n<summary style='font-weight:bold; cursor:pointer;'>Cosa include il set?<\/summary>\n<div style='margin-top:10px; color:#555;'>Include gli strumenti necessari per manicure e cura delle unghie in una custodia compatta.<\/div>\n<\/details>\n<details style='margin-bottom:10px; padding:10px; background:#f9f9f9; border-radius:5px;'>\n<summary style='font-weight:bold; cursor:pointer;'>\u00c8 adatto per i viaggi?<\/summary>\n<div style='margin-top:10px; color:#555;'>S\u00ec, la custodia elegante e compatta garantisce un facile trasporto in borsa o beauty case.<\/div>\n<\/details>\n<details style='margin-bottom:10px; padding:10px; background:#f9f9f9; border-radius:5px;'>\n<summary style='font-weight:bold; cursor:pointer;'>Dove \u00e8 destinato l&#8217;uso del set?<\/summary>\n<div style='margin-top:10px; color:#555;'>Per una cura completa delle unghie a casa o in movimento.<\/div>\n<\/details>\n<details style='margin-bottom:10px; padding:10px; background:#f9f9f9; border-radius:5px;'>\n<summary style='font-weight:bold; cursor:pointer;'>Di cosa \u00e8 fatto?<\/summary>\n<div style='margin-top:10px; color:#555;'>\u00c8 stato costruito con enfasi sulla funzionalit\u00e0 e la resistenza, offrendo durabilit\u00e0 agli strumenti.<\/div>\n<\/details>\n<\/div>\n","protected":false},"excerpt":{"rendered":"<p>Set per la cura delle unghie in custodia compatta, con gli strumenti essenziali per manicure e cura delle unghie. Ideale per l&#8217;uso a casa e in viaggio, con pratico sistema di conservazione.<\/p>\n","protected":false},"featured_media":5383283,"comment_status":"closed","ping_status":"open","template":"","meta":[],"product_brand":[],"product_cat":[196539,252990,252975,4364,196541,199526],"product_tag":[175155,121392],"class_list":{"0":"post-5383979","1":"product","2":"type-product","3":"status-publish","4":"has-post-thumbnail","6":"product_cat-articoli-turistici-e-stagionali","7":"product_cat-set-di-bellezza-da-viaggio","8":"product_cat-set-per-la-cura-delle-unghie","9":"product_cat-souvenir-2","10":"product_cat-stagionale-turistico-hobby","11":"product_cat-strumenti-per-manicure-e-pedicure","12":"product_tag-hobby","13":"product_tag-souvenir","15":"first","16":"onbackorder","17":"purchasable","18":"product-type-simple"},"jetpack_sharing_enabled":true,"_links":{"self":[{"href":"https:\/\/gadgettravellers.eu\/it\/wp-json\/wp\/v2\/product\/5383979","targetHints":{"allow":["GET"]}}],"collection":[{"href":"https:\/\/gadgettravellers.eu\/it\/wp-json\/wp\/v2\/product"}],"about":[{"href":"https:\/\/gadgettravellers.eu\/it\/wp-json\/wp\/v2\/types\/product"}],"replies":[{"embeddable":true,"href":"https:\/\/gadgettravellers.eu\/it\/wp-json\/wp\/v2\/comments?post=5383979"}],"wp:featuredmedia":[{"embeddable":true,"href":"https:\/\/gadgettravellers.eu\/it\/wp-json\/wp\/v2\/media\/5383283"}],"wp:attachment":[{"href":"https:\/\/gadgettravellers.eu\/it\/wp-json\/wp\/v2\/media?parent=5383979"}],"wp:term":[{"taxonomy":"product_brand","embeddable":true,"href":"https:\/\/gadgettravellers.eu\/it\/wp-json\/wp\/v2\/product_brand?post=5383979"},{"taxonomy":"product_cat","embeddable":true,"href":"https:\/\/gadgettravellers.eu\/it\/wp-json\/wp\/v2\/product_cat?post=5383979"},{"taxonomy":"product_tag","embeddable":true,"href":"https:\/\/gadgettravellers.eu\/it\/wp-json\/wp\/v2\/product_tag?post=5383979"}],"curies":[{"name":"wp","href":"https:\/\/api.w.org\/{rel}","templated":true}]}}