{"id":5384251,"date":"2026-03-24T23:04:44","date_gmt":"2026-03-24T21:04:44","guid":{"rendered":""},"modified":"2026-04-10T22:05:57","modified_gmt":"2026-04-10T20:05:57","slug":"maschera-da-mare-fd590-117421","status":"publish","type":"product","link":"https:\/\/gadgettravellers.eu\/it\/shop\/maschera-da-mare-fd590-117421\/","title":{"rendered":"Maschera da mare &#8211; FD590 &#8211; 117421"},"content":{"rendered":"<p>Maschera da mare in plastica, con copertura completa del naso, con silicone ipoallergenico morbido tutto intorno e cinturino regolabile per la testa per una vestibilit\u00e0 comoda, stabile e assolutamente impermeabile. Non \u00e8 adatta a persone di et\u00e0 inferiore ai 12 anni.<\/p>\n<div class='aiseo-faq-section' style='margin-top:30px; border-top:1px solid #eee; padding-top:20px;'>\n<h3>Domande Frequenti<\/h3>\n<details style='margin-bottom:10px; padding:10px; background:#f9f9f9; border-radius:5px;'>\n<summary style='font-weight:bold; cursor:pointer;'>\u00c8 adatto per i bambini?<\/summary>\n<div style='margin-top:10px; color:#555;'>Non \u00e8 adatto a persone di et\u00e0 inferiore ai 12 anni.<\/div>\n<\/details>\n<details style='margin-bottom:10px; padding:10px; background:#f9f9f9; border-radius:5px;'>\n<summary style='font-weight:bold; cursor:pointer;'>Di quali materiali \u00e8 composta la maschera?<\/summary>\n<div style='margin-top:10px; color:#555;'>Struttura in plastica con silicone ipoallergenico morbido perimetrale.<\/div>\n<\/details>\n<details style='margin-bottom:10px; padding:10px; background:#f9f9f9; border-radius:5px;'>\n<summary style='font-weight:bold; cursor:pointer;'>Offre impermeabilit\u00e0?<\/summary>\n<div style='margin-top:10px; color:#555;'>S\u00ec, il silicone perimetrale e la cinghia regolabile garantiscono una tenuta assoluta.<\/div>\n<\/details>\n<details style='margin-bottom:10px; padding:10px; background:#f9f9f9; border-radius:5px;'>\n<summary style='font-weight:bold; cursor:pointer;'>La cinghia \u00e8 regolabile?<\/summary>\n<div style='margin-top:10px; color:#555;'>S\u00ec, dispone di una fascia regolabile per la testa per una vestibilit\u00e0 comoda e stabile.<\/div>\n<\/details>\n<\/div>\n","protected":false},"excerpt":{"rendered":"<p>Maschera subacquea in plastica con copertura completa del naso, silicone ipoallergenico morbido lungo il perimetro e cinturino regolabile per una vestibilit\u00e0 comoda e impermeabile. Non adatta a persone di et\u00e0 inferiore ai 12 anni.<\/p>\n","protected":false},"featured_media":5383791,"comment_status":"closed","ping_status":"open","template":"","meta":[],"product_brand":[],"product_cat":[251746,196776,253135,253136,203823,196541],"product_tag":[207659,121417,175155,252919],"class_list":{"0":"post-5384251","1":"product","2":"type-product","3":"status-publish","4":"has-post-thumbnail","6":"product_cat-attrezzatura-per-il-nuoto","7":"product_cat-caccia-spiaggia-campeggio","8":"product_cat-maschere-a-copertura-totale","9":"product_cat-maschere-da-snorkeling","10":"product_cat-salvagenti-accessori-per-il-mare","11":"product_cat-stagionale-turistico-hobby","12":"product_tag-207659","13":"product_tag-camping","14":"product_tag-hobby","15":"product_tag-snorkeling","17":"first","18":"onbackorder","19":"purchasable","20":"product-type-simple"},"jetpack_sharing_enabled":true,"_links":{"self":[{"href":"https:\/\/gadgettravellers.eu\/it\/wp-json\/wp\/v2\/product\/5384251","targetHints":{"allow":["GET"]}}],"collection":[{"href":"https:\/\/gadgettravellers.eu\/it\/wp-json\/wp\/v2\/product"}],"about":[{"href":"https:\/\/gadgettravellers.eu\/it\/wp-json\/wp\/v2\/types\/product"}],"replies":[{"embeddable":true,"href":"https:\/\/gadgettravellers.eu\/it\/wp-json\/wp\/v2\/comments?post=5384251"}],"wp:featuredmedia":[{"embeddable":true,"href":"https:\/\/gadgettravellers.eu\/it\/wp-json\/wp\/v2\/media\/5383791"}],"wp:attachment":[{"href":"https:\/\/gadgettravellers.eu\/it\/wp-json\/wp\/v2\/media?parent=5384251"}],"wp:term":[{"taxonomy":"product_brand","embeddable":true,"href":"https:\/\/gadgettravellers.eu\/it\/wp-json\/wp\/v2\/product_brand?post=5384251"},{"taxonomy":"product_cat","embeddable":true,"href":"https:\/\/gadgettravellers.eu\/it\/wp-json\/wp\/v2\/product_cat?post=5384251"},{"taxonomy":"product_tag","embeddable":true,"href":"https:\/\/gadgettravellers.eu\/it\/wp-json\/wp\/v2\/product_tag?post=5384251"}],"curies":[{"name":"wp","href":"https:\/\/api.w.org\/{rel}","templated":true}]}}