{"id":5384254,"date":"2026-03-24T23:04:46","date_gmt":"2026-03-24T21:04:46","guid":{"rendered":""},"modified":"2026-04-10T22:05:59","modified_gmt":"2026-04-10T20:05:59","slug":"maschera-da-mare-fd5008m-117419","status":"publish","type":"product","link":"https:\/\/gadgettravellers.eu\/it\/shop\/maschera-da-mare-fd5008m-117419\/","title":{"rendered":"Maschera da mare &#8211; FD5008M &#8211; 117419"},"content":{"rendered":"<p>Maschera da mare in plastica, con copertura completa del naso, con silicone ipoallergenico morbido tutto intorno e cinturino regolabile per la testa per una vestibilit\u00e0 comoda, stabile e assolutamente impermeabile. Non \u00e8 adatta a persone di et\u00e0 inferiore ai 12 anni.<\/p>\n<div class='aiseo-faq-section' style='margin-top:30px; border-top:1px solid #eee; padding-top:20px;'>\n<h3>Domande Frequenti<\/h3>\n<details style='margin-bottom:10px; padding:10px; background:#f9f9f9; border-radius:5px;'>\n<summary style='font-weight:bold; cursor:pointer;'>\u00c8 adatto per bambini sotto i 12 anni?<\/summary>\n<div style='margin-top:10px; color:#555;'>No, il prodotto non \u00e8 adatto a persone di et\u00e0 inferiore ai 12 anni.<\/div>\n<\/details>\n<details style='margin-bottom:10px; padding:10px; background:#f9f9f9; border-radius:5px;'>\n<summary style='font-weight:bold; cursor:pointer;'>Di quali materiali \u00e8 fatta?<\/summary>\n<div style='margin-top:10px; color:#555;'>La maschera \u00e8 in plastica con silicone ipoallergenico morbido lungo il perimetro.<\/div>\n<\/details>\n<details style='margin-bottom:10px; padding:10px; background:#f9f9f9; border-radius:5px;'>\n<summary style='font-weight:bold; cursor:pointer;'>Offre impermeabilit\u00e0 all&#8217;acqua?<\/summary>\n<div style='margin-top:10px; color:#555;'>S\u00ec, \u00e8 progettato per una tenuta assoluta grazie al silicone e alla sua applicazione.<\/div>\n<\/details>\n<details style='margin-bottom:10px; padding:10px; background:#f9f9f9; border-radius:5px;'>\n<summary style='font-weight:bold; cursor:pointer;'>Ha una cinghia regolabile?<\/summary>\n<div style='margin-top:10px; color:#555;'>S\u00ec, dispone di una fascia regolabile per la testa per una vestibilit\u00e0 stabile e confortevole.<\/div>\n<\/details>\n<\/div>\n","protected":false},"excerpt":{"rendered":"<p>Maschera subacquea in plastica con copertura completa del naso e silicone ipoallergenico morbido lungo il perimetro per una vestibilit\u00e0 comoda e impermeabile. Dispone di una fascia regolabile per la testa e non \u00e8 consigliata per bambini sotto i 12 anni.<\/p>\n","protected":false},"featured_media":5383798,"comment_status":"closed","ping_status":"open","template":"","meta":[],"product_brand":[],"product_cat":[251748,196776,253135,251749,203823,196541],"product_tag":[207659,121417,175155,252919],"class_list":{"0":"post-5384254","1":"product","2":"type-product","3":"status-publish","4":"has-post-thumbnail","6":"product_cat-attrezzatura-per-snorkeling","7":"product_cat-caccia-spiaggia-campeggio","8":"product_cat-maschere-a-copertura-totale","9":"product_cat-maschere-da-mare","10":"product_cat-salvagenti-accessori-per-il-mare","11":"product_cat-stagionale-turistico-hobby","12":"product_tag-207659","13":"product_tag-camping","14":"product_tag-hobby","15":"product_tag-snorkeling","17":"first","18":"onbackorder","19":"purchasable","20":"product-type-simple"},"jetpack_sharing_enabled":true,"_links":{"self":[{"href":"https:\/\/gadgettravellers.eu\/it\/wp-json\/wp\/v2\/product\/5384254","targetHints":{"allow":["GET"]}}],"collection":[{"href":"https:\/\/gadgettravellers.eu\/it\/wp-json\/wp\/v2\/product"}],"about":[{"href":"https:\/\/gadgettravellers.eu\/it\/wp-json\/wp\/v2\/types\/product"}],"replies":[{"embeddable":true,"href":"https:\/\/gadgettravellers.eu\/it\/wp-json\/wp\/v2\/comments?post=5384254"}],"wp:featuredmedia":[{"embeddable":true,"href":"https:\/\/gadgettravellers.eu\/it\/wp-json\/wp\/v2\/media\/5383798"}],"wp:attachment":[{"href":"https:\/\/gadgettravellers.eu\/it\/wp-json\/wp\/v2\/media?parent=5384254"}],"wp:term":[{"taxonomy":"product_brand","embeddable":true,"href":"https:\/\/gadgettravellers.eu\/it\/wp-json\/wp\/v2\/product_brand?post=5384254"},{"taxonomy":"product_cat","embeddable":true,"href":"https:\/\/gadgettravellers.eu\/it\/wp-json\/wp\/v2\/product_cat?post=5384254"},{"taxonomy":"product_tag","embeddable":true,"href":"https:\/\/gadgettravellers.eu\/it\/wp-json\/wp\/v2\/product_tag?post=5384254"}],"curies":[{"name":"wp","href":"https:\/\/api.w.org\/{rel}","templated":true}]}}