{"id":5384260,"date":"2026-03-24T23:04:48","date_gmt":"2026-03-24T21:04:48","guid":{"rendered":""},"modified":"2026-04-05T22:36:23","modified_gmt":"2026-04-05T20:36:23","slug":"tavola-da-nuoto-p41-117409","status":"publish","type":"product","link":"https:\/\/gadgettravellers.eu\/it\/shop\/tavola-da-nuoto-p41-117409\/","title":{"rendered":"Tavola da nuoto &#8211; P41&#8243; &#8211; 117409"},"content":{"rendered":"<p>Tavola da nuoto in schiuma PE di alta qualit\u00e0 con maniglie per le mani nella parte superiore, sicura e stabile.<\/p>\n<div class='aiseo-faq-section' style='margin-top:30px; border-top:1px solid #eee; padding-top:20px;'>\n<h3>Domande Frequenti<\/h3>\n<details style='margin-bottom:10px; padding:10px; background:#f9f9f9; border-radius:5px;'>\n<summary style='font-weight:bold; cursor:pointer;'>Di quale materiale \u00e8 fatta la tavola?<\/summary>\n<div style='margin-top:10px; color:#555;'>\u00c8 realizzato in schiuma di PE di alta qualit\u00e0 che offre galleggiabilit\u00e0 e resistenza.<\/div>\n<\/details>\n<details style='margin-bottom:10px; padding:10px; background:#f9f9f9; border-radius:5px;'>\n<summary style='font-weight:bold; cursor:pointer;'>Ha maniglie per le mani?<\/summary>\n<div style='margin-top:10px; color:#555;'>S\u00ec, dispone di maniglie superiori per una presa sicura e stabile.<\/div>\n<\/details>\n<details style='margin-bottom:10px; padding:10px; background:#f9f9f9; border-radius:5px;'>\n<summary style='font-weight:bold; cursor:pointer;'>Dove posso usarla?<\/summary>\n<div style='margin-top:10px; color:#555;'>Adatta per l&#8217;uso in piscina e per allenamenti di apprendimento e miglioramento della tecnica di nuoto.<\/div>\n<\/details>\n<details style='margin-bottom:10px; padding:10px; background:#f9f9f9; border-radius:5px;'>\n<summary style='font-weight:bold; cursor:pointer;'>Offre stabilit\u00e0 nell&#8217;acqua?<\/summary>\n<div style='margin-top:10px; color:#555;'>S\u00ec, \u00e8 progettato per fornire un supporto sicuro e stabile durante il nuoto.<\/div>\n<\/details>\n<\/div>\n","protected":false},"excerpt":{"rendered":"<p>Tavola da nuoto in schiuma PE di alta qualit\u00e0 con maniglie ergonomiche nella parte superiore per una presa sicura e stabile. Ideale per l&#8217;apprendimento della tecnica, esercizi per le gambe e allenamento in piscina.<\/p>\n","protected":false},"featured_media":5384941,"comment_status":"closed","ping_status":"open","template":"","meta":[],"product_brand":[],"product_cat":[248213,250128,196776,203823,196541,248277],"product_tag":[121417,175155,171882],"class_list":{"0":"post-5384260","1":"product","2":"type-product","3":"status-publish","4":"has-post-thumbnail","6":"product_cat-attrezzatura-per-lapprendimento-del-nuoto","7":"product_cat-attrezzatura-per-piscina","8":"product_cat-caccia-spiaggia-campeggio","9":"product_cat-salvagenti-accessori-per-il-mare","10":"product_cat-stagionale-turistico-hobby","11":"product_cat-tavole-da-nuoto","12":"product_tag-camping","13":"product_tag-hobby","14":"product_tag-pe","16":"first","17":"onbackorder","18":"purchasable","19":"product-type-simple"},"jetpack_sharing_enabled":true,"_links":{"self":[{"href":"https:\/\/gadgettravellers.eu\/it\/wp-json\/wp\/v2\/product\/5384260","targetHints":{"allow":["GET"]}}],"collection":[{"href":"https:\/\/gadgettravellers.eu\/it\/wp-json\/wp\/v2\/product"}],"about":[{"href":"https:\/\/gadgettravellers.eu\/it\/wp-json\/wp\/v2\/types\/product"}],"replies":[{"embeddable":true,"href":"https:\/\/gadgettravellers.eu\/it\/wp-json\/wp\/v2\/comments?post=5384260"}],"wp:featuredmedia":[{"embeddable":true,"href":"https:\/\/gadgettravellers.eu\/it\/wp-json\/wp\/v2\/media\/5384941"}],"wp:attachment":[{"href":"https:\/\/gadgettravellers.eu\/it\/wp-json\/wp\/v2\/media?parent=5384260"}],"wp:term":[{"taxonomy":"product_brand","embeddable":true,"href":"https:\/\/gadgettravellers.eu\/it\/wp-json\/wp\/v2\/product_brand?post=5384260"},{"taxonomy":"product_cat","embeddable":true,"href":"https:\/\/gadgettravellers.eu\/it\/wp-json\/wp\/v2\/product_cat?post=5384260"},{"taxonomy":"product_tag","embeddable":true,"href":"https:\/\/gadgettravellers.eu\/it\/wp-json\/wp\/v2\/product_tag?post=5384260"}],"curies":[{"name":"wp","href":"https:\/\/api.w.org\/{rel}","templated":true}]}}