{"id":5385274,"date":"2026-03-30T22:40:50","date_gmt":"2026-03-30T20:40:50","guid":{"rendered":""},"modified":"2026-04-10T22:06:43","modified_gmt":"2026-04-10T20:06:43","slug":"sedia-da-campeggio-pieghevole-1050-127080-arancione","status":"publish","type":"product","link":"https:\/\/gadgettravellers.eu\/it\/shop\/sedia-da-campeggio-pieghevole-1050-127080-arancione\/","title":{"rendered":"Sedia da campeggio pieghevole &#8211; 1050 &#8211; 127080 &#8211; Arancione"},"content":{"rendered":"<p>Sedia da campeggio pieghevole, con braccioli e tessuto resistente e impermeabile facile da pulire, rinforzata con imbottitura morbida. <br \/>Dotata di portabicchiere e tasca laterale. <br \/>Struttura robusta in ferro che si piega con un solo movimento, per un facile trasporto e stoccaggio. <br \/>Dotata di piedini antiscivolo. <br \/>Ideale per il campeggio, la pesca, la spiaggia, il giardino ecc. <\/p>\n<div class='aiseo-faq-section' style='margin-top:30px; border-top:1px solid #eee; padding-top:20px;'>\n<h3>Domande Frequenti<\/h3>\n<details style='margin-bottom:10px; padding:10px; background:#f9f9f9; border-radius:5px;'>\n<summary style='font-weight:bold; cursor:pointer;'>Di che materiale \u00e8 il tessuto della sedia?<\/summary>\n<div style='margin-top:10px; color:#555;'>Il tessuto \u00e8 resistente, impermeabile e facile da pulire, con imbottitura morbida rinforzata.<\/div>\n<\/details>\n<details style='margin-bottom:10px; padding:10px; background:#f9f9f9; border-radius:5px;'>\n<summary style='font-weight:bold; cursor:pointer;'>Come si piega per il trasporto?<\/summary>\n<div style='margin-top:10px; color:#555;'>La robusta struttura in ferro si piega con un solo movimento per un facile trasporto e stoccaggio.<\/div>\n<\/details>\n<details style='margin-bottom:10px; padding:10px; background:#f9f9f9; border-radius:5px;'>\n<summary style='font-weight:bold; cursor:pointer;'>Ha spazi di archiviazione?<\/summary>\n<div style='margin-top:10px; color:#555;'>S\u00ec, dispone di portabicchieri e tasca laterale per piccoli oggetti.<\/div>\n<\/details>\n<details style='margin-bottom:10px; padding:10px; background:#f9f9f9; border-radius:5px;'>\n<summary style='font-weight:bold; cursor:pointer;'>\u00c8 adatta per uso esterno?<\/summary>\n<div style='margin-top:10px; color:#555;'>S\u00ec, \u00e8 ideale per campeggio, pesca, spiaggia e giardino, con tappetini antiscivolo per stabilit\u00e0.<\/div>\n<\/details>\n<\/div>\n","protected":false},"excerpt":{"rendered":"<p>Sedia da campeggio pieghevole con tessuto resistente e impermeabile e imbottitura morbida, struttura in ferro che si piega con un solo movimento, portabicchieri e tasca laterale per un facile utilizzo e trasporto.<\/p>\n","protected":false},"featured_media":5385125,"comment_status":"open","ping_status":"open","template":"","meta":[],"product_brand":[],"product_cat":[198451,196776,198504,251868,197296,196541],"product_tag":[121417,175155],"class_list":{"0":"post-5385274","1":"product","2":"type-product","3":"status-publish","4":"has-post-thumbnail","6":"product_cat-attrezzatura-da-campeggio","7":"product_cat-caccia-spiaggia-campeggio","8":"product_cat-mobili-da-esterno","9":"product_cat-sedie-da-campeggio","10":"product_cat-sedie-da-spiaggia-campeggio","11":"product_cat-stagionale-turistico-hobby","12":"product_tag-camping","13":"product_tag-hobby","15":"first","16":"onbackorder","17":"purchasable","18":"product-type-simple"},"jetpack_sharing_enabled":true,"_links":{"self":[{"href":"https:\/\/gadgettravellers.eu\/it\/wp-json\/wp\/v2\/product\/5385274","targetHints":{"allow":["GET"]}}],"collection":[{"href":"https:\/\/gadgettravellers.eu\/it\/wp-json\/wp\/v2\/product"}],"about":[{"href":"https:\/\/gadgettravellers.eu\/it\/wp-json\/wp\/v2\/types\/product"}],"replies":[{"embeddable":true,"href":"https:\/\/gadgettravellers.eu\/it\/wp-json\/wp\/v2\/comments?post=5385274"}],"wp:featuredmedia":[{"embeddable":true,"href":"https:\/\/gadgettravellers.eu\/it\/wp-json\/wp\/v2\/media\/5385125"}],"wp:attachment":[{"href":"https:\/\/gadgettravellers.eu\/it\/wp-json\/wp\/v2\/media?parent=5385274"}],"wp:term":[{"taxonomy":"product_brand","embeddable":true,"href":"https:\/\/gadgettravellers.eu\/it\/wp-json\/wp\/v2\/product_brand?post=5385274"},{"taxonomy":"product_cat","embeddable":true,"href":"https:\/\/gadgettravellers.eu\/it\/wp-json\/wp\/v2\/product_cat?post=5385274"},{"taxonomy":"product_tag","embeddable":true,"href":"https:\/\/gadgettravellers.eu\/it\/wp-json\/wp\/v2\/product_tag?post=5385274"}],"curies":[{"name":"wp","href":"https:\/\/api.w.org\/{rel}","templated":true}]}}