{"id":5385277,"date":"2026-03-30T22:40:52","date_gmt":"2026-03-30T20:40:52","guid":{"rendered":""},"modified":"2026-04-04T21:58:10","modified_gmt":"2026-04-04T19:58:10","slug":"sedia-da-campeggio-pieghevole-con-tavolino-incorporato-1805-1-170136-rosso","status":"publish","type":"product","link":"https:\/\/gadgettravellers.eu\/it\/shop\/sedia-da-campeggio-pieghevole-con-tavolino-incorporato-1805-1-170136-rosso\/","title":{"rendered":"Sedia da campeggio pieghevole con tavolino incorporato &#8211; 1805-1 &#8211; 170136 &#8211; Rosso"},"content":{"rendered":"<p>Sedia pieghevole da spiaggia-camping con tavolino pieghevole integrato sul lato destro, con portabicchiere. <br \/>Dotata di tessuto resistente e impermeabile, facile da pulire.<\/p>\n<p>Struttura robusta in alluminio che si piega con un solo movimento, per un facile trasporto e stoccaggio. <br \/>Ideale per la spiaggia, il campeggio, la pesca, il giardino ecc.<\/p>\n<div class='aiseo-faq-section' style='margin-top:30px; border-top:1px solid #eee; padding-top:20px;'>\n<h3>Domande Frequenti<\/h3>\n<details style='margin-bottom:10px; padding:10px; background:#f9f9f9; border-radius:5px;'>\n<summary style='font-weight:bold; cursor:pointer;'>Di che materiale \u00e8 fatto lo scheletro della sedia?<\/summary>\n<div style='margin-top:10px; color:#555;'>Lo scheletro \u00e8 in alluminio ed \u00e8 robusto, con la possibilit\u00e0 di essere piegato con un solo movimento.<\/div>\n<\/details>\n<details style='margin-bottom:10px; padding:10px; background:#f9f9f9; border-radius:5px;'>\n<summary style='font-weight:bold; cursor:pointer;'>Il tavolino \u00e8 integrato e da quale lato si trova?<\/summary>\n<div style='margin-top:10px; color:#555;'>S\u00ec, il tavolino pieghevole \u00e8 integrato sul lato destro della sedia ed \u00e8 dotato di portabicchieri.<\/div>\n<\/details>\n<details style='margin-bottom:10px; padding:10px; background:#f9f9f9; border-radius:5px;'>\n<summary style='font-weight:bold; cursor:pointer;'>Il tessuto della sedia \u00e8 impermeabile e come si pulisce?<\/summary>\n<div style='margin-top:10px; color:#555;'>S\u00ec, dispone di un tessuto resistente e impermeabile che si pulisce facilmente.<\/div>\n<\/details>\n<details style='margin-bottom:10px; padding:10px; background:#f9f9f9; border-radius:5px;'>\n<summary style='font-weight:bold; cursor:pointer;'>Dove \u00e8 adatta questa sedia?<\/summary>\n<div style='margin-top:10px; color:#555;'>\u00c8 ideale per la spiaggia, il campeggio, la pesca e l&#8217;uso in giardino.<\/div>\n<\/details>\n<\/div>\n","protected":false},"excerpt":{"rendered":"<p>Sedia pieghevole per spiaggia e campeggio con tavolino pieghevole integrato a destra e portabicchieri. Dispone di tessuto impermeabile resistente e struttura in alluminio robusta per un facile trasporto e stoccaggio.<\/p>\n","protected":false},"featured_media":5385135,"comment_status":"open","ping_status":"open","template":"","meta":[],"product_brand":[],"product_cat":[196776,253911,253912,197296,253913,196541],"product_tag":[121417,175155],"class_list":{"0":"post-5385277","1":"product","2":"type-product","3":"status-publish","4":"has-post-thumbnail","6":"product_cat-caccia-spiaggia-campeggio","7":"product_cat-mobili-pieghevoli-da-esterno","8":"product_cat-sedie-da-campeggio-da-spiaggia","9":"product_cat-sedie-da-spiaggia-campeggio","10":"product_cat-sedie-in-alluminio","11":"product_cat-stagionale-turistico-hobby","12":"product_tag-camping","13":"product_tag-hobby","15":"first","16":"onbackorder","17":"purchasable","18":"product-type-simple"},"jetpack_sharing_enabled":true,"_links":{"self":[{"href":"https:\/\/gadgettravellers.eu\/it\/wp-json\/wp\/v2\/product\/5385277","targetHints":{"allow":["GET"]}}],"collection":[{"href":"https:\/\/gadgettravellers.eu\/it\/wp-json\/wp\/v2\/product"}],"about":[{"href":"https:\/\/gadgettravellers.eu\/it\/wp-json\/wp\/v2\/types\/product"}],"replies":[{"embeddable":true,"href":"https:\/\/gadgettravellers.eu\/it\/wp-json\/wp\/v2\/comments?post=5385277"}],"wp:featuredmedia":[{"embeddable":true,"href":"https:\/\/gadgettravellers.eu\/it\/wp-json\/wp\/v2\/media\/5385135"}],"wp:attachment":[{"href":"https:\/\/gadgettravellers.eu\/it\/wp-json\/wp\/v2\/media?parent=5385277"}],"wp:term":[{"taxonomy":"product_brand","embeddable":true,"href":"https:\/\/gadgettravellers.eu\/it\/wp-json\/wp\/v2\/product_brand?post=5385277"},{"taxonomy":"product_cat","embeddable":true,"href":"https:\/\/gadgettravellers.eu\/it\/wp-json\/wp\/v2\/product_cat?post=5385277"},{"taxonomy":"product_tag","embeddable":true,"href":"https:\/\/gadgettravellers.eu\/it\/wp-json\/wp\/v2\/product_tag?post=5385277"}],"curies":[{"name":"wp","href":"https:\/\/api.w.org\/{rel}","templated":true}]}}