{"id":5385280,"date":"2026-03-30T22:40:53","date_gmt":"2026-03-30T20:40:53","guid":{"rendered":""},"modified":"2026-04-06T22:15:12","modified_gmt":"2026-04-06T20:15:12","slug":"tavolo-da-campeggio-pieghevole-in-tessuto-2031-170150-verde","status":"publish","type":"product","link":"https:\/\/gadgettravellers.eu\/it\/shop\/tavolo-da-campeggio-pieghevole-in-tessuto-2031-170150-verde\/","title":{"rendered":"Tavolo da campeggio pieghevole in tessuto &#8211; 2031 &#8211; 170150 &#8211; Verde"},"content":{"rendered":"<p>Tavolino da campeggio pieghevole, con tessuto resistente e impermeabile facile da pulire. Dispone di 4 portabicchieri e di un secondo ripiano nella parte inferiore. <br \/>Struttura robusta in ferro, si piega con un solo movimento, per un facile trasporto e stoccaggio. <br \/>Dotato di piedini antiscivolo. <br \/>Ideale per il campeggio, la pesca, la spiaggia, il giardino ecc. <br \/>Dotato di borsa per il trasporto. <\/p>\n<p>Diametro: 65cm <br \/>Altezza: 45cm <\/p>\n<div class='aiseo-faq-section' style='margin-top:30px; border-top:1px solid #eee; padding-top:20px;'>\n<h3>Domande Frequenti<\/h3>\n<details style='margin-bottom:10px; padding:10px; background:#f9f9f9; border-radius:5px;'>\n<summary style='font-weight:bold; cursor:pointer;'>Quali sono le dimensioni del tavolo?<\/summary>\n<div style='margin-top:10px; color:#555;'>Diametro 65 cm e altezza 45 cm.<\/div>\n<\/details>\n<details style='margin-bottom:10px; padding:10px; background:#f9f9f9; border-radius:5px;'>\n<summary style='font-weight:bold; cursor:pointer;'>Di quali materiali \u00e8 fatto?<\/summary>\n<div style='margin-top:10px; color:#555;'>\u00c8 dotato di tessuto impermeabile e di una robusta struttura in ferro.<\/div>\n<\/details>\n<details style='margin-bottom:10px; padding:10px; background:#f9f9f9; border-radius:5px;'>\n<summary style='font-weight:bold; cursor:pointer;'>Come si piega e si trasporta?<\/summary>\n<div style='margin-top:10px; color:#555;'>Si piega con un solo movimento e include una borsa per il trasporto per un facile trasporto e stoccaggio.<\/div>\n<\/details>\n<details style='margin-bottom:10px; padding:10px; background:#f9f9f9; border-radius:5px;'>\n<summary style='font-weight:bold; cursor:pointer;'>Ci sono portabicchieri e spazio di stivaggio aggiuntivo?<\/summary>\n<div style='margin-top:10px; color:#555;'>S\u00ec, dispone di 4 portabicchieri e di un secondo ripiano nella parte inferiore.<\/div>\n<\/details>\n<details style='margin-bottom:10px; padding:10px; background:#f9f9f9; border-radius:5px;'>\n<summary style='font-weight:bold; cursor:pointer;'>\u00c8 adatto per l&#8217;uso all&#8217;aperto?<\/summary>\n<div style='margin-top:10px; color:#555;'>S\u00ec, \u00e8 ideale per campeggio, pesca, spiaggia e giardino e dispone di tappetini antiscivolo per la stabilit\u00e0.<\/div>\n<\/details>\n<\/div>\n","protected":false},"excerpt":{"rendered":"<p>Tavolo da campeggio pieghevole con tessuto impermeabile, facile da pulire e robusto telaio in ferro. Si piega rapidamente, dispone di 4 portabicchieri, ripiano inferiore, antiscivolo e borsa per il trasporto (\u00d865cm, altezza 45cm).<\/p>\n","protected":false},"featured_media":5385139,"comment_status":"open","ping_status":"open","template":"","meta":[],"product_brand":[],"product_cat":[196776,197296,196541,253915,253916,253917],"product_tag":[207537,178727,174679,121417,175155],"class_list":{"0":"post-5385280","1":"product","2":"type-product","3":"status-publish","4":"has-post-thumbnail","6":"product_cat-caccia-spiaggia-campeggio","7":"product_cat-sedie-da-spiaggia-campeggio","8":"product_cat-stagionale-turistico-hobby","9":"product_cat-tavoli-da-campeggio","10":"product_cat-tavoli-per-esterni","11":"product_cat-tavoli-pieghevoli-portatili","12":"product_tag-207537","13":"product_tag-45cm","14":"product_tag-65cm","15":"product_tag-camping","16":"product_tag-hobby","18":"first","19":"onbackorder","20":"purchasable","21":"product-type-simple"},"jetpack_sharing_enabled":true,"_links":{"self":[{"href":"https:\/\/gadgettravellers.eu\/it\/wp-json\/wp\/v2\/product\/5385280","targetHints":{"allow":["GET"]}}],"collection":[{"href":"https:\/\/gadgettravellers.eu\/it\/wp-json\/wp\/v2\/product"}],"about":[{"href":"https:\/\/gadgettravellers.eu\/it\/wp-json\/wp\/v2\/types\/product"}],"replies":[{"embeddable":true,"href":"https:\/\/gadgettravellers.eu\/it\/wp-json\/wp\/v2\/comments?post=5385280"}],"wp:featuredmedia":[{"embeddable":true,"href":"https:\/\/gadgettravellers.eu\/it\/wp-json\/wp\/v2\/media\/5385139"}],"wp:attachment":[{"href":"https:\/\/gadgettravellers.eu\/it\/wp-json\/wp\/v2\/media?parent=5385280"}],"wp:term":[{"taxonomy":"product_brand","embeddable":true,"href":"https:\/\/gadgettravellers.eu\/it\/wp-json\/wp\/v2\/product_brand?post=5385280"},{"taxonomy":"product_cat","embeddable":true,"href":"https:\/\/gadgettravellers.eu\/it\/wp-json\/wp\/v2\/product_cat?post=5385280"},{"taxonomy":"product_tag","embeddable":true,"href":"https:\/\/gadgettravellers.eu\/it\/wp-json\/wp\/v2\/product_tag?post=5385280"}],"curies":[{"name":"wp","href":"https:\/\/api.w.org\/{rel}","templated":true}]}}