{"id":5385300,"date":"2026-03-30T22:41:03","date_gmt":"2026-03-30T20:41:03","guid":{"rendered":""},"modified":"2026-04-05T22:37:29","modified_gmt":"2026-04-05T20:37:29","slug":"sedia-da-campeggio-pieghevole-1215tsl-270843-nero","status":"publish","type":"product","link":"https:\/\/gadgettravellers.eu\/it\/shop\/sedia-da-campeggio-pieghevole-1215tsl-270843-nero\/","title":{"rendered":"Sedia da campeggio pieghevole &#8211; 1215TSL &#8211; 270843 &#8211; Nero"},"content":{"rendered":"<p>Sedia pieghevole da spiaggia-camping, con schienale, braccioli e tessuto impermeabile facile da pulire. <br \/>Robusto telaio in ferro che si piega con un solo movimento, per un facile trasporto e stoccaggio. <br \/>Ideale per la spiaggia, il campeggio, la pesca, il giardino ecc. <br \/>Dotata di piedini antiscivolo.<\/p>\n<p>Altezza seduta: 37cm<br \/>Altezza totale: 78cm<\/p>\n<div class='aiseo-faq-section' style='margin-top:30px; border-top:1px solid #eee; padding-top:20px;'>\n<h3>Domande Frequenti<\/h3>\n<details style='margin-bottom:10px; padding:10px; background:#f9f9f9; border-radius:5px;'>\n<summary style='font-weight:bold; cursor:pointer;'>Di che materiale \u00e8 fatto lo scheletro della sedia?<\/summary>\n<div style='margin-top:10px; color:#555;'>Lo scheletro \u00e8 in ferro e robusto, progettato per piegarsi con un solo movimento per un facile trasporto.<\/div>\n<\/details>\n<details style='margin-bottom:10px; padding:10px; background:#f9f9f9; border-radius:5px;'>\n<summary style='font-weight:bold; cursor:pointer;'>Il tessuto \u00e8 impermeabile?<\/summary>\n<div style='margin-top:10px; color:#555;'>S\u00ec, dispone di tessuto impermeabile che si pulisce facilmente.<\/div>\n<\/details>\n<details style='margin-bottom:10px; padding:10px; background:#f9f9f9; border-radius:5px;'>\n<summary style='font-weight:bold; cursor:pointer;'>Per quali usi \u00e8 adatta la sedia?<\/summary>\n<div style='margin-top:10px; color:#555;'>Ideale per la spiaggia, il campeggio, la pesca e l&#8217;uso in giardino.<\/div>\n<\/details>\n<details style='margin-bottom:10px; padding:10px; background:#f9f9f9; border-radius:5px;'>\n<summary style='font-weight:bold; cursor:pointer;'>Qual \u00e8 l&#8217;altezza del sedile e l&#8217;altezza totale?<\/summary>\n<div style='margin-top:10px; color:#555;'>L&#8217;altezza del sedile \u00e8 di 37 cm e l&#8217;altezza totale \u00e8 di 78 cm.<\/div>\n<\/details>\n<details style='margin-bottom:10px; padding:10px; background:#f9f9f9; border-radius:5px;'>\n<summary style='font-weight:bold; cursor:pointer;'>Ha elementi antiscivolo?<\/summary>\n<div style='margin-top:10px; color:#555;'>S\u00ec, la sedia \u00e8 dotata di piedini antiscivolo per la stabilit\u00e0.<\/div>\n<\/details>\n<\/div>\n","protected":false},"excerpt":{"rendered":"<p>Sedia da campeggio pieghevole con tessuto impermeabile e robusto telaio in ferro che si piega con un solo movimento. Dispone di braccioli, schienale e piedini antiscivolo, ideale per spiaggia, campeggio e giardino.<\/p>\n","protected":false},"featured_media":5385181,"comment_status":"open","ping_status":"open","template":"","meta":[],"product_brand":[],"product_cat":[196776,251868,252836,197296,198421,196541],"product_tag":[69269,88345,121417,175155],"class_list":{"0":"post-5385300","1":"product","2":"type-product","3":"status-publish","4":"has-post-thumbnail","6":"product_cat-caccia-spiaggia-campeggio","7":"product_cat-sedie-da-campeggio","8":"product_cat-sedie-da-spiaggia","9":"product_cat-sedie-da-spiaggia-campeggio","10":"product_cat-sedie-pieghevoli","11":"product_cat-stagionale-turistico-hobby","12":"product_tag-37cm","13":"product_tag-78cm","14":"product_tag-camping","15":"product_tag-hobby","17":"first","18":"onbackorder","19":"purchasable","20":"product-type-simple"},"jetpack_sharing_enabled":true,"_links":{"self":[{"href":"https:\/\/gadgettravellers.eu\/it\/wp-json\/wp\/v2\/product\/5385300","targetHints":{"allow":["GET"]}}],"collection":[{"href":"https:\/\/gadgettravellers.eu\/it\/wp-json\/wp\/v2\/product"}],"about":[{"href":"https:\/\/gadgettravellers.eu\/it\/wp-json\/wp\/v2\/types\/product"}],"replies":[{"embeddable":true,"href":"https:\/\/gadgettravellers.eu\/it\/wp-json\/wp\/v2\/comments?post=5385300"}],"wp:featuredmedia":[{"embeddable":true,"href":"https:\/\/gadgettravellers.eu\/it\/wp-json\/wp\/v2\/media\/5385181"}],"wp:attachment":[{"href":"https:\/\/gadgettravellers.eu\/it\/wp-json\/wp\/v2\/media?parent=5385300"}],"wp:term":[{"taxonomy":"product_brand","embeddable":true,"href":"https:\/\/gadgettravellers.eu\/it\/wp-json\/wp\/v2\/product_brand?post=5385300"},{"taxonomy":"product_cat","embeddable":true,"href":"https:\/\/gadgettravellers.eu\/it\/wp-json\/wp\/v2\/product_cat?post=5385300"},{"taxonomy":"product_tag","embeddable":true,"href":"https:\/\/gadgettravellers.eu\/it\/wp-json\/wp\/v2\/product_tag?post=5385300"}],"curies":[{"name":"wp","href":"https:\/\/api.w.org\/{rel}","templated":true}]}}