{"id":5385536,"date":"2026-04-01T23:18:40","date_gmt":"2026-04-01T21:18:40","guid":{"rendered":""},"modified":"2026-04-05T23:25:49","modified_gmt":"2026-04-05T21:25:49","slug":"borsa-da-spiaggia-occhio-set-con-beauty-case-55x37x17cm-19x12cm-summertiempo-623369","status":"publish","type":"product","link":"https:\/\/gadgettravellers.eu\/it\/shop\/borsa-da-spiaggia-occhio-set-con-beauty-case-55x37x17cm-19x12cm-summertiempo-623369\/","title":{"rendered":"Borsa da Spiaggia Occhio set con Beauty Case 55x37x17cm &#038; 19x12cm SummerTiempo 623369"},"content":{"rendered":"<p>Set= borsa &#038; beauty case. Con cerniera 55x37x17cm &#038; 19x12cm<\/p>\n<div class='aiseo-faq-section' style='margin-top:30px; border-top:1px solid #eee; padding-top:20px;'>\n<h3>Domande Frequenti<\/h3>\n<details style='margin-bottom:10px; padding:10px; background:#f9f9f9; border-radius:5px;'>\n<summary style='font-weight:bold; cursor:pointer;'>Cosa include il set?<\/summary>\n<div style='margin-top:10px; color:#555;'>Include borsa da spiaggia (55x37x17 cm) e beauty case (19&#215;12 cm).<\/div>\n<\/details>\n<details style='margin-bottom:10px; padding:10px; background:#f9f9f9; border-radius:5px;'>\n<summary style='font-weight:bold; cursor:pointer;'>Hanno una cerniera?<\/summary>\n<div style='margin-top:10px; color:#555;'>S\u00ec \u2014 sia la borsa che il beauty case hanno la cerniera.<\/div>\n<\/details>\n<details style='margin-bottom:10px; padding:10px; background:#f9f9f9; border-radius:5px;'>\n<summary style='font-weight:bold; cursor:pointer;'>Quali sono le dimensioni della borsa e del beauty case?<\/summary>\n<div style='margin-top:10px; color:#555;'>Borsa: 55x37x17 cm. Beauty case: 19&#215;12 cm.<\/div>\n<\/details>\n<details style='margin-bottom:10px; padding:10px; background:#f9f9f9; border-radius:5px;'>\n<summary style='font-weight:bold; cursor:pointer;'>\u00c8 adatta per l&#8217;uso in spiaggia?<\/summary>\n<div style='margin-top:10px; color:#555;'>S\u00ec, \u00e8 progettata come borsa da spiaggia ed \u00e8 destinata all&#8217;uso in spiaggia.<\/div>\n<\/details>\n<\/div>\n","protected":false},"excerpt":{"rendered":"<p>Set borsa da spiaggia e beauty case con cerniera, ideale per conservare vestiti e oggetti personali. Dimensioni: borsa 55x37x17 cm, beauty case 19&#215;12 cm.<\/p>\n","protected":false},"featured_media":5374453,"comment_status":"closed","ping_status":"open","template":"","meta":[],"product_brand":[],"product_cat":[205104,254139,203584,247995,254140],"product_tag":[254130,254131],"class_list":{"0":"post-5385536","1":"product","2":"type-product","3":"status-publish","4":"has-post-thumbnail","6":"product_cat-abbigliamento-da-spiaggia","7":"product_cat-beauty-case-da-viaggio","8":"product_cat-borse-da-spiaggia","9":"product_cat-estivi","10":"product_cat-set-borsa-beauty-case","11":"product_tag-19x12-cm","12":"product_tag-55x37x17-cm","14":"first","15":"onbackorder","16":"purchasable","17":"product-type-simple"},"jetpack_sharing_enabled":true,"_links":{"self":[{"href":"https:\/\/gadgettravellers.eu\/it\/wp-json\/wp\/v2\/product\/5385536","targetHints":{"allow":["GET"]}}],"collection":[{"href":"https:\/\/gadgettravellers.eu\/it\/wp-json\/wp\/v2\/product"}],"about":[{"href":"https:\/\/gadgettravellers.eu\/it\/wp-json\/wp\/v2\/types\/product"}],"replies":[{"embeddable":true,"href":"https:\/\/gadgettravellers.eu\/it\/wp-json\/wp\/v2\/comments?post=5385536"}],"wp:featuredmedia":[{"embeddable":true,"href":"https:\/\/gadgettravellers.eu\/it\/wp-json\/wp\/v2\/media\/5374453"}],"wp:attachment":[{"href":"https:\/\/gadgettravellers.eu\/it\/wp-json\/wp\/v2\/media?parent=5385536"}],"wp:term":[{"taxonomy":"product_brand","embeddable":true,"href":"https:\/\/gadgettravellers.eu\/it\/wp-json\/wp\/v2\/product_brand?post=5385536"},{"taxonomy":"product_cat","embeddable":true,"href":"https:\/\/gadgettravellers.eu\/it\/wp-json\/wp\/v2\/product_cat?post=5385536"},{"taxonomy":"product_tag","embeddable":true,"href":"https:\/\/gadgettravellers.eu\/it\/wp-json\/wp\/v2\/product_tag?post=5385536"}],"curies":[{"name":"wp","href":"https:\/\/api.w.org\/{rel}","templated":true}]}}