{"id":5385639,"date":"2026-04-02T22:13:43","date_gmt":"2026-04-02T20:13:43","guid":{"rendered":""},"modified":"2026-04-05T22:37:57","modified_gmt":"2026-04-05T20:37:57","slug":"souvenir-decorativo-barchetta-a-vela-8-14cm-920853","status":"publish","type":"product","link":"https:\/\/gadgettravellers.eu\/it\/shop\/souvenir-decorativo-barchetta-a-vela-8-14cm-920853\/","title":{"rendered":"Souvenir decorativo &#8211; Barchetta a vela &#8211; 8-14cm &#8211; 920853"},"content":{"rendered":"<p>Souvenir decorativo fatto a mano, veliero in legno, realizzato con materiali di alta qualit\u00e0 non tossici e colori indelebili, con un meraviglioso design realistico.<br \/>Lunghezza: 14cm<\/p>\n<p>Disponibile in una variet\u00e0 di combinazioni di colori &#8211; Spedizione in base alla disponibilit\u00e0.<\/p>\n<div class='aiseo-faq-section' style='margin-top:30px; border-top:1px solid #eee; padding-top:20px;'>\n<h3>Domande Frequenti<\/h3>\n<details style='margin-bottom:10px; padding:10px; background:#f9f9f9; border-radius:5px;'>\n<summary style='font-weight:bold; cursor:pointer;'>Di quali materiali \u00e8 fatto il barchetta?<\/summary>\n<div style='margin-top:10px; color:#555;'>\u00c8 di legno, realizzato con materiali di alta qualit\u00e0 e verniciato con colori atossici e indelebili.<\/div>\n<\/details>\n<details style='margin-bottom:10px; padding:10px; background:#f9f9f9; border-radius:5px;'>\n<summary style='font-weight:bold; cursor:pointer;'>Qual \u00e8 la dimensione del prodotto?<\/summary>\n<div style='margin-top:10px; color:#555;'>Nella descrizione \u00e8 indicata una lunghezza di 14 cm, mentre nel nome \u00e8 presente un intervallo di 8\u201314 cm.<\/div>\n<\/details>\n<details style='margin-bottom:10px; padding:10px; background:#f9f9f9; border-radius:5px;'>\n<summary style='font-weight:bold; cursor:pointer;'>Ci sono opzioni di colore disponibili?<\/summary>\n<div style='margin-top:10px; color:#555;'>S\u00ec, \u00e8 disponibile in una variet\u00e0 di combinazioni di colori a seconda della disponibilit\u00e0.<\/div>\n<\/details>\n<details style='margin-bottom:10px; padding:10px; background:#f9f9f9; border-radius:5px;'>\n<summary style='font-weight:bold; cursor:pointer;'>\u00c8 adatto per una cameretta?<\/summary>\n<div style='margin-top:10px; color:#555;'>\u00c8 realizzato con materiali non tossici ed \u00e8 destinato come souvenir decorativo, ma non \u00e8 indicato come giocattolo per bambini piccoli.<\/div>\n<\/details>\n<\/div>\n","protected":false},"excerpt":{"rendered":"<p>Souvenir in legno fatto a mano a forma di veliero, realizzato con materiali non tossici e colori indelebili. Lunghezza 14 cm e disponibile in una variet\u00e0 di combinazioni di colori a seconda della disponibilit\u00e0.<\/p>\n","protected":false},"featured_media":5107913,"comment_status":"closed","ping_status":"open","template":"","meta":[],"product_brand":[],"product_cat":[196539,200650,200648,4364,196541],"product_tag":[178750,175155,121392],"class_list":{"0":"post-5385639","1":"product","2":"type-product","3":"status-publish","4":"has-post-thumbnail","6":"product_cat-articoli-turistici-e-stagionali","7":"product_cat-decorazioni-in-legno","8":"product_cat-decorazioni-nautiche","9":"product_cat-souvenir-2","10":"product_cat-stagionale-turistico-hobby","11":"product_tag-14cm","12":"product_tag-hobby","13":"product_tag-souvenir","15":"first","16":"onbackorder","17":"purchasable","18":"product-type-simple"},"jetpack_sharing_enabled":true,"_links":{"self":[{"href":"https:\/\/gadgettravellers.eu\/it\/wp-json\/wp\/v2\/product\/5385639","targetHints":{"allow":["GET"]}}],"collection":[{"href":"https:\/\/gadgettravellers.eu\/it\/wp-json\/wp\/v2\/product"}],"about":[{"href":"https:\/\/gadgettravellers.eu\/it\/wp-json\/wp\/v2\/types\/product"}],"replies":[{"embeddable":true,"href":"https:\/\/gadgettravellers.eu\/it\/wp-json\/wp\/v2\/comments?post=5385639"}],"wp:featuredmedia":[{"embeddable":true,"href":"https:\/\/gadgettravellers.eu\/it\/wp-json\/wp\/v2\/media\/5107913"}],"wp:attachment":[{"href":"https:\/\/gadgettravellers.eu\/it\/wp-json\/wp\/v2\/media?parent=5385639"}],"wp:term":[{"taxonomy":"product_brand","embeddable":true,"href":"https:\/\/gadgettravellers.eu\/it\/wp-json\/wp\/v2\/product_brand?post=5385639"},{"taxonomy":"product_cat","embeddable":true,"href":"https:\/\/gadgettravellers.eu\/it\/wp-json\/wp\/v2\/product_cat?post=5385639"},{"taxonomy":"product_tag","embeddable":true,"href":"https:\/\/gadgettravellers.eu\/it\/wp-json\/wp\/v2\/product_tag?post=5385639"}],"curies":[{"name":"wp","href":"https:\/\/api.w.org\/{rel}","templated":true}]}}