{"id":5385646,"date":"2026-04-02T22:13:46","date_gmt":"2026-04-02T20:13:46","guid":{"rendered":""},"modified":"2026-04-05T22:37:59","modified_gmt":"2026-04-05T20:37:59","slug":"souvenir-decorativo-lanterna-portacandela-251681","status":"publish","type":"product","link":"https:\/\/gadgettravellers.eu\/it\/shop\/souvenir-decorativo-lanterna-portacandela-251681\/","title":{"rendered":"Souvenir decorativo &#8211; Lanterna portacandela &#8211; 251681"},"content":{"rendered":"<p>Souvenir decorativo fatto a mano, lanterna con base per candela tealight, realizzato in poliestere di alta qualit\u00e0, materiale non tossico e colori indelebili, con splendidi disegni in rilievo realistici che rappresentano l&#8217;estate e il mare. Ideale come ricordo di viaggio o regalo.<\/p>\n<p>*Disponibile in una variet\u00e0 di disegni &#8211; Invio del disegno in base alla disponibilit\u00e0. <\/p>\n<div class='aiseo-faq-section' style='margin-top:30px; border-top:1px solid #eee; padding-top:20px;'>\n<h3>Domande Frequenti<\/h3>\n<details style='margin-bottom:10px; padding:10px; background:#f9f9f9; border-radius:5px;'>\n<summary style='font-weight:bold; cursor:pointer;'>Di che materiale \u00e8 fatto il lanternino?<\/summary>\n<div style='margin-top:10px; color:#555;'>\u00c8 in poliestere di alta qualit\u00e0 ed \u00e8 non tossico.<\/div>\n<\/details>\n<details style='margin-bottom:10px; padding:10px; background:#f9f9f9; border-radius:5px;'>\n<summary style='font-weight:bold; cursor:pointer;'>Posso mettere una candela a tea nella lanterna?<\/summary>\n<div style='margin-top:10px; color:#555;'>S\u00ec, dispone di una base apposita per candele a tea light.<\/div>\n<\/details>\n<details style='margin-bottom:10px; padding:10px; background:#f9f9f9; border-radius:5px;'>\n<summary style='font-weight:bold; cursor:pointer;'>Quali progetti sono disponibili?<\/summary>\n<div style='margin-top:10px; color:#555;'>Esiste una variet\u00e0 di disegni in rilievo realistici che raffigurano l&#8217;estate e il mare, e vengono spediti in base alla disponibilit\u00e0.<\/div>\n<\/details>\n<details style='margin-bottom:10px; padding:10px; background:#f9f9f9; border-radius:5px;'>\n<summary style='font-weight:bold; cursor:pointer;'>I colori sbiadiscono o sono indelebili?<\/summary>\n<div style='margin-top:10px; color:#555;'>Vengono utilizzati colori indelebili, in modo da preservare il disegno.<\/div>\n<\/details>\n<\/div>\n","protected":false},"excerpt":{"rendered":"<p>Lanterna decorativa fatta a mano con base per candela tealight, realizzata in poliestere di alta qualit\u00e0 non tossico e colori indelebili. Ideale come souvenir di viaggio o piccolo regalo, con una variet\u00e0 di design a seconda della disponibilit\u00e0.<\/p>\n","protected":false},"featured_media":5385565,"comment_status":"closed","ping_status":"open","template":"","meta":[],"product_brand":[],"product_cat":[196539,199114,254202,4364,196559,196541],"product_tag":[175155,121392],"class_list":{"0":"post-5385646","1":"product","2":"type-product","3":"status-publish","4":"has-post-thumbnail","6":"product_cat-articoli-turistici-e-stagionali","7":"product_cat-decorazioni-da-tavolo","8":"product_cat-lanterna-per-tea-light","9":"product_cat-souvenir-2","10":"product_cat-souvenir-e-ricordi","11":"product_cat-stagionale-turistico-hobby","12":"product_tag-hobby","13":"product_tag-souvenir","15":"first","16":"onbackorder","17":"purchasable","18":"product-type-simple"},"jetpack_sharing_enabled":true,"_links":{"self":[{"href":"https:\/\/gadgettravellers.eu\/it\/wp-json\/wp\/v2\/product\/5385646","targetHints":{"allow":["GET"]}}],"collection":[{"href":"https:\/\/gadgettravellers.eu\/it\/wp-json\/wp\/v2\/product"}],"about":[{"href":"https:\/\/gadgettravellers.eu\/it\/wp-json\/wp\/v2\/types\/product"}],"replies":[{"embeddable":true,"href":"https:\/\/gadgettravellers.eu\/it\/wp-json\/wp\/v2\/comments?post=5385646"}],"wp:featuredmedia":[{"embeddable":true,"href":"https:\/\/gadgettravellers.eu\/it\/wp-json\/wp\/v2\/media\/5385565"}],"wp:attachment":[{"href":"https:\/\/gadgettravellers.eu\/it\/wp-json\/wp\/v2\/media?parent=5385646"}],"wp:term":[{"taxonomy":"product_brand","embeddable":true,"href":"https:\/\/gadgettravellers.eu\/it\/wp-json\/wp\/v2\/product_brand?post=5385646"},{"taxonomy":"product_cat","embeddable":true,"href":"https:\/\/gadgettravellers.eu\/it\/wp-json\/wp\/v2\/product_cat?post=5385646"},{"taxonomy":"product_tag","embeddable":true,"href":"https:\/\/gadgettravellers.eu\/it\/wp-json\/wp\/v2\/product_tag?post=5385646"}],"curies":[{"name":"wp","href":"https:\/\/api.w.org\/{rel}","templated":true}]}}