{"id":5385656,"date":"2026-04-02T22:13:51","date_gmt":"2026-04-02T20:13:51","guid":{"rendered":""},"modified":"2026-04-05T22:38:03","modified_gmt":"2026-04-05T20:38:03","slug":"set-2x-ventilatori-da-pavimento-con-supporto-130w-65cm-675992","status":"publish","type":"product","link":"https:\/\/gadgettravellers.eu\/it\/shop\/set-2x-ventilatori-da-pavimento-con-supporto-130w-65cm-675992\/","title":{"rendered":"Set 2X ventilatori da pavimento con supporto &#8211; 130W &#8211; 65cm &#8211; 675992"},"content":{"rendered":"<p>Ventilatore da pavimento potente con supporto. <br \/><strong>Confezione da 2 pezzi.<\/strong><\/p>\n<p>Aspetto elegante, in colore nero che si adatta a ogni arredamento. <br \/>Basso consumo con alta efficienza. <br \/>Rotazione continua di 180\u00b0 (non dispone di funzione di blocco).<br \/>Potenza: 130W.<br \/>Velocit\u00e0: 1400r\/min<br \/>3 livelli di intensit\u00e0 regolabili.<br \/>Base resistente in plastica solida con gomma pesante.<\/p>\n<p>Diametro 65cm, ideale per coprire grandi spazi, professionali e privati.<\/p>\n<p>Altezza totale: 1,60m (fissa &#8211; non regolabile).<\/p>\n<div class='aiseo-faq-section' style='margin-top:30px; border-top:1px solid #eee; padding-top:20px;'>\n<h3>Domande Frequenti<\/h3>\n<details style='margin-bottom:10px; padding:10px; background:#f9f9f9; border-radius:5px;'>\n<summary style='font-weight:bold; cursor:pointer;'>Quanti pezzi include il set?<\/summary>\n<div style='margin-top:10px; color:#555;'>Il pacchetto include 2 ventole (set da 2 pezzi).<\/div>\n<\/details>\n<details style='margin-bottom:10px; padding:10px; background:#f9f9f9; border-radius:5px;'>\n<summary style='font-weight:bold; cursor:pointer;'>Qual \u00e8 la potenza e il diametro dell&#8217;elica?<\/summary>\n<div style='margin-top:10px; color:#555;'>La potenza \u00e8 di 130W e il diametro dell&#8217;elica \u00e8 di 65 cm.<\/div>\n<\/details>\n<details style='margin-bottom:10px; padding:10px; background:#f9f9f9; border-radius:5px;'>\n<summary style='font-weight:bold; cursor:pointer;'>\u00c8 possibile regolare l&#8217;altezza o l&#8217;angolo di rotazione?<\/summary>\n<div style='margin-top:10px; color:#555;'>L&#8217;altezza totale \u00e8 fissa a 1,60 m e non \u00e8 regolabile, mentre la testina ruota continuamente di 180\u00b0 senza possibilit\u00e0 di fissaggio.<\/div>\n<\/details>\n<details style='margin-bottom:10px; padding:10px; background:#f9f9f9; border-radius:5px;'>\n<summary style='font-weight:bold; cursor:pointer;'>Quante velocit\u00e0 ha e qual \u00e8 la velocit\u00e0 massima?<\/summary>\n<div style='margin-top:10px; color:#555;'>Dispone di 3 livelli di intensit\u00e0 regolabili e una velocit\u00e0 di 1400 g\/min.<\/div>\n<\/details>\n<details style='margin-bottom:10px; padding:10px; background:#f9f9f9; border-radius:5px;'>\n<summary style='font-weight:bold; cursor:pointer;'>Per quali ambienti \u00e8 adatto questo ventilatore?<\/summary>\n<div style='margin-top:10px; color:#555;'>\u00c8 ideale per coprire grandi spazi professionali e privati.<\/div>\n<\/details>\n<\/div>\n","protected":false},"excerpt":{"rendered":"<p>Set di due potenti ventilatori da pavimento con supporto, diametro della pala 65cm e potenza 130W, con 3 velocit\u00e0 regolabili e rotazione continua di 180\u00b0, adatti per grandi ambienti.<\/p>\n","protected":false},"featured_media":5385587,"comment_status":"closed","ping_status":"open","template":"","meta":[],"product_brand":[],"product_cat":[164603,196293,196319,246099,246101,254204],"product_tag":[174681,254171,208342,206529,207163,174679],"class_list":{"0":"post-5385656","1":"product","2":"type-product","3":"status-publish","4":"has-post-thumbnail","6":"product_cat-articoli-per-la-casa","7":"product_cat-casa-animale-domestico","8":"product_cat-tipi-di-raffreddamento","9":"product_cat-ventilatori-a-colonna","10":"product_cat-ventilatori-da-pavimento","11":"product_cat-ventilatori-per-grandi-spazi","12":"product_tag-130w","13":"product_tag-1400rmin","14":"product_tag-208342","15":"product_tag-206529","16":"product_tag-207163","17":"product_tag-65cm","19":"first","20":"onbackorder","21":"purchasable","22":"product-type-simple"},"jetpack_sharing_enabled":true,"_links":{"self":[{"href":"https:\/\/gadgettravellers.eu\/it\/wp-json\/wp\/v2\/product\/5385656","targetHints":{"allow":["GET"]}}],"collection":[{"href":"https:\/\/gadgettravellers.eu\/it\/wp-json\/wp\/v2\/product"}],"about":[{"href":"https:\/\/gadgettravellers.eu\/it\/wp-json\/wp\/v2\/types\/product"}],"replies":[{"embeddable":true,"href":"https:\/\/gadgettravellers.eu\/it\/wp-json\/wp\/v2\/comments?post=5385656"}],"wp:featuredmedia":[{"embeddable":true,"href":"https:\/\/gadgettravellers.eu\/it\/wp-json\/wp\/v2\/media\/5385587"}],"wp:attachment":[{"href":"https:\/\/gadgettravellers.eu\/it\/wp-json\/wp\/v2\/media?parent=5385656"}],"wp:term":[{"taxonomy":"product_brand","embeddable":true,"href":"https:\/\/gadgettravellers.eu\/it\/wp-json\/wp\/v2\/product_brand?post=5385656"},{"taxonomy":"product_cat","embeddable":true,"href":"https:\/\/gadgettravellers.eu\/it\/wp-json\/wp\/v2\/product_cat?post=5385656"},{"taxonomy":"product_tag","embeddable":true,"href":"https:\/\/gadgettravellers.eu\/it\/wp-json\/wp\/v2\/product_tag?post=5385656"}],"curies":[{"name":"wp","href":"https:\/\/api.w.org\/{rel}","templated":true}]}}