{"id":5385679,"date":"2026-04-02T22:14:01","date_gmt":"2026-04-02T20:14:01","guid":{"rendered":""},"modified":"2026-04-05T22:38:16","modified_gmt":"2026-04-05T20:38:16","slug":"sedia-da-campeggio-pieghevole-1613-251026-blu-giallo","status":"publish","type":"product","link":"https:\/\/gadgettravellers.eu\/it\/shop\/sedia-da-campeggio-pieghevole-1613-251026-blu-giallo\/","title":{"rendered":"Sedia da campeggio pieghevole &#8211; 1613 &#8211; 251026 &#8211; Blu\/Giallo"},"content":{"rendered":"<p>Sedia da campeggio pieghevole bassa, con braccioli e tessuto resistente e impermeabile facile da pulire. <br \/>Struttura robusta in ferro che si piega con un solo movimento, per un facile trasporto e stoccaggio. <br \/>Dotata di borsa-portaoggetti sul retro e possibilit\u00e0 di inclinare completamente lo schienale per molteplici modalit\u00e0 d&#8217;uso. <br \/>Ideale per la spiaggia, il campeggio, la pesca, il giardino ecc. <\/p>\n<div class='aiseo-faq-section' style='margin-top:30px; border-top:1px solid #eee; padding-top:20px;'>\n<h3>Domande Frequenti<\/h3>\n<details style='margin-bottom:10px; padding:10px; background:#f9f9f9; border-radius:5px;'>\n<summary style='font-weight:bold; cursor:pointer;'>Di che materiale \u00e8 fatto lo scheletro della sedia?<\/summary>\n<div style='margin-top:10px; color:#555;'>Lo scheletro \u00e8 robusto e realizzato in ferro, come indicato nella descrizione.<\/div>\n<\/details>\n<details style='margin-bottom:10px; padding:10px; background:#f9f9f9; border-radius:5px;'>\n<summary style='font-weight:bold; cursor:pointer;'>Pu\u00f2 essere piegato per un facile trasporto?<\/summary>\n<div style='margin-top:10px; color:#555;'>S\u00ec, la sedia si piega con un solo movimento per un facile trasporto e stoccaggio.<\/div>\n<\/details>\n<details style='margin-bottom:10px; padding:10px; background:#f9f9f9; border-radius:5px;'>\n<summary style='font-weight:bold; cursor:pointer;'>C&#8217;\u00e8 spazio di archiviazione per gli oggetti?<\/summary>\n<div style='margin-top:10px; color:#555;'>S\u00ec, dispone di una borsa-portaoggetti sul retro per i tuoi effetti personali.<\/div>\n<\/details>\n<details style='margin-bottom:10px; padding:10px; background:#f9f9f9; border-radius:5px;'>\n<summary style='font-weight:bold; cursor:pointer;'>La schiena pu\u00f2 diventare completamente orizzontale?<\/summary>\n<div style='margin-top:10px; color:#555;'>S\u00ec, lo schienale \u00e8 regolabile per aprirsi in completa orizzontalit\u00e0 per molteplici modalit\u00e0 d&#8217;uso.<\/div>\n<\/details>\n<\/div>\n","protected":false},"excerpt":{"rendered":"<p>Sedia da campeggio pieghevole bassa con braccioli, tessuto impermeabile facile da pulire e robusto telaio in ferro che si piega per la portabilit\u00e0. Dispone di una tasca portaoggetti posteriore e schienale completamente reclinabile.<\/p>\n","protected":false},"featured_media":5385629,"comment_status":"closed","ping_status":"open","template":"","meta":[],"product_brand":[],"product_cat":[196776,251868,252836,197296,198421,196541],"product_tag":[121417,175155],"class_list":{"0":"post-5385679","1":"product","2":"type-product","3":"status-publish","4":"has-post-thumbnail","6":"product_cat-caccia-spiaggia-campeggio","7":"product_cat-sedie-da-campeggio","8":"product_cat-sedie-da-spiaggia","9":"product_cat-sedie-da-spiaggia-campeggio","10":"product_cat-sedie-pieghevoli","11":"product_cat-stagionale-turistico-hobby","12":"product_tag-camping","13":"product_tag-hobby","15":"first","16":"onbackorder","17":"purchasable","18":"product-type-simple"},"jetpack_sharing_enabled":true,"_links":{"self":[{"href":"https:\/\/gadgettravellers.eu\/it\/wp-json\/wp\/v2\/product\/5385679","targetHints":{"allow":["GET"]}}],"collection":[{"href":"https:\/\/gadgettravellers.eu\/it\/wp-json\/wp\/v2\/product"}],"about":[{"href":"https:\/\/gadgettravellers.eu\/it\/wp-json\/wp\/v2\/types\/product"}],"replies":[{"embeddable":true,"href":"https:\/\/gadgettravellers.eu\/it\/wp-json\/wp\/v2\/comments?post=5385679"}],"wp:featuredmedia":[{"embeddable":true,"href":"https:\/\/gadgettravellers.eu\/it\/wp-json\/wp\/v2\/media\/5385629"}],"wp:attachment":[{"href":"https:\/\/gadgettravellers.eu\/it\/wp-json\/wp\/v2\/media?parent=5385679"}],"wp:term":[{"taxonomy":"product_brand","embeddable":true,"href":"https:\/\/gadgettravellers.eu\/it\/wp-json\/wp\/v2\/product_brand?post=5385679"},{"taxonomy":"product_cat","embeddable":true,"href":"https:\/\/gadgettravellers.eu\/it\/wp-json\/wp\/v2\/product_cat?post=5385679"},{"taxonomy":"product_tag","embeddable":true,"href":"https:\/\/gadgettravellers.eu\/it\/wp-json\/wp\/v2\/product_tag?post=5385679"}],"curies":[{"name":"wp","href":"https:\/\/api.w.org\/{rel}","templated":true}]}}