{"id":5386423,"date":"2026-04-09T22:20:59","date_gmt":"2026-04-09T20:20:59","guid":{"rendered":""},"modified":"2026-04-10T22:08:26","modified_gmt":"2026-04-10T20:08:26","slug":"cuscino-da-viaggio-per-il-collo-memory-foam-718882-petrol-blue","status":"publish","type":"product","link":"https:\/\/gadgettravellers.eu\/it\/shop\/cuscino-da-viaggio-per-il-collo-memory-foam-718882-petrol-blue\/","title":{"rendered":"Cuscino da viaggio per il collo &#8211; Memory Foam &#8211; 718882 &#8211; Petrol Blue"},"content":{"rendered":"<p>Cuscino per il collo in memory foam, <br \/>ideale per i tuoi viaggi, con rivestimento ipoallergenico morbido e design ergonomico di supporto per il collo per un uso confortevole prolungato. <br \/>Il tessuto \u00e8 rimovibile con cerniera e lavabile. <\/p>\n<p>Dimensioni (circa): 28 x 24 x 9cm.<\/p>\n<div class='aiseo-faq-section' style='margin-top:30px; border-top:1px solid #eee; padding-top:20px;'>\n<h3>Domande Frequenti<\/h3>\n<details style='margin-bottom:10px; padding:10px; background:#f9f9f9; border-radius:5px;'>\n<summary style='font-weight:bold; cursor:pointer;'>Di che materiale \u00e8 il cuscino?<\/summary>\n<div style='margin-top:10px; color:#555;'>Il cuscino ha un interno in schiuma memory.<\/div>\n<\/details>\n<details style='margin-bottom:10px; padding:10px; background:#f9f9f9; border-radius:5px;'>\n<summary style='font-weight:bold; cursor:pointer;'>Il rivestimento \u00e8 lavabile?<\/summary>\n<div style='margin-top:10px; color:#555;'>S\u00ec, la fodera \u00e8 rimovibile con cerniera e pu\u00f2 essere lavata.<\/div>\n<\/details>\n<details style='margin-bottom:10px; padding:10px; background:#f9f9f9; border-radius:5px;'>\n<summary style='font-weight:bold; cursor:pointer;'>\u00c8 adatto per utenti allergici?<\/summary>\n<div style='margin-top:10px; color:#555;'>L&#8217;imbottitura \u00e8 ipoallergenica, progettata per ridurre il rischio di irritazioni.<\/div>\n<\/details>\n<details style='margin-bottom:10px; padding:10px; background:#f9f9f9; border-radius:5px;'>\n<summary style='font-weight:bold; cursor:pointer;'>Quali sono le dimensioni del prodotto?<\/summary>\n<div style='margin-top:10px; color:#555;'>Circa 28 x 24 x 9 cm.<\/div>\n<\/details>\n<details style='margin-bottom:10px; padding:10px; background:#f9f9f9; border-radius:5px;'>\n<summary style='font-weight:bold; cursor:pointer;'>Pu\u00f2 essere utilizzato per viaggi di lunga durata?<\/summary>\n<div style='margin-top:10px; color:#555;'>S\u00ec, il design ergonomico offre supporto per un uso confortevole prolungato.<\/div>\n<\/details>\n<\/div>\n","protected":false},"excerpt":{"rendered":"<p>Cuscino per il collo con schiuma memory e rivestimento ipoallergenico, rimovibile e lavabile, progettato per un supporto ergonomico e comfort durante lunghi viaggi. Dimensioni circa 28 x 24 x 9 cm.<\/p>\n","protected":false},"featured_media":5386420,"comment_status":"closed","ping_status":"open","template":"","meta":[],"product_brand":[],"product_cat":[203503,197585,196776,204079,204067,196541],"product_tag":[80201,121417,175155],"class_list":{"0":"post-5386423","1":"product","2":"type-product","3":"status-publish","4":"has-post-thumbnail","6":"product_cat-accessori-da-viaggio","7":"product_cat-borse-e-abbigliamento","8":"product_cat-caccia-spiaggia-campeggio","9":"product_cat-cuscini-in-schiuma-memory-foam","10":"product_cat-cuscini-per-il-collo","11":"product_cat-stagionale-turistico-hobby","12":"product_tag-28x24x9cm","13":"product_tag-camping","14":"product_tag-hobby","16":"first","17":"onbackorder","18":"purchasable","19":"product-type-simple"},"jetpack_sharing_enabled":true,"_links":{"self":[{"href":"https:\/\/gadgettravellers.eu\/it\/wp-json\/wp\/v2\/product\/5386423","targetHints":{"allow":["GET"]}}],"collection":[{"href":"https:\/\/gadgettravellers.eu\/it\/wp-json\/wp\/v2\/product"}],"about":[{"href":"https:\/\/gadgettravellers.eu\/it\/wp-json\/wp\/v2\/types\/product"}],"replies":[{"embeddable":true,"href":"https:\/\/gadgettravellers.eu\/it\/wp-json\/wp\/v2\/comments?post=5386423"}],"wp:featuredmedia":[{"embeddable":true,"href":"https:\/\/gadgettravellers.eu\/it\/wp-json\/wp\/v2\/media\/5386420"}],"wp:attachment":[{"href":"https:\/\/gadgettravellers.eu\/it\/wp-json\/wp\/v2\/media?parent=5386423"}],"wp:term":[{"taxonomy":"product_brand","embeddable":true,"href":"https:\/\/gadgettravellers.eu\/it\/wp-json\/wp\/v2\/product_brand?post=5386423"},{"taxonomy":"product_cat","embeddable":true,"href":"https:\/\/gadgettravellers.eu\/it\/wp-json\/wp\/v2\/product_cat?post=5386423"},{"taxonomy":"product_tag","embeddable":true,"href":"https:\/\/gadgettravellers.eu\/it\/wp-json\/wp\/v2\/product_tag?post=5386423"}],"curies":[{"name":"wp","href":"https:\/\/api.w.org\/{rel}","templated":true}]}}