{"id":5386912,"date":"2026-04-15T20:09:39","date_gmt":"2026-04-15T18:09:39","guid":{"rendered":""},"modified":"2026-05-05T03:20:47","modified_gmt":"2026-05-05T01:20:47","slug":"proraso-crema-prebarba-blu-protettiva-100ml","status":"publish","type":"product","link":"https:\/\/gadgettravellers.eu\/it\/shop\/proraso-crema-prebarba-blu-protettiva-100ml\/","title":{"rendered":"Proraso crema prebarba blu protettiva 100ml"},"content":{"rendered":"<h2>Proraso crema prebarba blu protettiva 100ml<\/h2>\n<p><strong>CREMA PRE BARBA:<\/strong> La Proraso crema prebarba blu protettiva \u00e8 il prodotto ideale per preparare la pelle alla <strong>rasatura tradizionale<\/strong>. Questa crema \u00e8 stata formulata per ammorbidire e preparare anche le barbe pi\u00f9 folte e dure, consentendo una rasatura perfetta e scorrevole.<\/p>\n<p>Il suo utilizzo garantisce una rasatura efficace e profonda, riducendo il rischio di irritazioni e rossori. La sua formula speciale, arricchita con ingredienti naturali, offre una protezione extra alla pelle, lasciandola morbida e idratata.<\/p>\n<p><strong>No parabeni, No siliconi, No oli minerali<\/strong><br \/>La Proraso crema prebarba blu protettiva \u00e8 un prodotto di alta qualit\u00e0, realizzato senza l&#8217;uso di parabeni, siliconi e oli minerali. Questo garantisce una cura delicata e rispettosa della pelle, anche la pi\u00f9 sensibile.<\/p>\n<p><strong>Testato dermatologicamente<\/strong><br \/>La sicurezza e l&#8217;efficacia di questo prodotto sono garantite da test dermatologici. Questo significa che la Proraso crema prebarba blu protettiva \u00e8 adatta a tutti i tipi di pelle, anche le pi\u00f9 sensibili.<\/p>\n<p>Per ottenere i migliori risultati, applicare la crema prebarba Proraso su viso e collo prima della rasatura. Massaggiare delicatamente fino a completo assorbimento. Procedere quindi con la rasatura tradizionale.<\/p>\n<p><strong>Ingredients<\/strong>: Aqua (Water\/Eau), Stearic Acid, Glycerin, Parfum (Fragrance), Tocopheryl Acetate, Aloe barbadensis Leaf Juice, Menthol, Cetearyl Alcohol, Tetrasodium Glutamate Diacetate, Potassium Hydroxide, Sodium Benzoate, Phenoxyethanol, Benzyl Alcohol, Hexyl Cinnamal, Linalool, Coumarin, Isoeugenol.<\/p>\n<p>Formato: 100ml<\/p>\n<p>Made in Italy<\/p>\n","protected":false},"excerpt":{"rendered":"<p>Proraso crema prebarba blu protettiva 100ml CREMA PRE BARBA: La Proraso crema prebarba blu protettiva \u00e8 il prodotto ideale per preparare la pelle alla rasatura tradizionale. Questa crema \u00e8 stata formulata per ammorbidire e preparare anche le barbe pi\u00f9 folte e dure, consentendo una rasatura perfetta e scorrevole. Il suo utilizzo garantisce una rasatura efficace [&hellip;]<\/p>\n","protected":false},"featured_media":59691,"comment_status":"closed","ping_status":"open","template":"","meta":[],"product_brand":[],"product_cat":[142224],"product_tag":[142292],"class_list":{"0":"post-5386912","1":"product","2":"type-product","3":"status-publish","4":"has-post-thumbnail","6":"product_cat-proraso-3","7":"product_tag-proraso","9":"first","10":"onbackorder","11":"purchasable","12":"product-type-simple"},"jetpack_sharing_enabled":true,"_links":{"self":[{"href":"https:\/\/gadgettravellers.eu\/it\/wp-json\/wp\/v2\/product\/5386912","targetHints":{"allow":["GET"]}}],"collection":[{"href":"https:\/\/gadgettravellers.eu\/it\/wp-json\/wp\/v2\/product"}],"about":[{"href":"https:\/\/gadgettravellers.eu\/it\/wp-json\/wp\/v2\/types\/product"}],"replies":[{"embeddable":true,"href":"https:\/\/gadgettravellers.eu\/it\/wp-json\/wp\/v2\/comments?post=5386912"}],"wp:featuredmedia":[{"embeddable":true,"href":"https:\/\/gadgettravellers.eu\/it\/wp-json\/wp\/v2\/media\/59691"}],"wp:attachment":[{"href":"https:\/\/gadgettravellers.eu\/it\/wp-json\/wp\/v2\/media?parent=5386912"}],"wp:term":[{"taxonomy":"product_brand","embeddable":true,"href":"https:\/\/gadgettravellers.eu\/it\/wp-json\/wp\/v2\/product_brand?post=5386912"},{"taxonomy":"product_cat","embeddable":true,"href":"https:\/\/gadgettravellers.eu\/it\/wp-json\/wp\/v2\/product_cat?post=5386912"},{"taxonomy":"product_tag","embeddable":true,"href":"https:\/\/gadgettravellers.eu\/it\/wp-json\/wp\/v2\/product_tag?post=5386912"}],"curies":[{"name":"wp","href":"https:\/\/api.w.org\/{rel}","templated":true}]}}