{"id":5388148,"date":"2026-04-15T22:52:44","date_gmt":"2026-04-15T20:52:44","guid":{"rendered":""},"modified":"2026-04-15T22:52:45","modified_gmt":"2026-04-15T20:52:45","slug":"salvagente-donut-bestway-o107cm-bestway-36118","status":"publish","type":"product","link":"https:\/\/gadgettravellers.eu\/it\/shop\/salvagente-donut-bestway-o107cm-bestway-36118\/","title":{"rendered":"Salvagente Donut Bestway \u00f8107cm Bestway 36118"},"content":{"rendered":"<p>Salvagente gonfiabile a forma di ciambella con diametro \u00f8107 cm, ideale per gioco e relax in piscina o al mare. Modello Bestway 36118, progettato per un uso confortevole e facile gonfiaggio, adatto a bambini e adulti che vogliono godersi l&#8217;acqua. Destinato al divertimento e supporta una navigazione sicura e stabile quando utilizzato sotto supervisione.<\/p>\n<div class='aiseo-faq-section' style='margin-top:30px; border-top:1px solid #eee; padding-top:20px;'>\n<h3>Domande Frequenti<\/h3>\n<details style='margin-bottom:10px; padding:10px; background:#f9f9f9; border-radius:5px;'>\n<summary style='font-weight:bold; cursor:pointer;'>Qual \u00e8 la dimensione del giubbotto di salvataggio?<\/summary>\n<div style='margin-top:10px; color:#555;'>Il diametro \u00e8 \u00f8107 cm come indicato nel nome.<\/div>\n<\/details>\n<details style='margin-bottom:10px; padding:10px; background:#f9f9f9; border-radius:5px;'>\n<summary style='font-weight:bold; cursor:pointer;'>Qual \u00e8 il modello del prodotto?<\/summary>\n<div style='margin-top:10px; color:#555;'>Il prodotto \u00e8 il modello Bestway 36118.<\/div>\n<\/details>\n<details style='margin-bottom:10px; padding:10px; background:#f9f9f9; border-radius:5px;'>\n<summary style='font-weight:bold; cursor:pointer;'>Per quale uso \u00e8 destinato?<\/summary>\n<div style='margin-top:10px; color:#555;'>Destinato all&#8217;uso in piscina e mare come salvagente gonfiabile\/anello di divertimento.<\/div>\n<\/details>\n<details style='margin-bottom:10px; padding:10px; background:#f9f9f9; border-radius:5px;'>\n<summary style='font-weight:bold; cursor:pointer;'>\u00c8 adatto ai bambini?<\/summary>\n<div style='margin-top:10px; color:#555;'>S\u00ec, \u00e8 adatto per il gioco dei bambini, tuttavia \u00e8 necessaria la supervisione di un adulto.<\/div>\n<\/details>\n<\/div>\n","protected":false},"excerpt":{"rendered":"<p>Salvagente gonfiabile a ciambella \u00f8107 cm (Bestway 36118), adatto per piscina e mare, facile da gonfiare e portatile per il divertimento estivo.<\/p>\n","protected":false},"featured_media":79442,"comment_status":"closed","ping_status":"open","template":"","meta":[],"product_brand":[],"product_cat":[247995,248153,256494,256329,256495],"product_tag":[255387,229975,107],"class_list":{"0":"post-5388148","1":"product","2":"type-product","3":"status-publish","4":"has-post-thumbnail","6":"product_cat-estivi","7":"product_cat-gonfiabili-non-restituibili","8":"product_cat-gonfiabili-per-bambini-ad-acqua","9":"product_cat-gonfiabili-per-piscina","10":"product_cat-salvagenti-da-mare","11":"product_tag-bestway-36118","12":"product_tag-donut","13":"product_tag-107","15":"first","16":"onbackorder","17":"purchasable","18":"product-type-simple"},"jetpack_sharing_enabled":true,"_links":{"self":[{"href":"https:\/\/gadgettravellers.eu\/it\/wp-json\/wp\/v2\/product\/5388148","targetHints":{"allow":["GET"]}}],"collection":[{"href":"https:\/\/gadgettravellers.eu\/it\/wp-json\/wp\/v2\/product"}],"about":[{"href":"https:\/\/gadgettravellers.eu\/it\/wp-json\/wp\/v2\/types\/product"}],"replies":[{"embeddable":true,"href":"https:\/\/gadgettravellers.eu\/it\/wp-json\/wp\/v2\/comments?post=5388148"}],"wp:featuredmedia":[{"embeddable":true,"href":"https:\/\/gadgettravellers.eu\/it\/wp-json\/wp\/v2\/media\/79442"}],"wp:attachment":[{"href":"https:\/\/gadgettravellers.eu\/it\/wp-json\/wp\/v2\/media?parent=5388148"}],"wp:term":[{"taxonomy":"product_brand","embeddable":true,"href":"https:\/\/gadgettravellers.eu\/it\/wp-json\/wp\/v2\/product_brand?post=5388148"},{"taxonomy":"product_cat","embeddable":true,"href":"https:\/\/gadgettravellers.eu\/it\/wp-json\/wp\/v2\/product_cat?post=5388148"},{"taxonomy":"product_tag","embeddable":true,"href":"https:\/\/gadgettravellers.eu\/it\/wp-json\/wp\/v2\/product_tag?post=5388148"}],"curies":[{"name":"wp","href":"https:\/\/api.w.org\/{rel}","templated":true}]}}