{"id":5388982,"date":"2026-04-15T22:55:03","date_gmt":"2026-04-15T20:55:03","guid":{"rendered":""},"modified":"2026-04-15T22:55:03","modified_gmt":"2026-04-15T20:55:03","slug":"costume-intero-da-donna-blu-summertiempo-623068","status":"publish","type":"product","link":"https:\/\/gadgettravellers.eu\/it\/shop\/costume-intero-da-donna-blu-summertiempo-623068\/","title":{"rendered":"Costume intero da donna blu SummerTiempo 623068"},"content":{"rendered":"<p>82% nylon, 18% spandex<\/p>\n<div class='aiseo-faq-section' style='margin-top:30px; border-top:1px solid #eee; padding-top:20px;'>\n<h3>Domande Frequenti<\/h3>\n<details style='margin-bottom:10px; padding:10px; background:#f9f9f9; border-radius:5px;'>\n<summary style='font-weight:bold; cursor:pointer;'>Di che materiale \u00e8 il costume da bagno?<\/summary>\n<div style='margin-top:10px; color:#555;'>Il costume da bagno \u00e8 composto dall&#8217;82% di nylon e dal 18% di spandex.<\/div>\n<\/details>\n<details style='margin-bottom:10px; padding:10px; background:#f9f9f9; border-radius:5px;'>\n<summary style='font-weight:bold; cursor:pointer;'>Il costume da bagno \u00e8 intero?<\/summary>\n<div style='margin-top:10px; color:#555;'>S\u00ec, si tratta di un costume intero da donna.<\/div>\n<\/details>\n<details style='margin-bottom:10px; padding:10px; background:#f9f9f9; border-radius:5px;'>\n<summary style='font-weight:bold; cursor:pointer;'>Qual \u00e8 il colore?<\/summary>\n<div style='margin-top:10px; color:#555;'>Il costume da bagno \u00e8 blu.<\/div>\n<\/details>\n<details style='margin-bottom:10px; padding:10px; background:#f9f9f9; border-radius:5px;'>\n<summary style='font-weight:bold; cursor:pointer;'>Ha una vestibilit\u00e0 elastica?<\/summary>\n<div style='margin-top:10px; color:#555;'>S\u00ec, il 18% di elastan offre elasticit\u00e0 e una vestibilit\u00e0 confortevole.<\/div>\n<\/details>\n<\/div>\n","protected":false},"excerpt":{"rendered":"<p>Costume intero da donna in blu, realizzato con il 82% di nylon e il 18% di elastan per una vestibilit\u00e0 elastica e confortevole, adatto per la spiaggia e il nuoto.<\/p>\n","protected":false},"featured_media":12332,"comment_status":"closed","ping_status":"open","template":"","meta":[],"product_brand":[],"product_cat":[205104,257259,257260,256532,257261,247995],"product_tag":[],"class_list":{"0":"post-5388982","1":"product","2":"type-product","3":"status-publish","4":"has-post-thumbnail","6":"product_cat-abbigliamento-da-spiaggia","7":"product_cat-costume-da-bagno-in-nylon-elastan","8":"product_cat-costume-intero-da-donna","9":"product_cat-costumi-da-bagno","10":"product_cat-costumi-da-bagno-per-spiaggia-e-nuoto","11":"product_cat-estivi","13":"first","14":"onbackorder","15":"purchasable","16":"product-type-simple"},"jetpack_sharing_enabled":true,"_links":{"self":[{"href":"https:\/\/gadgettravellers.eu\/it\/wp-json\/wp\/v2\/product\/5388982","targetHints":{"allow":["GET"]}}],"collection":[{"href":"https:\/\/gadgettravellers.eu\/it\/wp-json\/wp\/v2\/product"}],"about":[{"href":"https:\/\/gadgettravellers.eu\/it\/wp-json\/wp\/v2\/types\/product"}],"replies":[{"embeddable":true,"href":"https:\/\/gadgettravellers.eu\/it\/wp-json\/wp\/v2\/comments?post=5388982"}],"wp:featuredmedia":[{"embeddable":true,"href":"https:\/\/gadgettravellers.eu\/it\/wp-json\/wp\/v2\/media\/12332"}],"wp:attachment":[{"href":"https:\/\/gadgettravellers.eu\/it\/wp-json\/wp\/v2\/media?parent=5388982"}],"wp:term":[{"taxonomy":"product_brand","embeddable":true,"href":"https:\/\/gadgettravellers.eu\/it\/wp-json\/wp\/v2\/product_brand?post=5388982"},{"taxonomy":"product_cat","embeddable":true,"href":"https:\/\/gadgettravellers.eu\/it\/wp-json\/wp\/v2\/product_cat?post=5388982"},{"taxonomy":"product_tag","embeddable":true,"href":"https:\/\/gadgettravellers.eu\/it\/wp-json\/wp\/v2\/product_tag?post=5388982"}],"curies":[{"name":"wp","href":"https:\/\/api.w.org\/{rel}","templated":true}]}}