{"id":5388987,"date":"2026-04-15T22:55:04","date_gmt":"2026-04-15T20:55:04","guid":{"rendered":""},"modified":"2026-04-15T22:55:04","modified_gmt":"2026-04-15T20:55:04","slug":"costume-bikini-top-surf-nero-summertiempo-623070","status":"publish","type":"product","link":"https:\/\/gadgettravellers.eu\/it\/shop\/costume-bikini-top-surf-nero-summertiempo-623070\/","title":{"rendered":"Costume Bikini Top Surf Nero SummerTiempo 623070"},"content":{"rendered":"<p>82% nylon, 18% spandex<\/p>\n<div class='aiseo-faq-section' style='margin-top:30px; border-top:1px solid #eee; padding-top:20px;'>\n<h3>Domande Frequenti<\/h3>\n<details style='margin-bottom:10px; padding:10px; background:#f9f9f9; border-radius:5px;'>\n<summary style='font-weight:bold; cursor:pointer;'>Di quali materiali \u00e8 fatto il prodotto?<\/summary>\n<div style='margin-top:10px; color:#555;'>82% nylon e 18% spandex.<\/div>\n<\/details>\n<details style='margin-bottom:10px; padding:10px; background:#f9f9f9; border-radius:5px;'>\n<summary style='font-weight:bold; cursor:pointer;'>Qual \u00e8 il colore del top?<\/summary>\n<div style='margin-top:10px; color:#555;'>Nero.<\/div>\n<\/details>\n<details style='margin-bottom:10px; padding:10px; background:#f9f9f9; border-radius:5px;'>\n<summary style='font-weight:bold; cursor:pointer;'>Qual \u00e8 il codice del prodotto?<\/summary>\n<div style='margin-top:10px; color:#555;'>Il codice \u00e8 623070.<\/div>\n<\/details>\n<details style='margin-bottom:10px; padding:10px; background:#f9f9f9; border-radius:5px;'>\n<summary style='font-weight:bold; cursor:pointer;'>\u00c8 adatto per attivit\u00e0 in mare come il surf?<\/summary>\n<div style='margin-top:10px; color:#555;'>Il nome &#8216;Surf top&#8217; e il tessuto elastico lo rendono adatto per attivit\u00e0 marine.<\/div>\n<\/details>\n<\/div>\n","protected":false},"excerpt":{"rendered":"<p>Il top bikini Surf top in nero (cod. 623070) \u00e8 composto da 82% nylon e 18% spandex, offrendo una vestibilit\u00e0 comoda ed elasticit\u00e0 ideale per le attivit\u00e0 acquatiche.<\/p>\n","protected":false},"featured_media":12340,"comment_status":"closed","ping_status":"open","template":"","meta":[],"product_brand":[],"product_cat":[205104,256532,257263,257265,247995,256102],"product_tag":[256103,180022],"class_list":{"0":"post-5388987","1":"product","2":"type-product","3":"status-publish","4":"has-post-thumbnail","6":"product_cat-abbigliamento-da-spiaggia","7":"product_cat-costumi-da-bagno","8":"product_cat-costumi-da-bagno-da-donna","9":"product_cat-costumi-da-bagno-sportivi","10":"product_cat-estivi","11":"product_cat-top-bikini","12":"product_tag-256103","13":"product_tag-nylon-spandex","15":"first","16":"onbackorder","17":"purchasable","18":"product-type-simple"},"jetpack_sharing_enabled":true,"_links":{"self":[{"href":"https:\/\/gadgettravellers.eu\/it\/wp-json\/wp\/v2\/product\/5388987","targetHints":{"allow":["GET"]}}],"collection":[{"href":"https:\/\/gadgettravellers.eu\/it\/wp-json\/wp\/v2\/product"}],"about":[{"href":"https:\/\/gadgettravellers.eu\/it\/wp-json\/wp\/v2\/types\/product"}],"replies":[{"embeddable":true,"href":"https:\/\/gadgettravellers.eu\/it\/wp-json\/wp\/v2\/comments?post=5388987"}],"wp:featuredmedia":[{"embeddable":true,"href":"https:\/\/gadgettravellers.eu\/it\/wp-json\/wp\/v2\/media\/12340"}],"wp:attachment":[{"href":"https:\/\/gadgettravellers.eu\/it\/wp-json\/wp\/v2\/media?parent=5388987"}],"wp:term":[{"taxonomy":"product_brand","embeddable":true,"href":"https:\/\/gadgettravellers.eu\/it\/wp-json\/wp\/v2\/product_brand?post=5388987"},{"taxonomy":"product_cat","embeddable":true,"href":"https:\/\/gadgettravellers.eu\/it\/wp-json\/wp\/v2\/product_cat?post=5388987"},{"taxonomy":"product_tag","embeddable":true,"href":"https:\/\/gadgettravellers.eu\/it\/wp-json\/wp\/v2\/product_tag?post=5388987"}],"curies":[{"name":"wp","href":"https:\/\/api.w.org\/{rel}","templated":true}]}}