{"id":5389100,"date":"2026-04-15T22:55:24","date_gmt":"2026-04-15T20:55:24","guid":{"rendered":""},"modified":"2026-04-15T22:55:25","modified_gmt":"2026-04-15T20:55:25","slug":"cappello-cono-bambino-doppia-faccia-unicorno-summertiempo-623157","status":"publish","type":"product","link":"https:\/\/gadgettravellers.eu\/it\/shop\/cappello-cono-bambino-doppia-faccia-unicorno-summertiempo-623157\/","title":{"rendered":"Cappello Cono Bambino Doppia Faccia Unicorno SummerTiempo 623157"},"content":{"rendered":"<p>Cappello a cono per bambini reversibile con motivo unicorno, ideale per l&#8217;uso estivo e un aspetto giocoso. La doppia faccia offre due design diversi in un unico prodotto, facilitando l&#8217;abbinamento con abiti e attivit\u00e0.<\/p>\n<div class='aiseo-faq-section' style='margin-top:30px; border-top:1px solid #eee; padding-top:20px;'>\n<h3>Domande Frequenti<\/h3>\n<details style='margin-bottom:10px; padding:10px; background:#f9f9f9; border-radius:5px;'>\n<summary style='font-weight:bold; cursor:pointer;'>Il prodotto \u00e8 a doppia faccia?<\/summary>\n<div style='margin-top:10px; color:#555;'>S\u00ec, nella descrizione \u00e8 specificato chiaramente che il cappello \u00e8 reversibile.<\/div>\n<\/details>\n<details style='margin-bottom:10px; padding:10px; background:#f9f9f9; border-radius:5px;'>\n<summary style='font-weight:bold; cursor:pointer;'>\u00c8 destinato ai bambini?<\/summary>\n<div style='margin-top:10px; color:#555;'>S\u00ec, il nome del prodotto indica che si tratta di un cappello per bambini.<\/div>\n<\/details>\n<details style='margin-bottom:10px; padding:10px; background:#f9f9f9; border-radius:5px;'>\n<summary style='font-weight:bold; cursor:pointer;'>Hai un disegno di unicorno?<\/summary>\n<div style='margin-top:10px; color:#555;'>S\u00ec, il nome del prodotto include &#8220;Unicorno&#8221;, quindi presenta un disegno di unicorno.<\/div>\n<\/details>\n<\/div>\n","protected":false},"excerpt":{"rendered":"<p>Cappello a cono per bambini reversibile con motivo unicorno, adatto per l&#8217;uso quotidiano e estivo. Offre due look in un solo prodotto.<\/p>\n","protected":false},"featured_media":12684,"comment_status":"closed","ping_status":"open","template":"","meta":[],"product_brand":[],"product_cat":[204867,197181,257085,257372,257057,247995],"product_tag":[],"class_list":{"0":"post-5389100","1":"product","2":"type-product","3":"status-publish","4":"has-post-thumbnail","6":"product_cat-bambini","7":"product_cat-cappelli","8":"product_cat-cappelli-a-cono-per-bambini","9":"product_cat-cappelli-con-unicorno","10":"product_cat-cappelli-reversibili","11":"product_cat-estivi","13":"first","14":"onbackorder","15":"purchasable","16":"product-type-simple"},"jetpack_sharing_enabled":true,"_links":{"self":[{"href":"https:\/\/gadgettravellers.eu\/it\/wp-json\/wp\/v2\/product\/5389100","targetHints":{"allow":["GET"]}}],"collection":[{"href":"https:\/\/gadgettravellers.eu\/it\/wp-json\/wp\/v2\/product"}],"about":[{"href":"https:\/\/gadgettravellers.eu\/it\/wp-json\/wp\/v2\/types\/product"}],"replies":[{"embeddable":true,"href":"https:\/\/gadgettravellers.eu\/it\/wp-json\/wp\/v2\/comments?post=5389100"}],"wp:featuredmedia":[{"embeddable":true,"href":"https:\/\/gadgettravellers.eu\/it\/wp-json\/wp\/v2\/media\/12684"}],"wp:attachment":[{"href":"https:\/\/gadgettravellers.eu\/it\/wp-json\/wp\/v2\/media?parent=5389100"}],"wp:term":[{"taxonomy":"product_brand","embeddable":true,"href":"https:\/\/gadgettravellers.eu\/it\/wp-json\/wp\/v2\/product_brand?post=5389100"},{"taxonomy":"product_cat","embeddable":true,"href":"https:\/\/gadgettravellers.eu\/it\/wp-json\/wp\/v2\/product_cat?post=5389100"},{"taxonomy":"product_tag","embeddable":true,"href":"https:\/\/gadgettravellers.eu\/it\/wp-json\/wp\/v2\/product_tag?post=5389100"}],"curies":[{"name":"wp","href":"https:\/\/api.w.org\/{rel}","templated":true}]}}