{"id":5389103,"date":"2026-04-15T22:55:26","date_gmt":"2026-04-15T20:55:26","guid":{"rendered":""},"modified":"2026-04-15T22:55:26","modified_gmt":"2026-04-15T20:55:26","slug":"cappello-di-paglia-nero-o43cm-summertiempo-623159","status":"publish","type":"product","link":"https:\/\/gadgettravellers.eu\/it\/shop\/cappello-di-paglia-nero-o43cm-summertiempo-623159\/","title":{"rendered":"Cappello di Paglia Nero \u00f843cm SummerTiempo 623159"},"content":{"rendered":"<p>Carta paglia \u00f843cm<\/p>\n<div class='aiseo-faq-section' style='margin-top:30px; border-top:1px solid #eee; padding-top:20px;'>\n<h3>Domande Frequenti<\/h3>\n<details style='margin-bottom:10px; padding:10px; background:#f9f9f9; border-radius:5px;'>\n<summary style='font-weight:bold; cursor:pointer;'>Di che materiale \u00e8 il cappello?<\/summary>\n<div style='margin-top:10px; color:#555;'>Il cappello \u00e8 fatto di carta paglia.<\/div>\n<\/details>\n<details style='margin-bottom:10px; padding:10px; background:#f9f9f9; border-radius:5px;'>\n<summary style='font-weight:bold; cursor:pointer;'>Qual \u00e8 il diametro del cappello?<\/summary>\n<div style='margin-top:10px; color:#555;'>Il diametro \u00e8 43 cm (\u00f843cm).<\/div>\n<\/details>\n<details style='margin-bottom:10px; padding:10px; background:#f9f9f9; border-radius:5px;'>\n<summary style='font-weight:bold; cursor:pointer;'>\u00c8 adatto per la spiaggia e la protezione solare?<\/summary>\n<div style='margin-top:10px; color:#555;'>S\u00ec, \u00e8 progettato per l&#8217;uso al sole ed \u00e8 adatto per la spiaggia e l&#8217;uso quotidiano.<\/div>\n<\/details>\n<details style='margin-bottom:10px; padding:10px; background:#f9f9f9; border-radius:5px;'>\n<summary style='font-weight:bold; cursor:pointer;'>Di che colore \u00e8 disponibile il prodotto?<\/summary>\n<div style='margin-top:10px; color:#555;'>Secondo la descrizione, il prodotto \u00e8 disponibile nel colore nero.<\/div>\n<\/details>\n<\/div>\n","protected":false},"excerpt":{"rendered":"<p>Cappello in carta paglia di colore nero con diametro di 43 cm, adatto per la protezione dal sole. Ideale per la spiaggia e l&#8217;uso estivo quotidiano.<\/p>\n","protected":false},"featured_media":12689,"comment_status":"closed","ping_status":"open","template":"","meta":[],"product_brand":[],"product_cat":[197181,248152,206265,248141,248117,247995],"product_tag":[66645],"class_list":{"0":"post-5389103","1":"product","2":"type-product","3":"status-publish","4":"has-post-thumbnail","6":"product_cat-cappelli","7":"product_cat-cappelli-da-sole","8":"product_cat-cappelli-da-spiaggia","9":"product_cat-cappelli-di-paglia","10":"product_cat-donna-uomo","11":"product_cat-estivi","12":"product_tag-43cm","14":"first","15":"onbackorder","16":"purchasable","17":"product-type-simple"},"jetpack_sharing_enabled":true,"_links":{"self":[{"href":"https:\/\/gadgettravellers.eu\/it\/wp-json\/wp\/v2\/product\/5389103","targetHints":{"allow":["GET"]}}],"collection":[{"href":"https:\/\/gadgettravellers.eu\/it\/wp-json\/wp\/v2\/product"}],"about":[{"href":"https:\/\/gadgettravellers.eu\/it\/wp-json\/wp\/v2\/types\/product"}],"replies":[{"embeddable":true,"href":"https:\/\/gadgettravellers.eu\/it\/wp-json\/wp\/v2\/comments?post=5389103"}],"wp:featuredmedia":[{"embeddable":true,"href":"https:\/\/gadgettravellers.eu\/it\/wp-json\/wp\/v2\/media\/12689"}],"wp:attachment":[{"href":"https:\/\/gadgettravellers.eu\/it\/wp-json\/wp\/v2\/media?parent=5389103"}],"wp:term":[{"taxonomy":"product_brand","embeddable":true,"href":"https:\/\/gadgettravellers.eu\/it\/wp-json\/wp\/v2\/product_brand?post=5389103"},{"taxonomy":"product_cat","embeddable":true,"href":"https:\/\/gadgettravellers.eu\/it\/wp-json\/wp\/v2\/product_cat?post=5389103"},{"taxonomy":"product_tag","embeddable":true,"href":"https:\/\/gadgettravellers.eu\/it\/wp-json\/wp\/v2\/product_tag?post=5389103"}],"curies":[{"name":"wp","href":"https:\/\/api.w.org\/{rel}","templated":true}]}}