{"id":5389107,"date":"2026-04-15T22:55:27","date_gmt":"2026-04-15T20:55:27","guid":{"rendered":""},"modified":"2026-04-15T22:55:28","modified_gmt":"2026-04-15T20:55:28","slug":"frigorifero-isotermico-2-cerniere-36x24x15cm-summertiempo-623169","status":"publish","type":"product","link":"https:\/\/gadgettravellers.eu\/it\/shop\/frigorifero-isotermico-2-cerniere-36x24x15cm-summertiempo-623169\/","title":{"rendered":"Frigorifero Isotermico 2 Cerniere 36x24x15cm SummerTiempo 623169"},"content":{"rendered":"<p>Borsa termica con 2 zip 36x24x15cm<\/p>\n<div class='aiseo-faq-section' style='margin-top:30px; border-top:1px solid #eee; padding-top:20px;'>\n<h3>Domande Frequenti<\/h3>\n<details style='margin-bottom:10px; padding:10px; background:#f9f9f9; border-radius:5px;'>\n<summary style='font-weight:bold; cursor:pointer;'>Quali sono le dimensioni del prodotto?<\/summary>\n<div style='margin-top:10px; color:#555;'>Le dimensioni sono 36x24x15 cm.<\/div>\n<\/details>\n<details style='margin-bottom:10px; padding:10px; background:#f9f9f9; border-radius:5px;'>\n<summary style='font-weight:bold; cursor:pointer;'>Quante cerniere ha?<\/summary>\n<div style='margin-top:10px; color:#555;'>Dispone di due (2) cerniere.<\/div>\n<\/details>\n<details style='margin-bottom:10px; padding:10px; background:#f9f9f9; border-radius:5px;'>\n<summary style='font-weight:bold; cursor:pointer;'>Cosa significa che \u00e8 isoterma?<\/summary>\n<div style='margin-top:10px; color:#555;'>L&#8217;isolante termico \u00e8 progettato per mantenere la temperatura del contenuto, mantenendo cibi e bevande pi\u00f9 freschi o caldi per un tempo pi\u00f9 lungo.<\/div>\n<\/details>\n<details style='margin-bottom:10px; padding:10px; background:#f9f9f9; border-radius:5px;'>\n<summary style='font-weight:bold; cursor:pointer;'>Per quale uso \u00e8 destinato?<\/summary>\n<div style='margin-top:10px; color:#555;'>\u00c8 ideale per il trasporto di cibo e bevande durante picnic, viaggi o per l&#8217;uso quotidiano fuori casa.<\/div>\n<\/details>\n<\/div>\n","protected":false},"excerpt":{"rendered":"<p>Borsa termica 36x24x15 cm con due cerniere per un trasporto sicuro e per mantenere freschi cibi e bevande. Leggera e pratica, adatta per picnic, lavoro o viaggio.<\/p>\n","protected":false},"featured_media":12730,"comment_status":"closed","ping_status":"open","template":"","meta":[],"product_brand":[],"product_cat":[203564,257373,257374,257375,247995,248185],"product_tag":[206529,256213],"class_list":{"0":"post-5389107","1":"product","2":"type-product","3":"status-publish","4":"has-post-thumbnail","6":"product_cat-attrezzatura-da-spiaggia","7":"product_cat-borse-per-picnic-e-viaggio","8":"product_cat-borse-termiche-refrigeranti","9":"product_cat-custodie-termoisolanti-portatili","10":"product_cat-estivi","11":"product_cat-frigoriferi-thermos","12":"product_tag-206529","13":"product_tag-36x24x15cm","15":"first","16":"onbackorder","17":"purchasable","18":"product-type-simple"},"jetpack_sharing_enabled":true,"_links":{"self":[{"href":"https:\/\/gadgettravellers.eu\/it\/wp-json\/wp\/v2\/product\/5389107","targetHints":{"allow":["GET"]}}],"collection":[{"href":"https:\/\/gadgettravellers.eu\/it\/wp-json\/wp\/v2\/product"}],"about":[{"href":"https:\/\/gadgettravellers.eu\/it\/wp-json\/wp\/v2\/types\/product"}],"replies":[{"embeddable":true,"href":"https:\/\/gadgettravellers.eu\/it\/wp-json\/wp\/v2\/comments?post=5389107"}],"wp:featuredmedia":[{"embeddable":true,"href":"https:\/\/gadgettravellers.eu\/it\/wp-json\/wp\/v2\/media\/12730"}],"wp:attachment":[{"href":"https:\/\/gadgettravellers.eu\/it\/wp-json\/wp\/v2\/media?parent=5389107"}],"wp:term":[{"taxonomy":"product_brand","embeddable":true,"href":"https:\/\/gadgettravellers.eu\/it\/wp-json\/wp\/v2\/product_brand?post=5389107"},{"taxonomy":"product_cat","embeddable":true,"href":"https:\/\/gadgettravellers.eu\/it\/wp-json\/wp\/v2\/product_cat?post=5389107"},{"taxonomy":"product_tag","embeddable":true,"href":"https:\/\/gadgettravellers.eu\/it\/wp-json\/wp\/v2\/product_tag?post=5389107"}],"curies":[{"name":"wp","href":"https:\/\/api.w.org\/{rel}","templated":true}]}}