{"id":5389133,"date":"2026-04-15T22:55:41","date_gmt":"2026-04-15T20:55:41","guid":{"rendered":""},"modified":"2026-04-15T22:55:41","modified_gmt":"2026-04-15T20:55:41","slug":"pistola-ad-acqua-pompa-felisol-carro-30x5cm-summertiempo-623214","status":"publish","type":"product","link":"https:\/\/gadgettravellers.eu\/it\/shop\/pistola-ad-acqua-pompa-felisol-carro-30x5cm-summertiempo-623214\/","title":{"rendered":"Pistola ad acqua Pompa Felisol Carro 30x5cm SummerTiempo 623214"},"content":{"rendered":"<p>Pompa (Stand= 24 pezzi) 30x5cm<\/p>\n<div class='aiseo-faq-section' style='margin-top:30px; border-top:1px solid #eee; padding-top:20px;'>\n<h3>Domande Frequenti<\/h3>\n<details style='margin-bottom:10px; padding:10px; background:#f9f9f9; border-radius:5px;'>\n<summary style='font-weight:bold; cursor:pointer;'>Che tipo di prodotto \u00e8 questo?<\/summary>\n<div style='margin-top:10px; color:#555;'>Si tratta di una pistola ad acqua a pompa a forma di carrettino realizzata in polistirolo espanso, per giocare con l&#8217;acqua.<\/div>\n<\/details>\n<details style='margin-bottom:10px; padding:10px; background:#f9f9f9; border-radius:5px;'>\n<summary style='font-weight:bold; cursor:pointer;'>Quali sono le sue dimensioni?<\/summary>\n<div style='margin-top:10px; color:#555;'>Le dimensioni sono 30x5cm.<\/div>\n<\/details>\n<details style='margin-bottom:10px; padding:10px; background:#f9f9f9; border-radius:5px;'>\n<summary style='font-weight:bold; cursor:pointer;'>Quanti pezzi contiene lo stand?<\/summary>\n<div style='margin-top:10px; color:#555;'>Lo stand contiene 24 pezzi.<\/div>\n<\/details>\n<details style='margin-bottom:10px; padding:10px; background:#f9f9f9; border-radius:5px;'>\n<summary style='font-weight:bold; cursor:pointer;'>\u00c8 adatto per l&#8217;uso all&#8217;aperto?<\/summary>\n<div style='margin-top:10px; color:#555;'>S\u00ec, \u00e8 destinato a giochi d&#8217;acqua ed \u00e8 adatto per attivit\u00e0 estive all&#8217;aperto.<\/div>\n<\/details>\n<\/div>\n","protected":false},"excerpt":{"rendered":"<p>Pistola ad acqua a pompa a forma di carrello in polistirolo, dimensioni 30x5cm, ideale per il gioco con l&#8217;acqua in estate. Fornita in espositori da 24 pezzi.<\/p>\n","protected":false},"featured_media":80941,"comment_status":"closed","ping_status":"open","template":"","meta":[],"product_brand":[],"product_cat":[247995,248175,199311,248161],"product_tag":[207159,74795],"class_list":{"0":"post-5389133","1":"product","2":"type-product","3":"status-publish","4":"has-post-thumbnail","6":"product_cat-estivi","7":"product_cat-giochi-dacqua-per-bambini","8":"product_cat-giochi-estivi","9":"product_cat-pistole-ad-acqua","10":"product_tag-207159","11":"product_tag-30x5cm","13":"first","14":"onbackorder","15":"purchasable","16":"product-type-simple"},"jetpack_sharing_enabled":true,"_links":{"self":[{"href":"https:\/\/gadgettravellers.eu\/it\/wp-json\/wp\/v2\/product\/5389133","targetHints":{"allow":["GET"]}}],"collection":[{"href":"https:\/\/gadgettravellers.eu\/it\/wp-json\/wp\/v2\/product"}],"about":[{"href":"https:\/\/gadgettravellers.eu\/it\/wp-json\/wp\/v2\/types\/product"}],"replies":[{"embeddable":true,"href":"https:\/\/gadgettravellers.eu\/it\/wp-json\/wp\/v2\/comments?post=5389133"}],"wp:featuredmedia":[{"embeddable":true,"href":"https:\/\/gadgettravellers.eu\/it\/wp-json\/wp\/v2\/media\/80941"}],"wp:attachment":[{"href":"https:\/\/gadgettravellers.eu\/it\/wp-json\/wp\/v2\/media?parent=5389133"}],"wp:term":[{"taxonomy":"product_brand","embeddable":true,"href":"https:\/\/gadgettravellers.eu\/it\/wp-json\/wp\/v2\/product_brand?post=5389133"},{"taxonomy":"product_cat","embeddable":true,"href":"https:\/\/gadgettravellers.eu\/it\/wp-json\/wp\/v2\/product_cat?post=5389133"},{"taxonomy":"product_tag","embeddable":true,"href":"https:\/\/gadgettravellers.eu\/it\/wp-json\/wp\/v2\/product_tag?post=5389133"}],"curies":[{"name":"wp","href":"https:\/\/api.w.org\/{rel}","templated":true}]}}