{"id":5389166,"date":"2026-04-15T22:55:56","date_gmt":"2026-04-15T20:55:56","guid":{"rendered":""},"modified":"2026-04-15T22:55:56","modified_gmt":"2026-04-15T20:55:56","slug":"asciugamano-da-spiaggia-in-microfibra-spiderman-140x70cm-spiderman-spi24-3597","status":"publish","type":"product","link":"https:\/\/gadgettravellers.eu\/it\/shop\/asciugamano-da-spiaggia-in-microfibra-spiderman-140x70cm-spiderman-spi24-3597\/","title":{"rendered":"Asciugamano da Spiaggia in Microfibra Spiderman 140x70cm Spiderman SPI24-3597"},"content":{"rendered":"<p>Spiderman microfiber (Fast dry) 140x70cm<\/p>\n<div class='aiseo-faq-section' style='margin-top:30px; border-top:1px solid #eee; padding-top:20px;'>\n<h3>Domande Frequenti<\/h3>\n<details style='margin-bottom:10px; padding:10px; background:#f9f9f9; border-radius:5px;'>\n<summary style='font-weight:bold; cursor:pointer;'>Qual \u00e8 il materiale dell&#8217;asciugamano?<\/summary>\n<div style='margin-top:10px; color:#555;'>Microfibra con caratteristica fast dry (asciugatura rapida).<\/div>\n<\/details>\n<details style='margin-bottom:10px; padding:10px; background:#f9f9f9; border-radius:5px;'>\n<summary style='font-weight:bold; cursor:pointer;'>Qual \u00e8 la dimensione dell&#8217;asciugamano?<\/summary>\n<div style='margin-top:10px; color:#555;'>La dimensione \u00e8 140&#215;70 cm.<\/div>\n<\/details>\n<details style='margin-bottom:10px; padding:10px; background:#f9f9f9; border-radius:5px;'>\n<summary style='font-weight:bold; cursor:pointer;'>Ha un costume di Spiderman?<\/summary>\n<div style='margin-top:10px; color:#555;'>S\u00ec, ha un design con motivo Spiderman come indicato nel nome.<\/div>\n<\/details>\n<details style='margin-bottom:10px; padding:10px; background:#f9f9f9; border-radius:5px;'>\n<summary style='font-weight:bold; cursor:pointer;'>Qual \u00e8 il codice\/modello del prodotto?<\/summary>\n<div style='margin-top:10px; color:#555;'>S\u00ec, \u00e8 destinata ad essere un asciugamano da spiaggia ed \u00e8 ideale per la spiaggia grazie all&#8217;asciugatura rapida.<\/div>\n<\/details>\n<\/div>\n","protected":false},"excerpt":{"rendered":"<p>Asciugamano da spiaggia leggero in microfibra Spiderman 140&#215;70 cm con asciugatura rapida, ideale per spiaggia e piscina.<\/p>\n","protected":false},"featured_media":12969,"comment_status":"closed","ping_status":"open","template":"","meta":[],"product_brand":[],"product_cat":[248392,257405,248394,201715,203564,247995],"product_tag":[256354,51152,83874],"class_list":{"0":"post-5389166","1":"product","2":"type-product","3":"status-publish","4":"has-post-thumbnail","6":"product_cat-asciugamani","7":"product_cat-asciugamani-da-mare-per-bambini","8":"product_cat-asciugamani-da-spiaggia","9":"product_cat-asciugamani-in-microfibra","10":"product_cat-attrezzatura-da-spiaggia","11":"product_cat-estivi","12":"product_tag-140x70-cm","13":"product_tag-microfiber","14":"product_tag-spiderman","16":"first","17":"onbackorder","18":"purchasable","19":"product-type-simple"},"jetpack_sharing_enabled":true,"_links":{"self":[{"href":"https:\/\/gadgettravellers.eu\/it\/wp-json\/wp\/v2\/product\/5389166","targetHints":{"allow":["GET"]}}],"collection":[{"href":"https:\/\/gadgettravellers.eu\/it\/wp-json\/wp\/v2\/product"}],"about":[{"href":"https:\/\/gadgettravellers.eu\/it\/wp-json\/wp\/v2\/types\/product"}],"replies":[{"embeddable":true,"href":"https:\/\/gadgettravellers.eu\/it\/wp-json\/wp\/v2\/comments?post=5389166"}],"wp:featuredmedia":[{"embeddable":true,"href":"https:\/\/gadgettravellers.eu\/it\/wp-json\/wp\/v2\/media\/12969"}],"wp:attachment":[{"href":"https:\/\/gadgettravellers.eu\/it\/wp-json\/wp\/v2\/media?parent=5389166"}],"wp:term":[{"taxonomy":"product_brand","embeddable":true,"href":"https:\/\/gadgettravellers.eu\/it\/wp-json\/wp\/v2\/product_brand?post=5389166"},{"taxonomy":"product_cat","embeddable":true,"href":"https:\/\/gadgettravellers.eu\/it\/wp-json\/wp\/v2\/product_cat?post=5389166"},{"taxonomy":"product_tag","embeddable":true,"href":"https:\/\/gadgettravellers.eu\/it\/wp-json\/wp\/v2\/product_tag?post=5389166"}],"curies":[{"name":"wp","href":"https:\/\/api.w.org\/{rel}","templated":true}]}}