{"id":5389194,"date":"2026-04-15T22:56:10","date_gmt":"2026-04-15T20:56:10","guid":{"rendered":""},"modified":"2026-04-15T22:56:10","modified_gmt":"2026-04-15T20:56:10","slug":"borsa-da-spiaggia-in-paglia-intrecciata-forata-51x39x15cm-summertiempo-623373","status":"publish","type":"product","link":"https:\/\/gadgettravellers.eu\/it\/shop\/borsa-da-spiaggia-in-paglia-intrecciata-forata-51x39x15cm-summertiempo-623373\/","title":{"rendered":"Borsa da Spiaggia in Paglia Intrecciata Forata 51x39x15cm SummerTiempo 623373"},"content":{"rendered":"<p>Carta paglia 51x39x15cm<\/p>\n<div class='aiseo-faq-section' style='margin-top:30px; border-top:1px solid #eee; padding-top:20px;'>\n<h3>Domande Frequenti<\/h3>\n<details style='margin-bottom:10px; padding:10px; background:#f9f9f9; border-radius:5px;'>\n<summary style='font-weight:bold; cursor:pointer;'>Di che materiale \u00e8 la borsa?<\/summary>\n<div style='margin-top:10px; color:#555;'>La borsa \u00e8 realizzata in carta di paglia.<\/div>\n<\/details>\n<details style='margin-bottom:10px; padding:10px; background:#f9f9f9; border-radius:5px;'>\n<summary style='font-weight:bold; cursor:pointer;'>Quali sono le dimensioni della borsa?<\/summary>\n<div style='margin-top:10px; color:#555;'>Le dimensioni sono 51x39x15 cm.<\/div>\n<\/details>\n<details style='margin-bottom:10px; padding:10px; background:#f9f9f9; border-radius:5px;'>\n<summary style='font-weight:bold; cursor:pointer;'>La borsa ha una texture traforata?<\/summary>\n<div style='margin-top:10px; color:#555;'>S\u00ec, ha un design traforato come indicato nella descrizione.<\/div>\n<\/details>\n<details style='margin-bottom:10px; padding:10px; background:#f9f9f9; border-radius:5px;'>\n<summary style='font-weight:bold; cursor:pointer;'>\u00c8 adatta per la spiaggia?<\/summary>\n<div style='margin-top:10px; color:#555;'>S\u00ec, \u00e8 progettata per la spiaggia e pu\u00f2 contenere asciugamani e effetti personali.<\/div>\n<\/details>\n<\/div>\n","protected":false},"excerpt":{"rendered":"<p>Borsa da spiaggia in carta paglia di dimensioni 51x39x15 cm con trama traforata, ideale per le gite estive. Leggera e capiente per asciugamani, crema solare e oggetti personali.<\/p>\n","protected":false},"featured_media":5388144,"comment_status":"closed","ping_status":"open","template":"","meta":[],"product_brand":[],"product_cat":[205104,196127,203584,248319,247995],"product_tag":[247284],"class_list":{"0":"post-5389194","1":"product","2":"type-product","3":"status-publish","4":"has-post-thumbnail","6":"product_cat-abbigliamento-da-spiaggia","7":"product_cat-borse-a-spalla","8":"product_cat-borse-da-spiaggia","9":"product_cat-borse-di-carta-paglia","10":"product_cat-estivi","11":"product_tag-51x39x15","13":"first","14":"onbackorder","15":"purchasable","16":"product-type-simple"},"jetpack_sharing_enabled":true,"_links":{"self":[{"href":"https:\/\/gadgettravellers.eu\/it\/wp-json\/wp\/v2\/product\/5389194","targetHints":{"allow":["GET"]}}],"collection":[{"href":"https:\/\/gadgettravellers.eu\/it\/wp-json\/wp\/v2\/product"}],"about":[{"href":"https:\/\/gadgettravellers.eu\/it\/wp-json\/wp\/v2\/types\/product"}],"replies":[{"embeddable":true,"href":"https:\/\/gadgettravellers.eu\/it\/wp-json\/wp\/v2\/comments?post=5389194"}],"wp:featuredmedia":[{"embeddable":true,"href":"https:\/\/gadgettravellers.eu\/it\/wp-json\/wp\/v2\/media\/5388144"}],"wp:attachment":[{"href":"https:\/\/gadgettravellers.eu\/it\/wp-json\/wp\/v2\/media?parent=5389194"}],"wp:term":[{"taxonomy":"product_brand","embeddable":true,"href":"https:\/\/gadgettravellers.eu\/it\/wp-json\/wp\/v2\/product_brand?post=5389194"},{"taxonomy":"product_cat","embeddable":true,"href":"https:\/\/gadgettravellers.eu\/it\/wp-json\/wp\/v2\/product_cat?post=5389194"},{"taxonomy":"product_tag","embeddable":true,"href":"https:\/\/gadgettravellers.eu\/it\/wp-json\/wp\/v2\/product_tag?post=5389194"}],"curies":[{"name":"wp","href":"https:\/\/api.w.org\/{rel}","templated":true}]}}