{"id":5389228,"date":"2026-04-15T22:56:24","date_gmt":"2026-04-15T20:56:24","guid":{"rendered":""},"modified":"2026-04-15T22:56:25","modified_gmt":"2026-04-15T20:56:25","slug":"sedia-da-spiaggia-in-metallo-53x40x65cm-summertiempo-62396","status":"publish","type":"product","link":"https:\/\/gadgettravellers.eu\/it\/shop\/sedia-da-spiaggia-in-metallo-53x40x65cm-summertiempo-62396\/","title":{"rendered":"Sedia da Spiaggia in Metallo 53x40x65cm SummerTiempo 62396"},"content":{"rendered":"<p>Metallico. Carico massimo: 120kg 53x40x65cm<\/p>\n<div class='aiseo-faq-section' style='margin-top:30px; border-top:1px solid #eee; padding-top:20px;'>\n<h3>Domande Frequenti<\/h3>\n<details style='margin-bottom:10px; padding:10px; background:#f9f9f9; border-radius:5px;'>\n<summary style='font-weight:bold; cursor:pointer;'>Qual \u00e8 il carico massimo della sedia?<\/summary>\n<div style='margin-top:10px; color:#555;'>Il carico massimo \u00e8 di 120 kg.<\/div>\n<\/details>\n<details style='margin-bottom:10px; padding:10px; background:#f9f9f9; border-radius:5px;'>\n<summary style='font-weight:bold; cursor:pointer;'>Di che materiale \u00e8 fatta?<\/summary>\n<div style='margin-top:10px; color:#555;'>La costruzione \u00e8 metallica.<\/div>\n<\/details>\n<details style='margin-bottom:10px; padding:10px; background:#f9f9f9; border-radius:5px;'>\n<summary style='font-weight:bold; cursor:pointer;'>Quali sono le dimensioni del prodotto?<\/summary>\n<div style='margin-top:10px; color:#555;'>Le dimensioni sono 53x40x65 cm.<\/div>\n<\/details>\n<details style='margin-bottom:10px; padding:10px; background:#f9f9f9; border-radius:5px;'>\n<summary style='font-weight:bold; cursor:pointer;'>\u00c8 adatta per l&#8217;uso in spiaggia?<\/summary>\n<div style='margin-top:10px; color:#555;'>S\u00ec, il prodotto \u00e8 destinato come sedia da spiaggia ed \u00e8 adatto per uso esterno.<\/div>\n<\/details>\n<\/div>\n","protected":false},"excerpt":{"rendered":"<p>Sedia da spiaggia in metallo 53x40x65cm con resistenza fino a 120kg, adatta per l&#8217;uso in spiaggia e all&#8217;aperto.<\/p>\n","protected":false},"featured_media":81085,"comment_status":"closed","ping_status":"open","template":"","meta":[],"product_brand":[],"product_cat":[203564,247995,252836,248236,253908,248237],"product_tag":[80046,256661],"class_list":{"0":"post-5389228","1":"product","2":"type-product","3":"status-publish","4":"has-post-thumbnail","6":"product_cat-attrezzatura-da-spiaggia","7":"product_cat-estivi","8":"product_cat-sedie-da-spiaggia","9":"product_cat-sedie-metalliche","10":"product_cat-sedie-portatili-per-esterni","11":"product_cat-seggioline","12":"product_tag-120kg","13":"product_tag-53x40x65","15":"first","16":"onbackorder","17":"purchasable","18":"product-type-simple"},"jetpack_sharing_enabled":true,"_links":{"self":[{"href":"https:\/\/gadgettravellers.eu\/it\/wp-json\/wp\/v2\/product\/5389228","targetHints":{"allow":["GET"]}}],"collection":[{"href":"https:\/\/gadgettravellers.eu\/it\/wp-json\/wp\/v2\/product"}],"about":[{"href":"https:\/\/gadgettravellers.eu\/it\/wp-json\/wp\/v2\/types\/product"}],"replies":[{"embeddable":true,"href":"https:\/\/gadgettravellers.eu\/it\/wp-json\/wp\/v2\/comments?post=5389228"}],"wp:featuredmedia":[{"embeddable":true,"href":"https:\/\/gadgettravellers.eu\/it\/wp-json\/wp\/v2\/media\/81085"}],"wp:attachment":[{"href":"https:\/\/gadgettravellers.eu\/it\/wp-json\/wp\/v2\/media?parent=5389228"}],"wp:term":[{"taxonomy":"product_brand","embeddable":true,"href":"https:\/\/gadgettravellers.eu\/it\/wp-json\/wp\/v2\/product_brand?post=5389228"},{"taxonomy":"product_cat","embeddable":true,"href":"https:\/\/gadgettravellers.eu\/it\/wp-json\/wp\/v2\/product_cat?post=5389228"},{"taxonomy":"product_tag","embeddable":true,"href":"https:\/\/gadgettravellers.eu\/it\/wp-json\/wp\/v2\/product_tag?post=5389228"}],"curies":[{"name":"wp","href":"https:\/\/api.w.org\/{rel}","templated":true}]}}