{"id":5389919,"date":"2026-04-17T21:34:22","date_gmt":"2026-04-17T19:34:22","guid":{"rendered":""},"modified":"2026-04-17T21:34:23","modified_gmt":"2026-04-17T19:34:23","slug":"casco-da-bicicletta-per-bambini-s46-100-652794-nero","status":"publish","type":"product","link":"https:\/\/gadgettravellers.eu\/it\/shop\/casco-da-bicicletta-per-bambini-s46-100-652794-nero\/","title":{"rendered":"Casco da bicicletta per bambini &#8211; S46-100 &#8211; 652794 &#8211; Nero"},"content":{"rendered":"<p>Offre sicurezza, ergonomia e praticit\u00e0. <br \/>Dispone di prese d&#8217;aria per una rapida ventilazione e un&#8217;aerodinamica perfetta. <br \/>La chiusura\/apertura \u00e8 molto facile, anche con una sola mano. <br \/>Cinturino regolabile per una vestibilit\u00e0 perfetta <br \/>Rivestimento interno morbido e confortevole.<\/p>\n<div class='aiseo-faq-section' style='margin-top:30px; border-top:1px solid #eee; padding-top:20px;'>\n<h3>Domande Frequenti<\/h3>\n<details style='margin-bottom:10px; padding:10px; background:#f9f9f9; border-radius:5px;'>\n<summary style='font-weight:bold; cursor:pointer;'>Ha una buona ventilazione?<\/summary>\n<div style='margin-top:10px; color:#555;'>S\u00ec, dispone di condotti d&#8217;aria che garantiscono una rapida ventilazione e una migliore aerodinamica.<\/div>\n<\/details>\n<details style='margin-bottom:10px; padding:10px; background:#f9f9f9; border-radius:5px;'>\n<summary style='font-weight:bold; cursor:pointer;'>Come si effettua la messa in sicurezza e la rimozione della messa in sicurezza?<\/summary>\n<div style='margin-top:10px; color:#555;'>L&#8217;assicurazione\/disinserimento si effettua molto facilmente, anche con una sola mano.<\/div>\n<\/details>\n<details style='margin-bottom:10px; padding:10px; background:#f9f9f9; border-radius:5px;'>\n<summary style='font-weight:bold; cursor:pointer;'>Posso regolare la dimensione dell&#8217;applicazione?<\/summary>\n<div style='margin-top:10px; color:#555;'>S\u00ec, la cinghia \u00e8 regolabile per una vestibilit\u00e0 perfetta e sicura.<\/div>\n<\/details>\n<details style='margin-bottom:10px; padding:10px; background:#f9f9f9; border-radius:5px;'>\n<summary style='font-weight:bold; cursor:pointer;'>Com&#8217;\u00e8 la fodera interna?<\/summary>\n<div style='margin-top:10px; color:#555;'>La fodera interna \u00e8 morbida e confortevole, progettata per il comfort durante l&#8217;uso.<\/div>\n<\/details>\n<\/div>\n","protected":false},"excerpt":{"rendered":"<p>Casco da bambino per bicicletta con prese d&#8217;aria per una rapida ventilazione e aerodinamica, cinturino regolabile e imbottitura interna morbida per il comfort. La fibbia si chiude\/apre facilmente anche con una mano.<\/p>\n","protected":false},"featured_media":5389582,"comment_status":"closed","ping_status":"open","template":"","meta":[],"product_brand":[],"product_cat":[196330,4158,257994,198619,257995,196298],"product_tag":[121381,117663],"class_list":{"0":"post-5389919","1":"product","2":"type-product","3":"status-publish","4":"has-post-thumbnail","6":"product_cat-accessori-moto-bicicletta","7":"product_cat-auto-moto-bike-2","8":"product_cat-caschi-con-prese-daria","9":"product_cat-caschi-da-bicicletta-per-bambini","10":"product_cat-equipaggiamento-di-protezione-della-testa","11":"product_cat-tipi-di-biciclette-e-moto","12":"product_tag-auto-moto-bike","13":"product_tag-moto","15":"first","16":"onbackorder","17":"purchasable","18":"product-type-simple"},"jetpack_sharing_enabled":true,"_links":{"self":[{"href":"https:\/\/gadgettravellers.eu\/it\/wp-json\/wp\/v2\/product\/5389919","targetHints":{"allow":["GET"]}}],"collection":[{"href":"https:\/\/gadgettravellers.eu\/it\/wp-json\/wp\/v2\/product"}],"about":[{"href":"https:\/\/gadgettravellers.eu\/it\/wp-json\/wp\/v2\/types\/product"}],"replies":[{"embeddable":true,"href":"https:\/\/gadgettravellers.eu\/it\/wp-json\/wp\/v2\/comments?post=5389919"}],"wp:featuredmedia":[{"embeddable":true,"href":"https:\/\/gadgettravellers.eu\/it\/wp-json\/wp\/v2\/media\/5389582"}],"wp:attachment":[{"href":"https:\/\/gadgettravellers.eu\/it\/wp-json\/wp\/v2\/media?parent=5389919"}],"wp:term":[{"taxonomy":"product_brand","embeddable":true,"href":"https:\/\/gadgettravellers.eu\/it\/wp-json\/wp\/v2\/product_brand?post=5389919"},{"taxonomy":"product_cat","embeddable":true,"href":"https:\/\/gadgettravellers.eu\/it\/wp-json\/wp\/v2\/product_cat?post=5389919"},{"taxonomy":"product_tag","embeddable":true,"href":"https:\/\/gadgettravellers.eu\/it\/wp-json\/wp\/v2\/product_tag?post=5389919"}],"curies":[{"name":"wp","href":"https:\/\/api.w.org\/{rel}","templated":true}]}}