{"id":5389973,"date":"2026-04-17T21:34:50","date_gmt":"2026-04-17T19:34:50","guid":{"rendered":""},"modified":"2026-04-21T21:10:43","modified_gmt":"2026-04-21T19:10:43","slug":"ventilatore-da-soffitto-lampada-ds-6609-248w-431613-oro","status":"publish","type":"product","link":"https:\/\/gadgettravellers.eu\/it\/shop\/ventilatore-da-soffitto-lampada-ds-6609-248w-431613-oro\/","title":{"rendered":"Ventilatore da soffitto &#038; lampada &#8211; DS-6609 &#8211; 2*48W &#8211; 431613 &#8211; Oro"},"content":{"rendered":"<p>Ventilatore a soffitto con lampada a LED, dal design impressionante che conferir\u00e0 al vostro ambiente uno stile innovativo e moderno e una sensazione immediata di freschezza, con consumo estremamente basso e funzionamento silenzioso.<\/p>\n<p>Caratteristiche: <br \/>Potenza: 2*48W,<br \/>3 colori di illuminazione (caldo-freddo-neutro)<br \/>4000 Lumen, <br \/>Tensione: 100-220V,<br \/>Telecomando, <br \/>Diametro: 106cm.<br \/>Altezza: 42cm.<\/p>\n<div class='aiseo-faq-section' style='margin-top:30px; border-top:1px solid #eee; padding-top:20px;'>\n<h3>Domande Frequenti<\/h3>\n<details style='margin-bottom:10px; padding:10px; background:#f9f9f9; border-radius:5px;'>\n<summary style='font-weight:bold; cursor:pointer;'>Qual \u00e8 la potenza del dispositivo di illuminazione?<\/summary>\n<div style='margin-top:10px; color:#555;'>La potenza \u00e8 di 2\u00d748W in totale.<\/div>\n<\/details>\n<details style='margin-bottom:10px; padding:10px; background:#f9f9f9; border-radius:5px;'>\n<summary style='font-weight:bold; cursor:pointer;'>Quanta luminosit\u00e0 fornisce?<\/summary>\n<div style='margin-top:10px; color:#555;'>Produce 4000 lumen e dispone di 3 colori di illuminazione (caldo, neutro, freddo).<\/div>\n<\/details>\n<details style='margin-bottom:10px; padding:10px; background:#f9f9f9; border-radius:5px;'>\n<summary style='font-weight:bold; cursor:pointer;'>Quali sono le sue dimensioni?<\/summary>\n<div style='margin-top:10px; color:#555;'>Il diametro \u00e8 di 106 cm e l&#8217;altezza totale \u00e8 di 42 cm.<\/div>\n<\/details>\n<details style='margin-bottom:10px; padding:10px; background:#f9f9f9; border-radius:5px;'>\n<summary style='font-weight:bold; cursor:pointer;'>Il telecomando \u00e8 incluso?<\/summary>\n<div style='margin-top:10px; color:#555;'>S\u00ec, \u00e8 incluso un telecomando per il controllo della velocit\u00e0 e la selezione del colore dell&#8217;illuminazione.<\/div>\n<\/details>\n<\/div>\n","protected":false},"excerpt":{"rendered":"<p>Ventilatore a soffitto con lampada LED integrata 2x48W e 4000 lumen, diametro 106 cm e altezza 42 cm. Offre 3 colori di illuminazione, telecomando, funzionamento silenzioso e basso consumo.<\/p>\n","protected":false},"featured_media":5389677,"comment_status":"open","ping_status":"open","template":"","meta":[],"product_brand":[],"product_cat":[196275,258024,196356,201698,196315,252886],"product_tag":[71697,76566,252639,207163,253702,173399,127653],"class_list":{"0":"post-5389973","1":"product","2":"type-product","3":"status-publish","4":"has-post-thumbnail","6":"product_cat-illuminazione-energia","7":"product_cat-lampade-da-soffitto-con-ventilatore-integrato","8":"product_cat-lampade-da-soffitto-e-da-parete","9":"product_cat-lampade-da-soffitto-led","10":"product_cat-tipi-di-illuminazione-materiali-di-consumo","11":"product_cat-ventilatori-da-soffitto","12":"product_tag-100-220v","13":"product_tag-106cm","14":"product_tag-2x48w","15":"product_tag-207163","16":"product_tag-4000-lumen","17":"product_tag-42cm","18":"product_tag-led","20":"first","21":"onbackorder","22":"purchasable","23":"product-type-simple"},"jetpack_sharing_enabled":true,"_links":{"self":[{"href":"https:\/\/gadgettravellers.eu\/it\/wp-json\/wp\/v2\/product\/5389973","targetHints":{"allow":["GET"]}}],"collection":[{"href":"https:\/\/gadgettravellers.eu\/it\/wp-json\/wp\/v2\/product"}],"about":[{"href":"https:\/\/gadgettravellers.eu\/it\/wp-json\/wp\/v2\/types\/product"}],"replies":[{"embeddable":true,"href":"https:\/\/gadgettravellers.eu\/it\/wp-json\/wp\/v2\/comments?post=5389973"}],"wp:featuredmedia":[{"embeddable":true,"href":"https:\/\/gadgettravellers.eu\/it\/wp-json\/wp\/v2\/media\/5389677"}],"wp:attachment":[{"href":"https:\/\/gadgettravellers.eu\/it\/wp-json\/wp\/v2\/media?parent=5389973"}],"wp:term":[{"taxonomy":"product_brand","embeddable":true,"href":"https:\/\/gadgettravellers.eu\/it\/wp-json\/wp\/v2\/product_brand?post=5389973"},{"taxonomy":"product_cat","embeddable":true,"href":"https:\/\/gadgettravellers.eu\/it\/wp-json\/wp\/v2\/product_cat?post=5389973"},{"taxonomy":"product_tag","embeddable":true,"href":"https:\/\/gadgettravellers.eu\/it\/wp-json\/wp\/v2\/product_tag?post=5389973"}],"curies":[{"name":"wp","href":"https:\/\/api.w.org\/{rel}","templated":true}]}}