{"id":5390611,"date":"2026-04-17T22:23:13","date_gmt":"2026-04-17T20:23:13","guid":{"rendered":""},"modified":"2026-05-05T06:21:35","modified_gmt":"2026-05-05T04:21:35","slug":"fichu-20x16x3cm-ak-3","status":"publish","type":"product","link":"https:\/\/gadgettravellers.eu\/it\/shop\/fichu-20x16x3cm-ak-3\/","title":{"rendered":"Fichu 20x16x3cm AK"},"content":{"rendered":"<p>Fichu 20x16x3cm AK \u00e8 una custodia compatta di dimensioni 20\u00d716\u00d73 cm, progettata per l&#8217;organizzazione e il trasporto di piccoli oggetti. La forma rettangolare e le dimensioni ridotte offrono praticit\u00e0 nell&#8217;uso quotidiano e nei viaggi, ospitando monete, carte e altri oggetti personali senza occupare molto spazio.<\/p>\n<div class='aiseo-faq-section' style='margin-top:30px; border-top:1px solid #eee; padding-top:20px;'>\n<h3>Domande Frequenti<\/h3>\n<details style='margin-bottom:10px; padding:10px; background:#f9f9f9; border-radius:5px;'>\n<summary style='font-weight:bold; cursor:pointer;'>Quali sono le dimensioni del prodotto?<\/summary>\n<div style='margin-top:10px; color:#555;'>Le dimensioni sono 20\u00d716\u00d73 cm.<\/div>\n<\/details>\n<details style='margin-bottom:10px; padding:10px; background:#f9f9f9; border-radius:5px;'>\n<summary style='font-weight:bold; cursor:pointer;'>Qual \u00e8 il nome completo del prodotto?<\/summary>\n<div style='margin-top:10px; color:#555;'>Il nome \u00e8 &#8220;Fichu 20x16x3cm AK&#8221; come indicato.<\/div>\n<\/details>\n<details style='margin-bottom:10px; padding:10px; background:#f9f9f9; border-radius:5px;'>\n<summary style='font-weight:bold; cursor:pointer;'>C&#8217;\u00e8 una descrizione del prodotto nell&#8217;inserzione?<\/summary>\n<div style='margin-top:10px; color:#555;'>Secondo i dati, manca la descrizione principale.<\/div>\n<\/details>\n<details style='margin-bottom:10px; padding:10px; background:#f9f9f9; border-radius:5px;'>\n<summary style='font-weight:bold; cursor:pointer;'>\u00c8 disponibile una breve descrizione?<\/summary>\n<div style='margin-top:10px; color:#555;'>La descrizione breve \u00e8 vuota secondo i campi.<\/div>\n<\/details>\n<\/div>\n","protected":false},"excerpt":{"rendered":"<p>Piccola custodia 20\u00d716\u00d73 cm ideale per monete, carte e piccoli oggetti personali.<\/p>\n","protected":false},"featured_media":16394,"comment_status":"open","ping_status":"open","template":"","meta":[],"product_brand":[],"product_cat":[203936,253081,163797,196284,196799,253094],"product_tag":[92569,258186],"class_list":{"0":"post-5390611","1":"product","2":"type-product","3":"status-publish","4":"has-post-thumbnail","6":"product_cat-custodie-da-viaggio","7":"product_cat-custodie-per-piccoli-oggetti","8":"product_cat-da-tavolo","9":"product_cat-giochi","10":"product_cat-giochi-da-tavolo","11":"product_cat-portafogli-di-piccole-dimensioni","12":"product_tag-20x16x3cm","13":"product_tag-fichu","15":"first","16":"onbackorder","17":"purchasable","18":"product-type-simple"},"jetpack_sharing_enabled":true,"_links":{"self":[{"href":"https:\/\/gadgettravellers.eu\/it\/wp-json\/wp\/v2\/product\/5390611","targetHints":{"allow":["GET"]}}],"collection":[{"href":"https:\/\/gadgettravellers.eu\/it\/wp-json\/wp\/v2\/product"}],"about":[{"href":"https:\/\/gadgettravellers.eu\/it\/wp-json\/wp\/v2\/types\/product"}],"replies":[{"embeddable":true,"href":"https:\/\/gadgettravellers.eu\/it\/wp-json\/wp\/v2\/comments?post=5390611"}],"wp:featuredmedia":[{"embeddable":true,"href":"https:\/\/gadgettravellers.eu\/it\/wp-json\/wp\/v2\/media\/16394"}],"wp:attachment":[{"href":"https:\/\/gadgettravellers.eu\/it\/wp-json\/wp\/v2\/media?parent=5390611"}],"wp:term":[{"taxonomy":"product_brand","embeddable":true,"href":"https:\/\/gadgettravellers.eu\/it\/wp-json\/wp\/v2\/product_brand?post=5390611"},{"taxonomy":"product_cat","embeddable":true,"href":"https:\/\/gadgettravellers.eu\/it\/wp-json\/wp\/v2\/product_cat?post=5390611"},{"taxonomy":"product_tag","embeddable":true,"href":"https:\/\/gadgettravellers.eu\/it\/wp-json\/wp\/v2\/product_tag?post=5390611"}],"curies":[{"name":"wp","href":"https:\/\/api.w.org\/{rel}","templated":true}]}}