{"id":5390687,"date":"2026-04-17T22:23:54","date_gmt":"2026-04-17T20:23:54","guid":{"rendered":""},"modified":"2026-04-21T22:02:54","modified_gmt":"2026-04-21T20:02:54","slug":"gioco-dacqua-unicorno-14x7x15cm-toymarkt-913513","status":"publish","type":"product","link":"https:\/\/gadgettravellers.eu\/it\/shop\/gioco-dacqua-unicorno-14x7x15cm-toymarkt-913513\/","title":{"rendered":"Gioco d&#8217;Acqua Unicorno 14x7x1,5cm ToyMarkt 913513"},"content":{"rendered":"<p>Gioco d&#8217;acqua 14x7x1,5cm<\/p>\n<div class='aiseo-faq-section' style='margin-top:30px; border-top:1px solid #eee; padding-top:20px;'>\n<h3>Domande Frequenti<\/h3>\n<details style='margin-bottom:10px; padding:10px; background:#f9f9f9; border-radius:5px;'>\n<summary style='font-weight:bold; cursor:pointer;'>Quali sono le dimensioni del prodotto?<\/summary>\n<div style='margin-top:10px; color:#555;'>Le dimensioni sono 14x7x1,5 cm.<\/div>\n<\/details>\n<details style='margin-bottom:10px; padding:10px; background:#f9f9f9; border-radius:5px;'>\n<summary style='font-weight:bold; cursor:pointer;'>Che tipo di gioco \u00e8?<\/summary>\n<div style='margin-top:10px; color:#555;'>Si tratta di un gioco d&#8217;acqua a forma di unicorno.<\/div>\n<\/details>\n<details style='margin-bottom:10px; padding:10px; background:#f9f9f9; border-radius:5px;'>\n<summary style='font-weight:bold; cursor:pointer;'>Pu\u00f2 essere utilizzato in bagno o in piscina?<\/summary>\n<div style='margin-top:10px; color:#555;'>S\u00ec, \u00e8 progettato per il gioco con l&#8217;acqua ed \u00e8 adatto per il bagno e la piscina.<\/div>\n<\/details>\n<details style='margin-bottom:10px; padding:10px; background:#f9f9f9; border-radius:5px;'>\n<summary style='font-weight:bold; cursor:pointer;'>Qual \u00e8 il codice di riferimento del prodotto?<\/summary>\n<div style='margin-top:10px; color:#555;'>Il riferimento al nome del prodotto \u00e8 ToyMarkt 913513.<\/div>\n<\/details>\n<\/div>\n","protected":false},"excerpt":{"rendered":"<p>Piccolo gioco d&#8217;acqua a forma di unicorno, dimensioni 14x7x1,5cm, ideale per giocare in bagno e in piscina. Leggero e facile da trasportare per i bambini piccoli.<\/p>\n","protected":false},"featured_media":19148,"comment_status":"open","ping_status":"open","template":"","meta":[],"product_brand":[],"product_cat":[196284,206304,196286,258714,164073,258827],"product_tag":[258352],"class_list":{"0":"post-5390687","1":"product","2":"type-product","3":"status-publish","4":"has-post-thumbnail","6":"product_cat-giochi","7":"product_cat-giochi-dacqua","8":"product_cat-giochi-da-bagno","9":"product_cat-giochietti","10":"product_cat-giochini-sacchetti-fortunati","11":"product_cat-piccoli-giocattoli-di-plastica","12":"product_tag-14x7x1-5cm","14":"first","15":"onbackorder","16":"purchasable","17":"product-type-simple"},"jetpack_sharing_enabled":true,"_links":{"self":[{"href":"https:\/\/gadgettravellers.eu\/it\/wp-json\/wp\/v2\/product\/5390687","targetHints":{"allow":["GET"]}}],"collection":[{"href":"https:\/\/gadgettravellers.eu\/it\/wp-json\/wp\/v2\/product"}],"about":[{"href":"https:\/\/gadgettravellers.eu\/it\/wp-json\/wp\/v2\/types\/product"}],"replies":[{"embeddable":true,"href":"https:\/\/gadgettravellers.eu\/it\/wp-json\/wp\/v2\/comments?post=5390687"}],"wp:featuredmedia":[{"embeddable":true,"href":"https:\/\/gadgettravellers.eu\/it\/wp-json\/wp\/v2\/media\/19148"}],"wp:attachment":[{"href":"https:\/\/gadgettravellers.eu\/it\/wp-json\/wp\/v2\/media?parent=5390687"}],"wp:term":[{"taxonomy":"product_brand","embeddable":true,"href":"https:\/\/gadgettravellers.eu\/it\/wp-json\/wp\/v2\/product_brand?post=5390687"},{"taxonomy":"product_cat","embeddable":true,"href":"https:\/\/gadgettravellers.eu\/it\/wp-json\/wp\/v2\/product_cat?post=5390687"},{"taxonomy":"product_tag","embeddable":true,"href":"https:\/\/gadgettravellers.eu\/it\/wp-json\/wp\/v2\/product_tag?post=5390687"}],"curies":[{"name":"wp","href":"https:\/\/api.w.org\/{rel}","templated":true}]}}