{"id":5390746,"date":"2026-04-17T22:24:26","date_gmt":"2026-04-17T20:24:26","guid":{"rendered":""},"modified":"2026-04-21T22:03:24","modified_gmt":"2026-04-21T20:03:24","slug":"utensili-da-cucina-bambola-su-cartellino-43x28x3cm-toymarkt-971291","status":"publish","type":"product","link":"https:\/\/gadgettravellers.eu\/it\/shop\/utensili-da-cucina-bambola-su-cartellino-43x28x3cm-toymarkt-971291\/","title":{"rendered":"Utensili da cucina &#038; Bambola su cartellino 43x28x3cm ToyMarkt 971291"},"content":{"rendered":"<p>Set di utensili da cucina con bambola, confezionato in cartoncini di dimensioni 43x28x3cm. \u00c8 destinato al gioco di ruolo e all&#8217;attivit\u00e0 creativa, offrendo ai bambini l&#8217;opportunit\u00e0 di imitare le attivit\u00e0 quotidiane e sviluppare la loro immaginazione. Il cartoncino consente una facile esposizione sullo scaffale del negozio.<\/p>\n<div class='aiseo-faq-section' style='margin-top:30px; border-top:1px solid #eee; padding-top:20px;'>\n<h3>Domande Frequenti<\/h3>\n<details style='margin-bottom:10px; padding:10px; background:#f9f9f9; border-radius:5px;'>\n<summary style='font-weight:bold; cursor:pointer;'>Quali sono le dimensioni del prodotto?<\/summary>\n<div style='margin-top:10px; color:#555;'>Le dimensioni sono 43x28x3cm.<\/div>\n<\/details>\n<details style='margin-bottom:10px; padding:10px; background:#f9f9f9; border-radius:5px;'>\n<summary style='font-weight:bold; cursor:pointer;'>Cosa include questo prodotto?<\/summary>\n<div style='margin-top:10px; color:#555;'>Include oggetti da cucina e una bambola, come indicato nel nome del prodotto.<\/div>\n<\/details>\n<details style='margin-bottom:10px; padding:10px; background:#f9f9f9; border-radius:5px;'>\n<summary style='font-weight:bold; cursor:pointer;'>In che tipo di confezione viene fornito?<\/summary>\n<div style='margin-top:10px; color:#555;'>Il prodotto \u00e8 confezionato ed esposto su cartellini.<\/div>\n<\/details>\n<\/div>\n","protected":false},"excerpt":{"rendered":"<p>Set di utensili da cucina con bambola su cartoncino 43x28x3cm per gioco di ruolo e attivit\u00e0 creative. Ideale per esposizione su scaffale.<\/p>\n","protected":false},"featured_media":22924,"comment_status":"open","ping_status":"open","template":"","meta":[],"product_brand":[],"product_cat":[258920,196284,197049,202411,196893,202508],"product_tag":[258484],"class_list":{"0":"post-5390746","1":"product","2":"type-product","3":"status-publish","4":"has-post-thumbnail","6":"product_cat-bambole-e-figure-da-gioco","7":"product_cat-giochi","8":"product_cat-giochi-di-ruolo","9":"product_cat-set-cucina-per-bambini","10":"product_cat-set-di-ruoli","11":"product_cat-utensili-da-cucina","12":"product_tag-43x28x3cm","14":"first","15":"onbackorder","16":"purchasable","17":"product-type-simple"},"jetpack_sharing_enabled":true,"_links":{"self":[{"href":"https:\/\/gadgettravellers.eu\/it\/wp-json\/wp\/v2\/product\/5390746","targetHints":{"allow":["GET"]}}],"collection":[{"href":"https:\/\/gadgettravellers.eu\/it\/wp-json\/wp\/v2\/product"}],"about":[{"href":"https:\/\/gadgettravellers.eu\/it\/wp-json\/wp\/v2\/types\/product"}],"replies":[{"embeddable":true,"href":"https:\/\/gadgettravellers.eu\/it\/wp-json\/wp\/v2\/comments?post=5390746"}],"wp:featuredmedia":[{"embeddable":true,"href":"https:\/\/gadgettravellers.eu\/it\/wp-json\/wp\/v2\/media\/22924"}],"wp:attachment":[{"href":"https:\/\/gadgettravellers.eu\/it\/wp-json\/wp\/v2\/media?parent=5390746"}],"wp:term":[{"taxonomy":"product_brand","embeddable":true,"href":"https:\/\/gadgettravellers.eu\/it\/wp-json\/wp\/v2\/product_brand?post=5390746"},{"taxonomy":"product_cat","embeddable":true,"href":"https:\/\/gadgettravellers.eu\/it\/wp-json\/wp\/v2\/product_cat?post=5390746"},{"taxonomy":"product_tag","embeddable":true,"href":"https:\/\/gadgettravellers.eu\/it\/wp-json\/wp\/v2\/product_tag?post=5390746"}],"curies":[{"name":"wp","href":"https:\/\/api.w.org\/{rel}","templated":true}]}}