{"id":5390752,"date":"2026-04-17T22:24:29","date_gmt":"2026-04-17T20:24:29","guid":{"rendered":""},"modified":"2026-04-22T23:18:35","modified_gmt":"2026-04-22T21:18:35","slug":"set-da-te-pretty-girl-su-cartella-39x24x4cm-toymarkt-971341","status":"publish","type":"product","link":"https:\/\/gadgettravellers.eu\/it\/shop\/set-da-te-pretty-girl-su-cartella-39x24x4cm-toymarkt-971341\/","title":{"rendered":"Set da T\u00e8 Pretty Girl su Cartella 39x24x4cm ToyMarkt 971341"},"content":{"rendered":"<p>Set da t\u00e8 Pretty Girl in blister di dimensioni 39x24x4 cm, progettato per giochi di ruolo e gioco immaginativo del t\u00e8. Ideale per feste per bambini, gioco con gli amici e attivit\u00e0 educative, offre una facile presentazione nel packaging tipo blister e una comoda conservazione. Il design semplice e attraente lo rende un regalo adatto ai bambini.<\/p>\n<div class='aiseo-faq-section' style='margin-top:30px; border-top:1px solid #eee; padding-top:20px;'>\n<h3>Domande Frequenti<\/h3>\n<details style='margin-bottom:10px; padding:10px; background:#f9f9f9; border-radius:5px;'>\n<summary style='font-weight:bold; cursor:pointer;'>Quali sono le dimensioni del prodotto?<\/summary>\n<div style='margin-top:10px; color:#555;'>Le dimensioni sono 39x24x4 cm.<\/div>\n<\/details>\n<details style='margin-bottom:10px; padding:10px; background:#f9f9f9; border-radius:5px;'>\n<summary style='font-weight:bold; cursor:pointer;'>Come viene confezionato il set?<\/summary>\n<div style='margin-top:10px; color:#555;'>Il set \u00e8 disponibile in una confezione espositiva di dimensioni 39x24x4 cm.<\/div>\n<\/details>\n<details style='margin-bottom:10px; padding:10px; background:#f9f9f9; border-radius:5px;'>\n<summary style='font-weight:bold; cursor:pointer;'>Qual \u00e8 il codice\/modello del prodotto?<\/summary>\n<div style='margin-top:10px; color:#555;'>Codice\/modello: ToyMarkt 971341.<\/div>\n<\/details>\n<\/div>\n","protected":false},"excerpt":{"rendered":"<p>Set da t\u00e8 per bambini Pretty Girl in blister 39x24x4 cm, ideale per giochi di ruolo e regalo.<\/p>\n","protected":false},"featured_media":5181145,"comment_status":"open","ping_status":"open","template":"","meta":[],"product_brand":[],"product_cat":[196284,197049,258909,204442,196893,202508],"product_tag":[258513],"class_list":{"0":"post-5390752","1":"product","2":"type-product","3":"status-publish","4":"has-post-thumbnail","6":"product_cat-giochi","7":"product_cat-giochi-di-ruolo","8":"product_cat-set-da-pranzo-per-gioco","9":"product_cat-set-da-te-per-bambini","10":"product_cat-set-di-ruoli","11":"product_cat-utensili-da-cucina","12":"product_tag-39x24x4cm","14":"first","15":"onbackorder","16":"purchasable","17":"product-type-simple"},"jetpack_sharing_enabled":true,"_links":{"self":[{"href":"https:\/\/gadgettravellers.eu\/it\/wp-json\/wp\/v2\/product\/5390752","targetHints":{"allow":["GET"]}}],"collection":[{"href":"https:\/\/gadgettravellers.eu\/it\/wp-json\/wp\/v2\/product"}],"about":[{"href":"https:\/\/gadgettravellers.eu\/it\/wp-json\/wp\/v2\/types\/product"}],"replies":[{"embeddable":true,"href":"https:\/\/gadgettravellers.eu\/it\/wp-json\/wp\/v2\/comments?post=5390752"}],"wp:featuredmedia":[{"embeddable":true,"href":"https:\/\/gadgettravellers.eu\/it\/wp-json\/wp\/v2\/media\/5181145"}],"wp:attachment":[{"href":"https:\/\/gadgettravellers.eu\/it\/wp-json\/wp\/v2\/media?parent=5390752"}],"wp:term":[{"taxonomy":"product_brand","embeddable":true,"href":"https:\/\/gadgettravellers.eu\/it\/wp-json\/wp\/v2\/product_brand?post=5390752"},{"taxonomy":"product_cat","embeddable":true,"href":"https:\/\/gadgettravellers.eu\/it\/wp-json\/wp\/v2\/product_cat?post=5390752"},{"taxonomy":"product_tag","embeddable":true,"href":"https:\/\/gadgettravellers.eu\/it\/wp-json\/wp\/v2\/product_tag?post=5390752"}],"curies":[{"name":"wp","href":"https:\/\/api.w.org\/{rel}","templated":true}]}}