{"id":5391300,"date":"2026-04-20T22:22:25","date_gmt":"2026-04-20T20:22:25","guid":{"rendered":""},"modified":"2026-04-20T22:22:25","modified_gmt":"2026-04-20T20:22:25","slug":"canna-da-pesca-per-apico-telescopica-6m-830985","status":"publish","type":"product","link":"https:\/\/gadgettravellers.eu\/it\/shop\/canna-da-pesca-per-apico-telescopica-6m-830985\/","title":{"rendered":"Canna da pesca per apico &#8211; Telescopica &#8211; 6m &#8211; 830985"},"content":{"rendered":"<p>Canna da pesca per pesca a fondo, telescopica, realizzata con fibre rinforzate ad alta resistenza, equipaggiata con anelli guida e impugnatura ergonomica di alta qualit\u00e0. <br \/>Lunghezza: 6m.<br \/>6 sezioni<br \/>Lunghezza chiusa: 1.3m<\/p>\n<div class='aiseo-faq-section' style='margin-top:30px; border-top:1px solid #eee; padding-top:20px;'>\n<h3>Domande Frequenti<\/h3>\n<details style='margin-bottom:10px; padding:10px; background:#f9f9f9; border-radius:5px;'>\n<summary style='font-weight:bold; cursor:pointer;'>Qual \u00e8 la lunghezza totale della canna?<\/summary>\n<div style='margin-top:10px; color:#555;'>La lunghezza aperta \u00e8 di 6 metri.<\/div>\n<\/details>\n<details style='margin-bottom:10px; padding:10px; background:#f9f9f9; border-radius:5px;'>\n<summary style='font-weight:bold; cursor:pointer;'>Quanti segmenti ha e qual \u00e8 la lunghezza chiusa?<\/summary>\n<div style='margin-top:10px; color:#555;'>\u00c8 composto da 6 sezioni e la lunghezza chiusa \u00e8 di 1,3 metri.<\/div>\n<\/details>\n<details style='margin-bottom:10px; padding:10px; background:#f9f9f9; border-radius:5px;'>\n<summary style='font-weight:bold; cursor:pointer;'>Di che materiale \u00e8 fatto?<\/summary>\n<div style='margin-top:10px; color:#555;'>\u00c8 realizzato con fibre rinforzate ad alta resistenza.<\/div>\n<\/details>\n<details style='margin-bottom:10px; padding:10px; background:#f9f9f9; border-radius:5px;'>\n<summary style='font-weight:bold; cursor:pointer;'>Ha guide e maniglia?<\/summary>\n<div style='margin-top:10px; color:#555;'>S\u00ec, \u00e8 dotato di guide e ha un&#8217;impugnatura ergonomica di alta qualit\u00e0.<\/div>\n<\/details>\n<\/div>\n","protected":false},"excerpt":{"rendered":"<p>Canna telescopica per pesca a lancio di 6m, realizzata in fibre rinforzate con anelli e impugnatura ergonomica. \u00c8 composta da 6 sezioni e si chiude a 1,3m per un facile trasporto.<\/p>\n","protected":false},"featured_media":5390803,"comment_status":"open","ping_status":"open","template":"","meta":[],"product_brand":[],"product_cat":[196483,197738,196730,257985,196342],"product_tag":[140289,207630,119304],"class_list":{"0":"post-5391300","1":"product","2":"type-product","3":"status-publish","4":"has-post-thumbnail","6":"product_cat-canne-da-pesca","7":"product_cat-canne-da-pesca-per-apico","8":"product_cat-canne-da-pesca-telescopiche","9":"product_cat-canne-di-lunghezza-6m","10":"product_cat-tipi-di-pesca","11":"product_tag-1-3m","12":"product_tag-207630","13":"product_tag-6m","15":"first","16":"onbackorder","17":"purchasable","18":"product-type-simple"},"jetpack_sharing_enabled":true,"_links":{"self":[{"href":"https:\/\/gadgettravellers.eu\/it\/wp-json\/wp\/v2\/product\/5391300","targetHints":{"allow":["GET"]}}],"collection":[{"href":"https:\/\/gadgettravellers.eu\/it\/wp-json\/wp\/v2\/product"}],"about":[{"href":"https:\/\/gadgettravellers.eu\/it\/wp-json\/wp\/v2\/types\/product"}],"replies":[{"embeddable":true,"href":"https:\/\/gadgettravellers.eu\/it\/wp-json\/wp\/v2\/comments?post=5391300"}],"wp:featuredmedia":[{"embeddable":true,"href":"https:\/\/gadgettravellers.eu\/it\/wp-json\/wp\/v2\/media\/5390803"}],"wp:attachment":[{"href":"https:\/\/gadgettravellers.eu\/it\/wp-json\/wp\/v2\/media?parent=5391300"}],"wp:term":[{"taxonomy":"product_brand","embeddable":true,"href":"https:\/\/gadgettravellers.eu\/it\/wp-json\/wp\/v2\/product_brand?post=5391300"},{"taxonomy":"product_cat","embeddable":true,"href":"https:\/\/gadgettravellers.eu\/it\/wp-json\/wp\/v2\/product_cat?post=5391300"},{"taxonomy":"product_tag","embeddable":true,"href":"https:\/\/gadgettravellers.eu\/it\/wp-json\/wp\/v2\/product_tag?post=5391300"}],"curies":[{"name":"wp","href":"https:\/\/api.w.org\/{rel}","templated":true}]}}