{"id":5391301,"date":"2026-04-20T22:22:26","date_gmt":"2026-04-20T20:22:26","guid":{"rendered":""},"modified":"2026-04-20T22:22:26","modified_gmt":"2026-04-20T20:22:26","slug":"canna-da-pesca-per-apico-telescopica-7m-830986","status":"publish","type":"product","link":"https:\/\/gadgettravellers.eu\/it\/shop\/canna-da-pesca-per-apico-telescopica-7m-830986\/","title":{"rendered":"Canna da pesca per apico &#8211; Telescopica &#8211; 7m &#8211; 830986"},"content":{"rendered":"<p>Canna da pesca per apico, telescopica, realizzata con fibre rinforzate ad alta resistenza, equipaggiata con anelli guida e impugnatura ergonomica di alta qualit\u00e0. <br \/>Lunghezza: 7m.<br \/>7 sezioni<br \/>Lunghezza chiusa: 1,3m<\/p>\n<div class='aiseo-faq-section' style='margin-top:30px; border-top:1px solid #eee; padding-top:20px;'>\n<h3>Domande Frequenti<\/h3>\n<details style='margin-bottom:10px; padding:10px; background:#f9f9f9; border-radius:5px;'>\n<summary style='font-weight:bold; cursor:pointer;'>Qual \u00e8 la lunghezza totale della canna?<\/summary>\n<div style='margin-top:10px; color:#555;'>La lunghezza totale \u00e8 di 7m.<\/div>\n<\/details>\n<details style='margin-bottom:10px; padding:10px; background:#f9f9f9; border-radius:5px;'>\n<summary style='font-weight:bold; cursor:pointer;'>Quante sezioni ha la canna da pesca?<\/summary>\n<div style='margin-top:10px; color:#555;'>\u00c8 composto da 7 sezioni.<\/div>\n<\/details>\n<details style='margin-bottom:10px; padding:10px; background:#f9f9f9; border-radius:5px;'>\n<summary style='font-weight:bold; cursor:pointer;'>Qual \u00e8 la lunghezza quando la canna \u00e8 chiusa?<\/summary>\n<div style='margin-top:10px; color:#555;'>La lunghezza chiusa \u00e8 1,3 m.<\/div>\n<\/details>\n<details style='margin-bottom:10px; padding:10px; background:#f9f9f9; border-radius:5px;'>\n<summary style='font-weight:bold; cursor:pointer;'>Di che materiale \u00e8 fatto il fusto?<\/summary>\n<div style='margin-top:10px; color:#555;'>Realizzato con fibre rinforzate ad alta resistenza.<\/div>\n<\/details>\n<details style='margin-bottom:10px; padding:10px; background:#f9f9f9; border-radius:5px;'>\n<summary style='font-weight:bold; cursor:pointer;'>Ha guide e una maniglia ergonomica?<\/summary>\n<div style='margin-top:10px; color:#555;'>S\u00ec, \u00e8 dotato di guide e dispone di un&#8217;impugnatura ergonomica di alta qualit\u00e0.<\/div>\n<\/details>\n<\/div>\n","protected":false},"excerpt":{"rendered":"<p>Canna da pesca telescopica apico lunga 7m (7 sezioni), realizzata in fibre rinforzate con anelli rinforzati e manico ergonomico. Lunghezza chiusa: 1,3m.<\/p>\n","protected":false},"featured_media":5390803,"comment_status":"open","ping_status":"open","template":"","meta":[],"product_brand":[],"product_cat":[196483,197743,196730,259243,196342],"product_tag":[140289,208714,132648],"class_list":{"0":"post-5391301","1":"product","2":"type-product","3":"status-publish","4":"has-post-thumbnail","6":"product_cat-canne-da-pesca","7":"product_cat-canne-da-pesca-apico","8":"product_cat-canne-da-pesca-telescopiche","9":"product_cat-canne-di-lunghezza-7m","10":"product_cat-tipi-di-pesca","11":"product_tag-1-3m","12":"product_tag-208714","13":"product_tag-7m","15":"first","16":"onbackorder","17":"purchasable","18":"product-type-simple"},"jetpack_sharing_enabled":true,"_links":{"self":[{"href":"https:\/\/gadgettravellers.eu\/it\/wp-json\/wp\/v2\/product\/5391301","targetHints":{"allow":["GET"]}}],"collection":[{"href":"https:\/\/gadgettravellers.eu\/it\/wp-json\/wp\/v2\/product"}],"about":[{"href":"https:\/\/gadgettravellers.eu\/it\/wp-json\/wp\/v2\/types\/product"}],"replies":[{"embeddable":true,"href":"https:\/\/gadgettravellers.eu\/it\/wp-json\/wp\/v2\/comments?post=5391301"}],"wp:featuredmedia":[{"embeddable":true,"href":"https:\/\/gadgettravellers.eu\/it\/wp-json\/wp\/v2\/media\/5390803"}],"wp:attachment":[{"href":"https:\/\/gadgettravellers.eu\/it\/wp-json\/wp\/v2\/media?parent=5391301"}],"wp:term":[{"taxonomy":"product_brand","embeddable":true,"href":"https:\/\/gadgettravellers.eu\/it\/wp-json\/wp\/v2\/product_brand?post=5391301"},{"taxonomy":"product_cat","embeddable":true,"href":"https:\/\/gadgettravellers.eu\/it\/wp-json\/wp\/v2\/product_cat?post=5391301"},{"taxonomy":"product_tag","embeddable":true,"href":"https:\/\/gadgettravellers.eu\/it\/wp-json\/wp\/v2\/product_tag?post=5391301"}],"curies":[{"name":"wp","href":"https:\/\/api.w.org\/{rel}","templated":true}]}}