{"id":5391303,"date":"2026-04-20T22:22:27","date_gmt":"2026-04-20T20:22:27","guid":{"rendered":""},"modified":"2026-04-21T21:11:28","modified_gmt":"2026-04-21T19:11:28","slug":"canna-da-pesca-telescopica-3m-830981","status":"publish","type":"product","link":"https:\/\/gadgettravellers.eu\/it\/shop\/canna-da-pesca-telescopica-3m-830981\/","title":{"rendered":"Canna da pesca &#8211; Telescopica &#8211; 3m &#8211; 830981"},"content":{"rendered":"<p>Canna da pesca per Casting, telescopica, <br \/>realizzata con fibre rinforzate ad alta resistenza, armata con anelli guida e manico ergonomico di alta qualit\u00e0. <br \/>Lunghezza: 3.0m.<br \/>CW: 60-120g<\/p>\n<div class='aiseo-faq-section' style='margin-top:30px; border-top:1px solid #eee; padding-top:20px;'>\n<h3>Domande Frequenti<\/h3>\n<details style='margin-bottom:10px; padding:10px; background:#f9f9f9; border-radius:5px;'>\n<summary style='font-weight:bold; cursor:pointer;'>Qual \u00e8 la lunghezza della canna?<\/summary>\n<div style='margin-top:10px; color:#555;'>La lunghezza \u00e8 di 3,0 metri.<\/div>\n<\/details>\n<details style='margin-bottom:10px; padding:10px; background:#f9f9f9; border-radius:5px;'>\n<summary style='font-weight:bold; cursor:pointer;'>Qual \u00e8 il peso di lancio (casting weight) della canna da pesca?<\/summary>\n<div style='margin-top:10px; color:#555;'>CW 60\u2013120g, adatto per esche pesanti e lanci pi\u00f9 lunghi.<\/div>\n<\/details>\n<details style='margin-bottom:10px; padding:10px; background:#f9f9f9; border-radius:5px;'>\n<summary style='font-weight:bold; cursor:pointer;'>Di che materiale \u00e8 fatto?<\/summary>\n<div style='margin-top:10px; color:#555;'>Realizzato con fibre rinforzate ad alta resistenza.<\/div>\n<\/details>\n<details style='margin-bottom:10px; padding:10px; background:#f9f9f9; border-radius:5px;'>\n<summary style='font-weight:bold; cursor:pointer;'>Ha guide e che tipo di maniglia ha?<\/summary>\n<div style='margin-top:10px; color:#555;'>S\u00ec, \u00e8 dotato di guide e dispone di un&#8217;impugnatura ergonomica di alta qualit\u00e0.<\/div>\n<\/details>\n<\/div>\n","protected":false},"excerpt":{"rendered":"<p>Canna da casting telescopica di lunghezza 3,0 m, realizzata in fibre rinforzate, con impugnatura ergonomica e anelli guida. CW 60\u2013120g per lanci con esche pesanti.<\/p>\n","protected":false},"featured_media":5390807,"comment_status":"open","ping_status":"open","template":"","meta":[],"product_brand":[],"product_cat":[196482,196483,196730,259245,196342],"product_tag":[179234,134775,259137],"class_list":{"0":"post-5391303","1":"product","2":"type-product","3":"status-publish","4":"has-post-thumbnail","6":"product_cat-canne-da-casting","7":"product_cat-canne-da-pesca","8":"product_cat-canne-da-pesca-telescopiche","9":"product_cat-canne-per-esche-pesanti","10":"product_cat-tipi-di-pesca","11":"product_tag-3m","12":"product_tag-casting","13":"product_tag-cw-60-120g","15":"first","16":"onbackorder","17":"purchasable","18":"product-type-simple"},"jetpack_sharing_enabled":true,"_links":{"self":[{"href":"https:\/\/gadgettravellers.eu\/it\/wp-json\/wp\/v2\/product\/5391303","targetHints":{"allow":["GET"]}}],"collection":[{"href":"https:\/\/gadgettravellers.eu\/it\/wp-json\/wp\/v2\/product"}],"about":[{"href":"https:\/\/gadgettravellers.eu\/it\/wp-json\/wp\/v2\/types\/product"}],"replies":[{"embeddable":true,"href":"https:\/\/gadgettravellers.eu\/it\/wp-json\/wp\/v2\/comments?post=5391303"}],"wp:featuredmedia":[{"embeddable":true,"href":"https:\/\/gadgettravellers.eu\/it\/wp-json\/wp\/v2\/media\/5390807"}],"wp:attachment":[{"href":"https:\/\/gadgettravellers.eu\/it\/wp-json\/wp\/v2\/media?parent=5391303"}],"wp:term":[{"taxonomy":"product_brand","embeddable":true,"href":"https:\/\/gadgettravellers.eu\/it\/wp-json\/wp\/v2\/product_brand?post=5391303"},{"taxonomy":"product_cat","embeddable":true,"href":"https:\/\/gadgettravellers.eu\/it\/wp-json\/wp\/v2\/product_cat?post=5391303"},{"taxonomy":"product_tag","embeddable":true,"href":"https:\/\/gadgettravellers.eu\/it\/wp-json\/wp\/v2\/product_tag?post=5391303"}],"curies":[{"name":"wp","href":"https:\/\/api.w.org\/{rel}","templated":true}]}}